{"id":81,"date":"2017-12-20T23:23:01","date_gmt":"2017-12-20T22:23:01","guid":{"rendered":"https:\/\/www.anwaelte-schneider-stein.de\/?page_id=81"},"modified":"2024-11-06T15:17:15","modified_gmt":"2024-11-06T14:17:15","slug":"uitvoering-van-een-testament","status":"publish","type":"page","link":"https:\/\/www.anwaelte-schneider-stein.de\/nl\/testamentsvollstreckung\/","title":{"rendered":"Uitvoering van testamenten"},"content":{"rendered":"<section class=\"l-section wpb_row height_auto\"><div class=\"l-section-h i-cf\"><div class=\"g-cols vc_row via_grid cols_1 laptops-cols_inherit tablets-cols_inherit mobiles-cols_1 valign_top type_default stacking_default\"><div class=\"wpb_column vc_column_container\"><div class=\"vc_column-inner\">\n\t<div class=\"wpb_raw_code wpb_raw_html wpb_content_element us_custom_909b2fd0\" >\n\t\t<div class=\"wpb_wrapper\">\n\t\t\t\n\t\t\t<!-- START Testamentsvollstreckung REVOLUTION SLIDER 6.7.41 --><p class=\"rs-p-wp-fix\"><\/p>\n\t\t\t<rs-module-wrap id=\"rev_slider_16_1_wrapper\" data-source=\"gallery\" style=\"visibility:hidden;background:transparent;padding:0;margin:0px auto;margin-top:0;margin-bottom:0;\">\n\t\t\t\t<rs-module id=\"rev_slider_16_1\" style=\"\" data-version=\"6.7.41\">\n\t\t\t\t\t<rs-slides style=\"overflow: hidden; position: absolute;\">\n\t\t\t\t\t\t<rs-slide style=\"position: absolute;\" data-key=\"rs-18\" data-title=\"Slide\" data-anim=\"adpr:false;\" data-in=\"o:0;\" data-out=\"a:false;\">\n\t\t\t\t\t\t\t<img fetchpriority=\"high\" decoding=\"async\" src=\"\/\/www.anwaelte-schneider-stein.de\/wp-content\/plugins\/revslider\/sr6\/assets\/assets\/dummy.png\" alt=\"Testamentsvollstreckung\" title=\"Testamentsvollstreckung\" width=\"1240\" height=\"827\" class=\"rev-slidebg tp-rs-img rs-lazyload\" data-lazyload=\"\/\/www.anwaelte-schneider-stein.de\/wp-content\/uploads\/Testamentsvollstreckung_9209-1-min.jpg\" data-bg=\"p:0% 35%;\" data-parallax=\"off\" data-no-retina>\n<!--\n\t\t\t\t\t\t\t--><span\n\t\t\t\t\t\t\t\tid=\"slider-16-slide-18-layer-1\" \n\t\t\t\t\t\t\t\tclass=\"rs-layer tp-shape tp-shapewrapper\"\n\t\t\t\t\t\t\t\tdata-type=\"shape\"\n\t\t\t\t\t\t\t\tdata-rsp_ch=\"on\"\n\t\t\t\t\t\t\t\tdata-xy=\"x:c;y:b;\"\n\t\t\t\t\t\t\t\tdata-text=\"fw:100;a:inherit;\"\n\t\t\t\t\t\t\t\tdata-dim=\"w:100%;h:10px;\"\n\t\t\t\t\t\t\t\tdata-frame_999=\"o:0;st:w;sR:8700;\"\n\t\t\t\t\t\t\t\tstyle=\"z-index:8;background-color:#573301;\"\n\t\t\t\t\t\t\t> \n\t\t\t\t\t\t\t<\/span><!--\n-->\t\t\t\t\t<\/rs-slide>\n\t\t\t\t\t<\/rs-slides>\n\t\t\t\t<\/rs-module>\n\t\t\t\t<script>\n\t\t\t\t\tsetREVStartSize({c: 'rev_slider_16_1',rl:[1240,1024,778,480],el:[600],gw:[1240],gh:[600],type:'hero',justify:'',layout:'fullwidth',mh:\"0\"});if (window.RS_MODULES!==undefined && window.RS_MODULES.modules!==undefined && window.RS_MODULES.modules[\"revslider161\"]!==undefined) {window.RS_MODULES.modules[\"revslider161\"].once = false;window.revapi16 = undefined;if (window.RS_MODULES.checkMinimal!==undefined) window.RS_MODULES.checkMinimal()}\n\t\t\t\t<\/script>\n\t\t\t<\/rs-module-wrap>\n\t\t\t<!-- END REVOLUTION SLIDER -->\n\n\t\t<\/div>\n\t<\/div>\n<\/div><\/div><\/div><\/div><\/section><section class=\"l-section wpb_row height_small\"><div class=\"l-section-h i-cf\"><div class=\"g-cols vc_row via_grid cols_1 laptops-cols_inherit tablets-cols_inherit mobiles-cols_1 valign_top type_default stacking_default\"><div class=\"wpb_column vc_column_container\"><div class=\"vc_column-inner\"><div class=\"wpb_text_column\"><div class=\"wpb_wrapper\"><h1>Testamentsvollstreckung in Hamburg<\/h1>\n<p>Im Bereich der Testamentsvollstreckung verf\u00fcgen wir \u00fcber besondere Qualifikationen, sowohl <a href=\"\/rechtsanwaelte\/fachanwalt-fuer-erbrecht-fachanwalt-fuer-familienrecht-joern-vinnen\/\">Rechtsanwalt Vinnen (Fachanwalt f\u00fcr Erbrecht)<\/a> als auch der in diesem Bereich mit uns t\u00e4tige Steuerberater Ralf Oberl\u00e4nder sind zertifizierte Testamentsvollstrecker (AGT). Durch eine Testamentsvollstreckung gew\u00e4hrleisten sie die Umsetzung Ihres letzten Willens mitunter f\u00fcr viele Jahre.<br \/>\nDer Schutz k\u00fcnftiger Generationen und des gebildeten (Firmen-) Verm\u00f6gens oder aber die Begleitung der (minderj\u00e4hrigen) Erben durch externe Kompetenz sind nur einige Beispiele f\u00fcr die zahlreichen Konstellationen, die eine Einsetzung eines integren und kompetenten Testamentsvollstreckers erfordern k\u00f6nnen.<\/p>\n<p>Neben der Durchf\u00fchrung von Testamentsvollstreckungen beraten unsere Testamentsvollstrecker dar\u00fcber, wie das Amt richtig und effektiv auszu\u00fcben ist.<\/p>\n<p>Seit dem Jahre 2011 haben wir unsere Testamentsvollstreckungsaktivit\u00e4ten in der <strong>Schneider Stein &amp; Partner Testamentsvollstreckungsgesellschaft<\/strong> geb\u00fcndelt, besuchen Sie uns dort unter <a href=\"http:\/\/www.testamentsmanagement.de\/\" target=\"_blank\" rel=\"noopener noreferrer\">www.testamentsmanagement.de<\/a>.<\/p>\n<\/div><\/div><\/div><\/div><\/div><\/div><\/section>\n","protected":false},"excerpt":{"rendered":"Het uitvoeren van testamenten in Hamburg Wij hebben speciale kwalificaties op het gebied van het uitvoeren van testamenten. Zowel de heer Vinnen, een advocaat die gespecialiseerd is in erfrecht, als Ralf Oberl\u00e4nder, een belastingadviseur die op dit gebied met ons samenwerkt, zijn gecertificeerde executeurs (AGT). Door uw testament uit te voeren, zorgen zij ervoor dat uw laatste wensen worden uitgevoerd, soms jarenlang. De bescherming van toekomstige generaties en de erfenis...","protected":false},"author":1,"featured_media":0,"parent":0,"menu_order":0,"comment_status":"closed","ping_status":"closed","template":"","meta":{"footnotes":""},"class_list":["post-81","page","type-page","status-publish","hentry"],"_links":{"self":[{"href":"https:\/\/www.anwaelte-schneider-stein.de\/nl\/wp-json\/wp\/v2\/pages\/81","targetHints":{"allow":["GET"]}}],"collection":[{"href":"https:\/\/www.anwaelte-schneider-stein.de\/nl\/wp-json\/wp\/v2\/pages"}],"about":[{"href":"https:\/\/www.anwaelte-schneider-stein.de\/nl\/wp-json\/wp\/v2\/types\/page"}],"author":[{"embeddable":true,"href":"https:\/\/www.anwaelte-schneider-stein.de\/nl\/wp-json\/wp\/v2\/users\/1"}],"replies":[{"embeddable":true,"href":"https:\/\/www.anwaelte-schneider-stein.de\/nl\/wp-json\/wp\/v2\/comments?post=81"}],"version-history":[{"count":0,"href":"https:\/\/www.anwaelte-schneider-stein.de\/nl\/wp-json\/wp\/v2\/pages\/81\/revisions"}],"wp:attachment":[{"href":"https:\/\/www.anwaelte-schneider-stein.de\/nl\/wp-json\/wp\/v2\/media?parent=81"}],"curies":[{"name":"wp","href":"https:\/\/api.w.org\/{rel}","templated":true}]}}