{"id":79,"date":"2017-01-30T00:00:45","date_gmt":"2017-01-29T23:00:45","guid":{"rendered":"https:\/\/www.anwaelte-schneider-stein.de\/?page_id=79"},"modified":"2024-11-06T15:01:55","modified_gmt":"2024-11-06T14:01:55","slug":"bemiddeling-familierecht-erfrecht","status":"publish","type":"page","link":"https:\/\/www.anwaelte-schneider-stein.de\/nl\/mediation-familienrecht-erbrecht\/","title":{"rendered":"Bemiddeling"},"content":{"rendered":"<section class=\"l-section wpb_row height_auto\"><div class=\"l-section-h i-cf\"><div class=\"g-cols vc_row via_grid cols_1 laptops-cols_inherit tablets-cols_inherit mobiles-cols_1 valign_top type_default stacking_default\"><div class=\"wpb_column vc_column_container\"><div class=\"vc_column-inner\">\n\t\t\t<!-- START Mediation REVOLUTION SLIDER 6.7.41 --><p class=\"rs-p-wp-fix\"><\/p>\n\t\t\t<rs-module-wrap id=\"rev_slider_2_1_wrapper\" data-source=\"gallery\" style=\"visibility:hidden;background:transparent;padding:0;margin:0px auto;margin-top:0;margin-bottom:0;\">\n\t\t\t\t<rs-module id=\"rev_slider_2_1\" style=\"\" data-version=\"6.7.41\">\n\t\t\t\t\t<rs-slides style=\"overflow: hidden; position: absolute;\">\n\t\t\t\t\t\t<rs-slide style=\"position: absolute;\" data-key=\"rs-2\" data-title=\"Slide\" data-anim=\"adpr:false;\" data-in=\"o:0;\" data-out=\"a:false;\">\n\t\t\t\t\t\t\t<img fetchpriority=\"high\" decoding=\"async\" src=\"\/\/www.anwaelte-schneider-stein.de\/wp-content\/plugins\/revslider\/sr6\/assets\/assets\/dummy.png\" alt=\"Mediation\" title=\"Mediation\" width=\"1240\" height=\"827\" class=\"rev-slidebg tp-rs-img rs-lazyload\" data-lazyload=\"\/\/www.anwaelte-schneider-stein.de\/wp-content\/uploads\/Mediation_9277-1-min.jpg\" data-bg=\"p:0% 15%;\" data-parallax=\"off\" data-no-retina>\n<!--\n\t\t\t\t\t\t\t--><rs-layer\n\t\t\t\t\t\t\t\tid=\"slider-2-slide-2-layer-1\" \n\t\t\t\t\t\t\t\tclass=\"tp-shape tp-shapewrapper\"\n\t\t\t\t\t\t\t\tdata-type=\"shape\"\n\t\t\t\t\t\t\t\tdata-rsp_ch=\"on\"\n\t\t\t\t\t\t\t\tdata-xy=\"x:c;y:b;\"\n\t\t\t\t\t\t\t\tdata-text=\"fw:100;a:inherit;\"\n\t\t\t\t\t\t\t\tdata-dim=\"w:100%;h:10px;\"\n\t\t\t\t\t\t\t\tdata-frame_999=\"o:0;st:w;sR:8700;\"\n\t\t\t\t\t\t\t\tstyle=\"z-index:5;background-color:#77a22f;\"\n\t\t\t\t\t\t\t> \n\t\t\t\t\t\t\t<\/rs-layer><!--\n-->\t\t\t\t\t<\/rs-slide>\n\t\t\t\t\t<\/rs-slides>\n\t\t\t\t<\/rs-module>\n\t\t\t\t<script>\n\t\t\t\t\tsetREVStartSize({c: 'rev_slider_2_1',rl:[1240,1024,778,480],el:[600,495,375,230],gw:[1240,1024,778,480],gh:[600,495,375,230],type:'hero',justify:'',layout:'fullwidth',mh:\"0\"});if (window.RS_MODULES!==undefined && window.RS_MODULES.modules!==undefined && window.RS_MODULES.modules[\"revslider21\"]!==undefined) {window.RS_MODULES.modules[\"revslider21\"].once = false;window.revapi2 = undefined;if (window.RS_MODULES.checkMinimal!==undefined) window.RS_MODULES.checkMinimal()}\n\t\t\t\t<\/script>\n\t\t\t<\/rs-module-wrap>\n\t\t\t<!-- END REVOLUTION SLIDER -->\n<\/div><\/div><\/div><\/div><\/section><section class=\"l-section wpb_row height_small\"><div class=\"l-section-h i-cf\"><div class=\"g-cols vc_row via_grid cols_1 laptops-cols_inherit tablets-cols_inherit mobiles-cols_1 valign_top type_default stacking_default\"><div class=\"wpb_column vc_column_container\"><div class=\"vc_column-inner\"><div class=\"wpb_text_column\"><div class=\"wpb_wrapper\"><h1>Mediation f\u00fcr Familienrecht und Erbrecht in Hamburg<\/h1>\n<p>Mediation ist ein <strong>au\u00dfergerichtliches Vermittlungsverfahren<\/strong> zur einvernehmlichen Regelung von Konflikten. Wir bieten Mediation in den Bereichen Familienrecht und Erbrecht an.<br \/>\nDabei unterst\u00fctzt ein neutraler Dritter, der Mediator, die Konfliktparteien darin, im Rahmen eines strukturierten Verfahrens eine eigenst\u00e4ndige L\u00f6sung ihrer Streitigkeiten zu erarbeiten.<\/p>\n<p>Ziel der <strong>Mediation<\/strong> ist der Abschluss einer rechtsverbindlichen Vereinbarung.<\/p>\n<p>Erfahrungsgem\u00e4\u00df haben Vereinbarungen, die von den Konfliktparteien selbst erarbeitet wurden, l\u00e4nger Bestand, weil sie im Gegensatz zu gerichtlichen Entscheidungen keine Gewinner oder Verlierer zur\u00fccklassen. Insbesondere im Bereich <strong>Familienrecht<\/strong>, so z.B. bei <strong>Trennung<\/strong> und <strong>Scheidung<\/strong> von der auch Kinder betroffen sind, ist es sinnvoll, alles daf\u00fcr zu tun, den <strong>Kindern<\/strong> auch weiterhin Beziehungen zu beiden Elternteilen zu erm\u00f6glichen. Dies gelingt besser, wenn Trennungsfolgen auch in einer Zeit schwerster Konflikte und Streitigkeiten fair, mit gegenseitigem Respekt und unter Wahrung der Selbstachtung gel\u00f6st werden.<\/p>\n<p>Auch im Bereich <strong>Erbrecht<\/strong> stellt Mediation einen sinnvollen L\u00f6sungsweg dar, der einen gerade in diesem Rechtsgebiet nicht ungew\u00f6hnlichen langwierigen Rechtsstreit vermeiden kann.<\/p>\n<p>In unserem B\u00fcro befindet sich auch die \u00f6rtliche Gesch\u00e4ftsstelle der <a href=\"http:\/\/www.dse-erbrecht.de\/\" target=\"_blank\" rel=\"noopener noreferrer\">Deutschen Schiedsgerichtsbarkeit f\u00fcr Erbstreitigkeiten e.V.<\/a><\/p>\n<p>Das <a href=\"\/mediation-familienrecht-erbrecht\/mediationsverfahren\/\">Mediationsverfahren<\/a>\u00a0erstreckt sich in der Regel \u00fcber 5 bis 10 Sitzungen mit ein- bis zweist\u00fcndiger Dauer. In bestimmten Konstellationen oder auch in eng umgrenzten Konflikten (z.B. nur zu einem Teilbereich der Auseinandersetzung) kann auch nur ein \u2013daf\u00fcr aber l\u00e4ngerer- Termin sinnvoll sein.<\/p>\n<p>Das Honorar f\u00fcr die Mediation wird individuell vereinbart und richtet sich in der Regel nach dem Zeitaufwand.<\/p>\n<\/div><\/div><\/div><\/div><\/div><\/div><\/section><!-- Row Backgrounds --><div class=\"upb_color\" data-bg-override=\"0\" data-bg-color=\"#ffffff\" data-fadeout=\"\" data-fadeout-percentage=\"30\" data-parallax-content=\"\" data-parallax-content-sense=\"30\" data-row-effect-mobile-disable=\"true\" data-img-parallax-mobile-disable=\"true\" data-rtl=\"false\"  data-custom-vc-row=\"\"  data-vc=\"8.7.2\"  data-is_old_vc=\"\"  data-theme-support=\"\"   data-overlay=\"false\" data-overlay-color=\"\" data-overlay-pattern=\"\" data-overlay-pattern-opacity=\"\" data-overlay-pattern-size=\"\"    ><\/div>\n","protected":false},"excerpt":{"rendered":"Mediation voor familierecht en erfrecht in Hamburg Mediation is een buitengerechtelijke bemiddelingsprocedure voor de minnelijke schikking van conflicten. Wij bieden mediation aan op het gebied van familierecht en erfrecht. Een neutrale derde partij, de mediator, ondersteunt de conflictpartijen bij het uitwerken van een onafhankelijke oplossing voor hun geschillen binnen het kader van een gestructureerde procedure. Het doel van mediation is om tot een...","protected":false},"author":1,"featured_media":0,"parent":0,"menu_order":0,"comment_status":"closed","ping_status":"closed","template":"","meta":{"footnotes":""},"class_list":["post-79","page","type-page","status-publish","hentry"],"_links":{"self":[{"href":"https:\/\/www.anwaelte-schneider-stein.de\/nl\/wp-json\/wp\/v2\/pages\/79","targetHints":{"allow":["GET"]}}],"collection":[{"href":"https:\/\/www.anwaelte-schneider-stein.de\/nl\/wp-json\/wp\/v2\/pages"}],"about":[{"href":"https:\/\/www.anwaelte-schneider-stein.de\/nl\/wp-json\/wp\/v2\/types\/page"}],"author":[{"embeddable":true,"href":"https:\/\/www.anwaelte-schneider-stein.de\/nl\/wp-json\/wp\/v2\/users\/1"}],"replies":[{"embeddable":true,"href":"https:\/\/www.anwaelte-schneider-stein.de\/nl\/wp-json\/wp\/v2\/comments?post=79"}],"version-history":[{"count":0,"href":"https:\/\/www.anwaelte-schneider-stein.de\/nl\/wp-json\/wp\/v2\/pages\/79\/revisions"}],"wp:attachment":[{"href":"https:\/\/www.anwaelte-schneider-stein.de\/nl\/wp-json\/wp\/v2\/media?parent=79"}],"curies":[{"name":"wp","href":"https:\/\/api.w.org\/{rel}","templated":true}]}}