{"id":70,"date":"2017-12-20T16:22:42","date_gmt":"2017-12-20T15:22:42","guid":{"rendered":"https:\/\/www.anwaelte-schneider-stein.de\/?page_id=70"},"modified":"2023-12-18T13:02:45","modified_gmt":"2023-12-18T12:02:45","slug":"erfelijk-recht","status":"publish","type":"page","link":"https:\/\/www.anwaelte-schneider-stein.de\/nl\/erbrecht\/","title":{"rendered":"Erfrecht"},"content":{"rendered":"<section class=\"l-section wpb_row height_auto\"><div class=\"l-section-h i-cf\"><div class=\"g-cols vc_row via_grid cols_1 laptops-cols_inherit tablets-cols_inherit mobiles-cols_1 valign_top type_default stacking_default\"><div class=\"wpb_column vc_column_container\"><div class=\"vc_column-inner\">\n\t<div class=\"wpb_raw_code wpb_raw_html wpb_content_element us_custom_909b2fd0\" >\n\t\t<div class=\"wpb_wrapper\">\n\t\t\t\n\t\t\t<!-- START Erbrecht REVOLUTION SLIDER 6.7.41 --><p class=\"rs-p-wp-fix\"><\/p>\n\t\t\t<rs-module-wrap id=\"rev_slider_6_1_wrapper\" data-source=\"gallery\" style=\"visibility:hidden;background:transparent;padding:0;margin:0px auto;margin-top:0;margin-bottom:0;\">\n\t\t\t\t<rs-module id=\"rev_slider_6_1\" style=\"\" data-version=\"6.7.41\">\n\t\t\t\t\t<rs-slides style=\"overflow: hidden; position: absolute;\">\n\t\t\t\t\t\t<rs-slide style=\"position: absolute;\" data-key=\"rs-8\" data-title=\"Slide\" data-anim=\"adpr:false;\" data-in=\"o:0;\" data-out=\"a:false;\">\n\t\t\t\t\t\t\t<img fetchpriority=\"high\" decoding=\"async\" src=\"\/\/www.anwaelte-schneider-stein.de\/wp-content\/plugins\/revslider\/sr6\/assets\/assets\/dummy.png\" alt=\"Anwalt f\u00fcr Erbrecht\" title=\"Anwalt fuer Erbrecht\" width=\"1240\" height=\"827\" class=\"rev-slidebg tp-rs-img rs-lazyload\" data-lazyload=\"\/\/www.anwaelte-schneider-stein.de\/wp-content\/uploads\/Anwalt_fuer_Erbrecht_9119-1-min.jpg\" data-bg=\"p:center top;\" data-parallax=\"off\" data-no-retina>\n<!--\n\t\t\t\t\t\t\t--><rs-layer\n\t\t\t\t\t\t\t\tid=\"slider-6-slide-8-layer-1\" \n\t\t\t\t\t\t\t\tclass=\"tp-shape tp-shapewrapper\"\n\t\t\t\t\t\t\t\tdata-type=\"shape\"\n\t\t\t\t\t\t\t\tdata-rsp_ch=\"on\"\n\t\t\t\t\t\t\t\tdata-xy=\"x:c;y:b;\"\n\t\t\t\t\t\t\t\tdata-text=\"fw:100;a:inherit;\"\n\t\t\t\t\t\t\t\tdata-dim=\"w:100%;h:10px;\"\n\t\t\t\t\t\t\t\tdata-frame_999=\"o:0;st:w;sR:8700;\"\n\t\t\t\t\t\t\t\tstyle=\"z-index:5;background-color:#b19100;\"\n\t\t\t\t\t\t\t> \n\t\t\t\t\t\t\t<\/rs-layer><!--\n-->\t\t\t\t\t<\/rs-slide>\n\t\t\t\t\t<\/rs-slides>\n\t\t\t\t<\/rs-module>\n\t\t\t\t<script>\n\t\t\t\t\tsetREVStartSize({c: 'rev_slider_6_1',rl:[1240,1024,778,480],el:[600],gw:[1240],gh:[600],type:'hero',justify:'',layout:'fullwidth',mh:\"0\"});if (window.RS_MODULES!==undefined && window.RS_MODULES.modules!==undefined && window.RS_MODULES.modules[\"revslider61\"]!==undefined) {window.RS_MODULES.modules[\"revslider61\"].once = false;window.revapi6 = undefined;if (window.RS_MODULES.checkMinimal!==undefined) window.RS_MODULES.checkMinimal()}\n\t\t\t\t<\/script>\n\t\t\t<\/rs-module-wrap>\n\t\t\t<!-- END REVOLUTION SLIDER -->\n\n\t\t<\/div>\n\t<\/div>\n<\/div><\/div><\/div><\/div><\/section><section class=\"l-section wpb_row height_small\"><div class=\"l-section-h i-cf\"><div class=\"g-cols vc_row via_grid cols_1 laptops-cols_inherit tablets-cols_inherit mobiles-cols_1 valign_top type_default stacking_default\"><div class=\"wpb_column vc_column_container\"><div class=\"vc_column-inner\"><div class=\"wpb_text_column\"><div class=\"wpb_wrapper\"><p><strong>Fachanwalt f\u00fcr Erbrecht in Hamburg<\/strong><\/p>\n<p>In unserer Kanzlei sind zwei Fachanw\u00e4lte f\u00fcr Erbrecht t\u00e4tig, mehrere Rechtsanw\u00e4lte haben einen erbrechtlichen T\u00e4tigkeitsschwerpunkt.<\/p>\n<p>Im Erbrecht besch\u00e4ftigen wir uns mit allen anfallenden Fallgestaltungen, insbesondere in den Bereichen Pflichtteilsrecht, Nachlassauseinandersetzung, Erbrecht mit Auslandsbezug, Testamentsanfechtung, Erbscheinerteilung, Testamentserrichtung mit erbschaftssteuerrechtlichen Bez\u00fcgen. N\u00e4here Einzelheiten dazu finden sie nachfolgend:<\/p>\n<ul>\n<li><a href=\"https:\/\/www.anwaelte-schneider-stein.de\/erbrecht\/checkliste-todesfaelle\/\">Checkliste f\u00fcr Todesf\u00e4lle<\/a><\/li>\n<li><a href=\"https:\/\/www.anwaelte-schneider-stein.de\/erbrecht\/pflichtteilsrecht\/\">Pflichtteilsrecht<\/a><\/li>\n<li><a href=\"https:\/\/www.anwaelte-schneider-stein.de\/erbrecht\/erbauseinandersetzung\/\">Nachlassauseinandersetzungen<\/a><\/li>\n<li><a href=\"https:\/\/www.anwaelte-schneider-stein.de\/erbrecht\/internationales-erbrecht\/\">Internationales Erbrecht<\/a><\/li>\n<li><a href=\"https:\/\/www.anwaelte-schneider-stein.de\/erbrecht\/testamentsanfechtung\/\">Testamentsanfechtung<\/a><\/li>\n<li><a href=\"https:\/\/www.anwaelte-schneider-stein.de\/erbrecht\/erbscheinsverfahren\/\">Erbscheinserteilung und Erbenfeststellung<\/a><\/li>\n<li><a href=\"https:\/\/www.anwaelte-schneider-stein.de\/erbrecht\/testamentserrichtung-und-vorsorge\/\">Testamentserrichtung und Vorsorge<\/a><\/li>\n<li><a href=\"https:\/\/www.anwaelte-schneider-stein.de\/erbrecht\/erbrecht-und-steuern\/\">Erbrecht und Steuern<\/a><\/li>\n<\/ul>\n<\/div><\/div><\/div><\/div><\/div><\/div><\/section><section class=\"l-section wpb_row height_small\"><div class=\"l-section-h i-cf\"><div class=\"g-cols vc_row via_grid cols_1 laptops-cols_inherit tablets-cols_inherit mobiles-cols_1 valign_top type_default stacking_default\"><div class=\"wpb_column vc_column_container\"><div class=\"vc_column-inner\"><div class=\"w-message color_blue with_icon\"><div class=\"w-message-icon\"><i class=\"fas fa-gavel\"><\/i><\/div><div class=\"w-message-body\"><p><a href=\"https:\/\/www.anwalt.org\/erbrecht\" target=\"_blank\" rel=\"noopener noreferrer\"><strong>Sie finden uns auch auf &#8222;ANWALT.ORG&#8220; &#8211; Dem Ratgeberportal \u00fcber Recht &amp; Gesetz<\/strong><\/a><\/p>\n<\/div><\/div><\/div><\/div><\/div><\/div><\/section>\n","protected":false},"excerpt":{"rendered":"Gespecialiseerde advocaat voor erfrecht in Hamburg Bij ons advocatenkantoor werken twee gespecialiseerde advocaten voor erfrecht en meerdere advocaten zijn gespecialiseerd in erfrecht. In het erfrecht behandelen we alle soorten zaken die zich voordoen, met name op het gebied van het verplichte portierecht, de verdeling van nalatenschappen, erfrecht met buitenlandse connecties, het betwisten van testamenten, het afgeven van verklaringen van erfrecht en het opstellen van testamenten met gevolgen voor de erfbelasting. Meer informatie hierover vindt u hieronder: Checklist overlijdens Verplicht portierecht Boedelverdeling...","protected":false},"author":1,"featured_media":0,"parent":0,"menu_order":0,"comment_status":"closed","ping_status":"closed","template":"","meta":{"footnotes":""},"class_list":["post-70","page","type-page","status-publish","hentry"],"_links":{"self":[{"href":"https:\/\/www.anwaelte-schneider-stein.de\/nl\/wp-json\/wp\/v2\/pages\/70","targetHints":{"allow":["GET"]}}],"collection":[{"href":"https:\/\/www.anwaelte-schneider-stein.de\/nl\/wp-json\/wp\/v2\/pages"}],"about":[{"href":"https:\/\/www.anwaelte-schneider-stein.de\/nl\/wp-json\/wp\/v2\/types\/page"}],"author":[{"embeddable":true,"href":"https:\/\/www.anwaelte-schneider-stein.de\/nl\/wp-json\/wp\/v2\/users\/1"}],"replies":[{"embeddable":true,"href":"https:\/\/www.anwaelte-schneider-stein.de\/nl\/wp-json\/wp\/v2\/comments?post=70"}],"version-history":[{"count":0,"href":"https:\/\/www.anwaelte-schneider-stein.de\/nl\/wp-json\/wp\/v2\/pages\/70\/revisions"}],"wp:attachment":[{"href":"https:\/\/www.anwaelte-schneider-stein.de\/nl\/wp-json\/wp\/v2\/media?parent=70"}],"curies":[{"name":"wp","href":"https:\/\/api.w.org\/{rel}","templated":true}]}}