{"id":68,"date":"2017-12-20T16:22:02","date_gmt":"2017-12-20T15:22:02","guid":{"rendered":"https:\/\/www.anwaelte-schneider-stein.de\/?page_id=68"},"modified":"2026-02-04T11:28:10","modified_gmt":"2026-02-04T10:28:10","slug":"familierecht-2","status":"publish","type":"page","link":"https:\/\/www.anwaelte-schneider-stein.de\/nl\/familienrecht\/","title":{"rendered":"Familierecht"},"content":{"rendered":"<section class=\"l-section wpb_row height_auto\"><div class=\"l-section-h i-cf\"><div class=\"g-cols vc_row via_grid cols_1 laptops-cols_inherit tablets-cols_inherit mobiles-cols_1 valign_top type_default stacking_default\"><div class=\"wpb_column vc_column_container\"><div class=\"vc_column-inner\"><div class=\"ult-content-box-container \" >\t\t<div class=\"ult-content-box\" style=\"background-image:url(&#039;&#039;);background-size: cover;background-repeat: repeat;background-position: center center;background-color: rgba(0, 0, 0, 0);box-shadow: px px px px none;min-height:0px;-webkit-transition: all 700ms ease;-moz-transition: all 700ms ease;-ms-transition: all 700ms ease;-o-transition: all 700ms ease;transition: all 700ms ease;\"  data-hover_box_shadow=\"none\"    >\n\t\t\t<!-- START Internationales Familienrecht REVOLUTION SLIDER 6.7.41 --><p class=\"rs-p-wp-fix\"><\/p>\n\t\t\t<rs-module-wrap id=\"rev_slider_28_1_wrapper\" data-source=\"gallery\" style=\"visibility:hidden;background:transparent;padding:0;margin:0px auto;margin-top:0;margin-bottom:0;\">\n\t\t\t\t<rs-module id=\"rev_slider_28_1\" style=\"\" data-version=\"6.7.41\">\n\t\t\t\t\t<rs-slides style=\"overflow: hidden; position: absolute;\">\n\t\t\t\t\t\t<rs-slide style=\"position: absolute;\" data-key=\"rs-30\" data-title=\"Slide\" data-anim=\"adpr:false;\" data-in=\"o:0;\" data-out=\"a:false;\">\n\t\t\t\t\t\t\t<img fetchpriority=\"high\" decoding=\"async\" src=\"\/\/www.anwaelte-schneider-stein.de\/wp-content\/plugins\/revslider\/sr6\/assets\/assets\/dummy.png\" alt=\"Internationales Familienrecht\" title=\"Internationales Familienrecht\" width=\"1240\" height=\"827\" class=\"rev-slidebg tp-rs-img rs-lazyload\" data-lazyload=\"\/\/www.anwaelte-schneider-stein.de\/wp-content\/uploads\/Internationales_Familienrecht_9424-1-min.jpg\" data-bg=\"p:0% 15%;\" data-parallax=\"off\" data-no-retina>\n<!--\n\t\t\t\t\t\t\t--><rs-layer\n\t\t\t\t\t\t\t\tid=\"slider-28-slide-30-layer-1\" \n\t\t\t\t\t\t\t\tclass=\"tp-shape tp-shapewrapper\"\n\t\t\t\t\t\t\t\tdata-type=\"shape\"\n\t\t\t\t\t\t\t\tdata-rsp_ch=\"on\"\n\t\t\t\t\t\t\t\tdata-xy=\"x:c;y:b;\"\n\t\t\t\t\t\t\t\tdata-text=\"fw:100;a:inherit;\"\n\t\t\t\t\t\t\t\tdata-dim=\"w:100%;h:10px;\"\n\t\t\t\t\t\t\t\tdata-frame_999=\"o:0;st:w;sR:8700;\"\n\t\t\t\t\t\t\t\tstyle=\"z-index:5;background-color:#ad011b;\"\n\t\t\t\t\t\t\t> \n\t\t\t\t\t\t\t<\/rs-layer><!--\n-->\t\t\t\t\t<\/rs-slide>\n\t\t\t\t\t<\/rs-slides>\n\t\t\t\t<\/rs-module>\n\t\t\t\t<script>\n\t\t\t\t\tsetREVStartSize({c: 'rev_slider_28_1',rl:[1240,1024,778,480],el:[600],gw:[1240],gh:[600],type:'hero',justify:'',layout:'fullwidth',mh:\"0\"});if (window.RS_MODULES!==undefined && window.RS_MODULES.modules!==undefined && window.RS_MODULES.modules[\"revslider281\"]!==undefined) {window.RS_MODULES.modules[\"revslider281\"].once = false;window.revapi28 = undefined;if (window.RS_MODULES.checkMinimal!==undefined) window.RS_MODULES.checkMinimal()}\n\t\t\t\t<\/script>\n\t\t\t<\/rs-module-wrap>\n\t\t\t<!-- END REVOLUTION SLIDER -->\n\t\t<\/div><\/div><\/div><\/div><\/div><\/div><\/section><!-- Row Backgrounds --><section class=\"l-section wpb_row height_small\"><div class=\"l-section-h i-cf\"><div class=\"g-cols vc_row via_grid cols_1 laptops-cols_inherit tablets-cols_inherit mobiles-cols_1 valign_top type_default stacking_default\"><div class=\"wpb_column vc_column_container\"><div class=\"vc_column-inner\"><div class=\"wpb_text_column\"><div class=\"wpb_wrapper\"><h1>Familienrecht in Hamburg und Kiel &#8211; unsere Fachanw\u00e4lte f\u00fcr Familienrecht stehen an Ihrer Seite<\/h1>\n<p>Das Familienrecht mit seinen vielf\u00e4ltigen Fallgestaltungen stellt ein Hauptt\u00e4tigkeitsfeld unserer Kanzlei dar. Die Bereiche Scheidung, Ehevertr\u00e4ge, Partnervertr\u00e4ge, Verm\u00f6gensauseinandersetzung, Unterhalt, Versorgungsausgleich, Sorgerecht, Umgangsrecht, Adoption, Kindschaftsverfahren und das Internationale Privatrecht stellen wir nachfolgend eingehender vor. Allerdings ist diese Aufz\u00e4hlung nicht vollst\u00e4ndig, denn wir sind auch in anderen familienrechtlichen Fallgestaltungen in unseren Kanzleien in Hamburg und Kiel f\u00fcr Sie t\u00e4tig. Hinter jedem dieser Begriffe stehen komplexe Normen und gerichtliche Entscheidungen. Das Familienrecht ist eine Expertenmaterie, als Fachw\u00e4lte f\u00fcr Familienrecht stehen wir f\u00fcr die profunde Kenntnis des Familienrechts in allen seinen Spielarten ein.<\/p>\n<p>Bitte w\u00e4hlen Sie aus den nachfolgenden Men\u00fcpunkten aus:<\/p>\n<ul>\n<li><a href=\"\/familienrecht\/scheidungsanwalt-hamburg\/\">Scheidung<\/a><\/li>\n<li><a href=\"\/familienrecht\/ehevertrag\/\">Ehevertrag<\/a><\/li>\n<li><a href=\"\/familienrecht\/vermoegensauseinandersetzung\/\">Verm\u00f6gensauseinandersetzung<\/a><\/li>\n<li><a href=\"\/familienrecht\/anwalt-unterhaltsrecht\/\">Unterhalt<\/a><\/li>\n<li><a href=\"\/familienrecht\/versorgungsausgleich\/\">Versorgungsausgleich<\/a><\/li>\n<li><a href=\"\/familienrecht\/anwalt-sorgerecht\/\">Sorgerecht<\/a><\/li>\n<li><a href=\"\/familienrecht\/anwalt-umgangsrecht\/\">Umgangsrecht<\/a><\/li>\n<li><a href=\"\/familienrecht\/adoption\/\">Adoption<\/a><\/li>\n<li><a href=\"\/familienrecht\/kindschaftsverfahren\/\">Kindschaftsverfahren \/\u00a0Vaterschaft<\/a><\/li>\n<li><a href=\"\/familienrecht\/internationales-familienrecht\/\">Familienrecht mit Auslandsbezug<\/a><\/li>\n<\/ul>\n<\/div><\/div><\/div><\/div><\/div><\/div><\/section>\n","protected":false},"excerpt":{"rendered":"Familierecht in Hamburg en Kiel - onze gespecialiseerde advocaten voor familierecht staan aan uw zijde Het familierecht met zijn vele verschillende soorten zaken is een van de belangrijkste werkterreinen van ons advocatenkantoor. De gebieden echtscheiding, huwelijkscontracten, partnerschapsovereenkomsten, vermogensverdeling, alimentatie, pensioenverevening, voogdij, omgangsrecht, adoptie, voogdijprocedures en internationaal privaatrecht worden hieronder nader toegelicht. Deze lijst is echter niet...","protected":false},"author":1,"featured_media":0,"parent":0,"menu_order":0,"comment_status":"closed","ping_status":"closed","template":"","meta":{"footnotes":""},"class_list":["post-68","page","type-page","status-publish","hentry"],"_links":{"self":[{"href":"https:\/\/www.anwaelte-schneider-stein.de\/nl\/wp-json\/wp\/v2\/pages\/68","targetHints":{"allow":["GET"]}}],"collection":[{"href":"https:\/\/www.anwaelte-schneider-stein.de\/nl\/wp-json\/wp\/v2\/pages"}],"about":[{"href":"https:\/\/www.anwaelte-schneider-stein.de\/nl\/wp-json\/wp\/v2\/types\/page"}],"author":[{"embeddable":true,"href":"https:\/\/www.anwaelte-schneider-stein.de\/nl\/wp-json\/wp\/v2\/users\/1"}],"replies":[{"embeddable":true,"href":"https:\/\/www.anwaelte-schneider-stein.de\/nl\/wp-json\/wp\/v2\/comments?post=68"}],"version-history":[{"count":2,"href":"https:\/\/www.anwaelte-schneider-stein.de\/nl\/wp-json\/wp\/v2\/pages\/68\/revisions"}],"predecessor-version":[{"id":5592,"href":"https:\/\/www.anwaelte-schneider-stein.de\/nl\/wp-json\/wp\/v2\/pages\/68\/revisions\/5592"}],"wp:attachment":[{"href":"https:\/\/www.anwaelte-schneider-stein.de\/nl\/wp-json\/wp\/v2\/media?parent=68"}],"curies":[{"name":"wp","href":"https:\/\/api.w.org\/{rel}","templated":true}]}}