{"id":314,"date":"2018-01-30T14:06:25","date_gmt":"2018-01-30T13:06:25","guid":{"rendered":"https:\/\/www.anwaelte-schneider-stein.de\/?page_id=314"},"modified":"2024-11-06T19:36:51","modified_gmt":"2024-11-06T18:36:51","slug":"over-ons","status":"publish","type":"page","link":"https:\/\/www.anwaelte-schneider-stein.de\/nl\/kanzlei\/ueber-uns\/","title":{"rendered":"Over ons"},"content":{"rendered":"<section class=\"l-section wpb_row height_auto full_height valign_center width_full with_img\"><div class=\"l-section-img\" role=\"img\" aria-label=\"Afbeelding\" data-img-width=\"2560\" data-img-height=\"1707\" style=\"background-image: url(https:\/\/www.anwaelte-schneider-stein.de\/wp-content\/uploads\/IMG_9135-scaled.jpg);background-repeat: no-repeat;\"><\/div><div class=\"l-section-h i-cf\"><div class=\"g-cols vc_row via_grid cols_1 laptops-cols_inherit tablets-cols_inherit mobiles-cols_1 valign_top type_default stacking_default\"><div class=\"wpb_column vc_column_container\"><div class=\"vc_column-inner\"><\/div><\/div><\/div><\/div><\/section><section class=\"l-section wpb_row height_small\"><div class=\"l-section-h i-cf\"><div class=\"g-cols vc_row via_grid cols_1 laptops-cols_inherit tablets-cols_inherit mobiles-cols_1 valign_top type_default stacking_default\"><div class=\"wpb_column vc_column_container\"><div class=\"vc_column-inner\"><div class=\"wpb_text_column\"><div class=\"wpb_wrapper\"><h1>Over ons<\/h1>\n<p>Een echtscheiding ontwricht niet alleen de gezinseenheid, maar brengt ook veel juridische en economische problemen met zich mee. Wij zijn gekwalificeerde advocaten die de behoefte aan begeleiding die deze kwesties met zich meebrengen, volledig kunnen dekken.<\/p>\n<p>Het Hamburgse advocatenkantoor Schneider Stein &amp; Partner is al tientallen jaren gespecialiseerd in familie- en erfrecht. Het advocatenkantoor werd in 1955 opgericht door de advocaat Johannes Schneider. Na de toevoeging van nog meer gekwalificeerde advocaten telt het kantoor nu in totaal 15 advocaten, waaronder 13 gespecialiseerde advocaten voor familierecht in de rechtsgebieden familierecht en twee gespecialiseerde advocaten voor erfrecht in de rechtsgebieden erfrecht.<\/p>\n<p>Ons team wordt versterkt door advocaat Dieter B\u00fcte, gepensioneerd voorzitter van het Hoger Regionaal Gerechtshof, die ons ondersteunt met zijn jarenlange ervaring in bijzonder omvangrijke en moeilijke zaken, en door Dipl. Kfm. Peter Spengler, die zijn expertise inbrengt bij het opstellen van bedrijfsmanagementrapporten.<\/p>\n<p>Alle advocaten van ons kantoor zijn ervan overtuigd dat een succesvolle vertegenwoordiging op het gebied van familie- en erfrecht gebaseerd is op de bereidheid om elke cli\u00ebnt met persoonlijke betrokkenheid door een geschil te loodsen. Dit principe wordt ge\u00efmplementeerd door de individuele situatie van de cli\u00ebnt centraal te stellen, zonder de wettelijke bepalingen uit het oog te verliezen. Om de cli\u00ebnt een zo breed mogelijke expertise ter beschikking te stellen, werkt het kantoor waar nodig samen met externe specialisten zoals accountants, belastingadviseurs en notarissen. Het observeren en incorporeren van actuele bevindingen, zoals mediation, maken ook deel uit van de cli\u00ebntgerichte manier van werken. Dit omvat ook het deelnemen aan en organiseren van bijscholingsevenementen.<\/p>\n<p>Verschillende partners zijn ook betrokken als mede-redacteur of auteur van een uitgebreid praktisch handboek over familierecht. Daarnaast zorgen ons lidmaatschap van en onze actieve betrokkenheid bij de Duitse conferentie van familierechtbanken, de werkgroep familierecht van de Duitse Orde van Advocaten, de werkgroep erfrecht van de Duitse Orde van Advocaten en de vereniging voor erfrecht ervoor dat er in de dagelijkse praktijk rekening wordt gehouden met actuele juridische ontwikkelingen.<\/p>\n<\/div><\/div><div class=\"w-btn-wrapper align_none\"><a class=\"w-btn us-btn-style_1 us_custom_f73f4019 icon_atleft\" target=\" _blank\" rel=\"nofollow noopener\" href=\"http:\/\/www.regioexperte.de\/popup\/regioexpertepopup.php?regioID=3937\"><i class=\"fas fa-film\"><\/i><span class=\"w-btn-label\">Een indruk van ons krijgen<\/span><\/a><\/div><\/div><\/div><\/div><\/div><\/section>","protected":false},"excerpt":{"rendered":"Over ons Echtscheiding ontwricht niet alleen de gezinseenheid, maar brengt ook veel juridische en economische problemen met zich mee. Wij zijn gekwalificeerde advocaten die volledig kunnen voorzien in de behoefte aan begeleiding die hierdoor ontstaat. De specialisatie in familie- en erfrecht heeft een decennialange traditie bij het Hamburgse advocatenkantoor Schneider Stein &amp; Partner. Het advocatenkantoor werd...","protected":false},"author":1,"featured_media":0,"parent":41,"menu_order":0,"comment_status":"closed","ping_status":"closed","template":"","meta":{"footnotes":""},"class_list":["post-314","page","type-page","status-publish","hentry"],"_links":{"self":[{"href":"https:\/\/www.anwaelte-schneider-stein.de\/nl\/wp-json\/wp\/v2\/pages\/314","targetHints":{"allow":["GET"]}}],"collection":[{"href":"https:\/\/www.anwaelte-schneider-stein.de\/nl\/wp-json\/wp\/v2\/pages"}],"about":[{"href":"https:\/\/www.anwaelte-schneider-stein.de\/nl\/wp-json\/wp\/v2\/types\/page"}],"author":[{"embeddable":true,"href":"https:\/\/www.anwaelte-schneider-stein.de\/nl\/wp-json\/wp\/v2\/users\/1"}],"replies":[{"embeddable":true,"href":"https:\/\/www.anwaelte-schneider-stein.de\/nl\/wp-json\/wp\/v2\/comments?post=314"}],"version-history":[{"count":0,"href":"https:\/\/www.anwaelte-schneider-stein.de\/nl\/wp-json\/wp\/v2\/pages\/314\/revisions"}],"up":[{"embeddable":true,"href":"https:\/\/www.anwaelte-schneider-stein.de\/nl\/wp-json\/wp\/v2\/pages\/41"}],"wp:attachment":[{"href":"https:\/\/www.anwaelte-schneider-stein.de\/nl\/wp-json\/wp\/v2\/media?parent=314"}],"curies":[{"name":"wp","href":"https:\/\/api.w.org\/{rel}","templated":true}]}}