{"id":281,"date":"2018-01-30T13:54:00","date_gmt":"2018-01-30T12:54:00","guid":{"rendered":"https:\/\/www.anwaelte-schneider-stein.de\/?page_id=281"},"modified":"2020-08-28T16:51:26","modified_gmt":"2020-08-28T14:51:26","slug":"erfenisgeschillen","status":"publish","type":"page","link":"https:\/\/www.anwaelte-schneider-stein.de\/nl\/erbrecht\/erbauseinandersetzung\/","title":{"rendered":"Beslechting van gemeenschappen van erfgenamen \/ geschillen over nalatenschap"},"content":{"rendered":"<section class=\"l-section wpb_row height_auto\"><div class=\"l-section-h i-cf\"><div class=\"g-cols vc_row via_grid cols_1 laptops-cols_inherit tablets-cols_inherit mobiles-cols_1 valign_top type_default stacking_default\"><div class=\"wpb_column vc_column_container\"><div class=\"vc_column-inner\">\n\t<div class=\"wpb_raw_code wpb_raw_html wpb_content_element us_custom_909b2fd0\" >\n\t\t<div class=\"wpb_wrapper\">\n\t\t\t\n\t\t\t<!-- START Nachlassauseinandersetzungen REVOLUTION SLIDER 6.7.41 --><p class=\"rs-p-wp-fix\"><\/p>\n\t\t\t<rs-module-wrap id=\"rev_slider_9_1_wrapper\" data-source=\"gallery\" style=\"visibility:hidden;background:transparent;padding:0;margin:0px auto;margin-top:0;margin-bottom:0;\">\n\t\t\t\t<rs-module id=\"rev_slider_9_1\" style=\"\" data-version=\"6.7.41\">\n\t\t\t\t\t<rs-slides style=\"overflow: hidden; position: absolute;\">\n\t\t\t\t\t\t<rs-slide style=\"position: absolute;\" data-key=\"rs-11\" data-title=\"Slide\" data-anim=\"adpr:false;\" data-in=\"o:0;\" data-out=\"a:false;\">\n\t\t\t\t\t\t\t<img fetchpriority=\"high\" decoding=\"async\" src=\"\/\/www.anwaelte-schneider-stein.de\/wp-content\/plugins\/revslider\/sr6\/assets\/assets\/dummy.png\" alt=\"Erbauseinandersetzung\" title=\"Erbauseinandersetzung\" width=\"1240\" height=\"827\" class=\"rev-slidebg tp-rs-img rs-lazyload\" data-lazyload=\"\/\/www.anwaelte-schneider-stein.de\/wp-content\/uploads\/Erbauseinandersetzung_9225-1-min.jpg\" data-bg=\"p:center top;\" data-parallax=\"off\" data-no-retina>\n<!--\n\t\t\t\t\t\t\t--><rs-layer\n\t\t\t\t\t\t\t\tid=\"slider-9-slide-11-layer-1\" \n\t\t\t\t\t\t\t\tclass=\"tp-shape tp-shapewrapper\"\n\t\t\t\t\t\t\t\tdata-type=\"shape\"\n\t\t\t\t\t\t\t\tdata-rsp_ch=\"on\"\n\t\t\t\t\t\t\t\tdata-xy=\"x:c;y:b;\"\n\t\t\t\t\t\t\t\tdata-text=\"fw:100;a:inherit;\"\n\t\t\t\t\t\t\t\tdata-dim=\"w:100%;h:10px;\"\n\t\t\t\t\t\t\t\tdata-frame_999=\"o:0;st:w;sR:8700;\"\n\t\t\t\t\t\t\t\tstyle=\"z-index:5;background-color:#b19100;\"\n\t\t\t\t\t\t\t> \n\t\t\t\t\t\t\t<\/rs-layer><!--\n-->\t\t\t\t\t<\/rs-slide>\n\t\t\t\t\t<\/rs-slides>\n\t\t\t\t<\/rs-module>\n\t\t\t\t<script>\n\t\t\t\t\tsetREVStartSize({c: 'rev_slider_9_1',rl:[1240,1024,778,480],el:[600],gw:[1240],gh:[600],type:'hero',justify:'',layout:'fullwidth',mh:\"0\"});if (window.RS_MODULES!==undefined && window.RS_MODULES.modules!==undefined && window.RS_MODULES.modules[\"revslider91\"]!==undefined) {window.RS_MODULES.modules[\"revslider91\"].once = false;window.revapi9 = undefined;if (window.RS_MODULES.checkMinimal!==undefined) window.RS_MODULES.checkMinimal()}\n\t\t\t\t<\/script>\n\t\t\t<\/rs-module-wrap>\n\t\t\t<!-- END REVOLUTION SLIDER -->\n\n\t\t<\/div>\n\t<\/div>\n<\/div><\/div><\/div><\/div><\/section><section class=\"l-section wpb_row height_small\"><div class=\"l-section-h i-cf\"><div class=\"g-cols vc_row via_grid cols_1 laptops-cols_inherit tablets-cols_inherit mobiles-cols_1 valign_top type_default stacking_default\"><div class=\"wpb_column vc_column_container\"><div class=\"vc_column-inner\"><div class=\"wpb_text_column\"><div class=\"wpb_wrapper\"><h1>Erbauseinandersetzung<\/h1>\n<p>Im Bereich der Nachlassauseinandersetzung widmen sich unsere Fachanw\u00e4lte f\u00fcr Erbrecht den einschl\u00e4gigen Fragen der Verwaltung und Auseinandersetzung von Grundeigentum und sonstigem Verm\u00f6gen, welches sich in Erbengemeinschaften befindet. Unsere Erfahrungen auf diesem Gebiet umfassen insbesondere die Regelung komplexer Nachl\u00e4sse im In- und Ausland, die Erarbeitung von Teilungspl\u00e4nen, die Durchf\u00fchrung von Teilungsversteigerungen und die Vertretung vor Gerichten bei Erbteilungsklagen und in Mediationsverfahren.<\/p>\n<h2>Hintergrund einer Erbauseinandersetzung<\/h2>\n<p>Eine Erbauseinandersetzung, h\u00e4ufig auch als Nachlassauseinandersetzung bezeichnet, kommt zum Tragen, wenn ein Erblasser mehrere Erben hinterl\u00e4sst. In diesem Fall kann nicht etwa jeder Erbe \u00fcber seinen Erbanteil an Nachlassgegenst\u00e4nden verf\u00fcgen. Vielmehr entsteht ein sog. Sonderverm\u00f6gen neben dem eigenen Verm\u00f6gen des Erben. \u00dcber die Gegenst\u00e4nde des Sonderverm\u00f6gens k\u00f6nnen nur alle Erben gemeinsam verf\u00fcgen. Eine Verf\u00fcgung \u00fcber den Miterbenanteil als Ganzes bleibt aber regelm\u00e4\u00dfig m\u00f6glich.<\/p>\n<p>Ziel der Erbauseinandersetzung ist die Aufl\u00f6sung der Erbengemeinschaft und die \u00dcberf\u00fchrung der Erbanteile in das jeweilige Verm\u00f6gen der Miterben.<\/p>\n<h2>Wege einer Erbauseinandersetzung<\/h2>\n<p>Um eine Erbauseinandersetzung zu erreichen, k\u00f6nnen unterschiedliche Wege beschritten werden.<\/p>\n<p>So k\u00f6nnen die Miterben beispielweise einvernehmlich beschlie\u00dfen, eine pers\u00f6nliche Teilauseinandersetzung mit einem Mitglied der Erbengemeinschaft durchzuf\u00fchren. Das ausscheidende Mitglied erh\u00e4lt in der Regel eine Ausgleichszahlung, w\u00e4hrend sein Erbanteil den verbleibenden Mitgliedern der Erbengemeinschaft zuw\u00e4chst oder an diese \u00fcbertragen wird. Ein Anspruch auf Teilauseinandersetzung besteht jedoch nicht.<br \/>\nIn Betracht kommen neben Auseinandersetzungs- und Teilauseinandersetzungsvertr\u00e4gen auch Erbteils\u00fcbertragungen, Abschichtungsvereinbarungen, Vereinbarungen \u00fcber Ausschlagungen gegen Abfindung und anderes mehr.<\/p>\n<p>Die Fachanw\u00e4lte der Kanzlei Schneider Stein &amp; Partner k\u00f6nnen auf eine langj\u00e4hrige Erfahrung auf dem Gebiet der Erbauseinandersetzung zur\u00fcckblicken und beraten Erblasser und Erben umfassend und finden den besten Weg zur Auseinandersetzung Ihrer Erbengemeinschaft.<\/p>\n<h2>Auseinandersetzungsverbot<\/h2>\n<p>Hat der Erblasser ein Interesse dran, eine Erbauseinandersetzung zu beschr\u00e4nken oder z.T. auch nur auf bestimmte Zeit zu verhindern, ist zu bedenken, dass die Erben sich grunds\u00e4tzlich einstimmig \u00fcber ein Auseinandersetzungsverbot hinwegsetzen k\u00f6nnen. Eine tats\u00e4chliche M\u00f6glichkeit zur Beschr\u00e4nkung der Verf\u00fcgungsbefugnis besteht nicht. Um eine Erbausauseinandersetzung effektiv zu verhindern, kommt in der Regel eine Testamentsvollstreckung in Betracht.<\/p>\n<p>Vereinbaren Sie einen Beratungstermin, um Ihre Vorstellungen gemeinsam mit unseren Fachanw\u00e4lten f\u00fcr Erbrecht umzusetzen.<\/p>\n<\/div><\/div><\/div><\/div><\/div><\/div><\/section>\n","protected":false},"excerpt":{"rendered":"Verdeling van nalatenschappen Op het gebied van de verdeling van nalatenschappen houden onze gespecialiseerde erfrechtadvocaten zich bezig met de relevante kwesties met betrekking tot het beheer en de verdeling van eigendommen en andere bezittingen die toebehoren aan gemeenschappen van erfgenamen. Onze ervaring op dit gebied omvat in het bijzonder de afwikkeling van complexe nalatenschappen in Duitsland en in het buitenland, het opstellen van verdelingsplannen, de organisatie van verdelingsveilingen en vertegenwoordiging voor...","protected":false},"author":1,"featured_media":0,"parent":70,"menu_order":0,"comment_status":"closed","ping_status":"closed","template":"","meta":{"footnotes":""},"class_list":["post-281","page","type-page","status-publish","hentry"],"_links":{"self":[{"href":"https:\/\/www.anwaelte-schneider-stein.de\/nl\/wp-json\/wp\/v2\/pages\/281","targetHints":{"allow":["GET"]}}],"collection":[{"href":"https:\/\/www.anwaelte-schneider-stein.de\/nl\/wp-json\/wp\/v2\/pages"}],"about":[{"href":"https:\/\/www.anwaelte-schneider-stein.de\/nl\/wp-json\/wp\/v2\/types\/page"}],"author":[{"embeddable":true,"href":"https:\/\/www.anwaelte-schneider-stein.de\/nl\/wp-json\/wp\/v2\/users\/1"}],"replies":[{"embeddable":true,"href":"https:\/\/www.anwaelte-schneider-stein.de\/nl\/wp-json\/wp\/v2\/comments?post=281"}],"version-history":[{"count":0,"href":"https:\/\/www.anwaelte-schneider-stein.de\/nl\/wp-json\/wp\/v2\/pages\/281\/revisions"}],"up":[{"embeddable":true,"href":"https:\/\/www.anwaelte-schneider-stein.de\/nl\/wp-json\/wp\/v2\/pages\/70"}],"wp:attachment":[{"href":"https:\/\/www.anwaelte-schneider-stein.de\/nl\/wp-json\/wp\/v2\/media?parent=281"}],"curies":[{"name":"wp","href":"https:\/\/api.w.org\/{rel}","templated":true}]}}