{"id":833,"date":"2018-01-30T00:00:53","date_gmt":"2018-01-29T23:00:53","guid":{"rendered":"https:\/\/www.anwaelte-schneider-stein.de\/?page_id=833"},"modified":"2022-03-30T11:06:52","modified_gmt":"2022-03-30T09:06:52","slug":"post-marital-maintenance","status":"publish","type":"page","link":"https:\/\/www.anwaelte-schneider-stein.de\/en\/familienrecht\/anwalt-unterhaltsrecht\/nachehelicher-unterhalt\/","title":{"rendered":"Post-marital maintenance"},"content":{"rendered":"<section class=\"l-section wpb_row height_auto\"><div class=\"l-section-h i-cf\"><div class=\"g-cols vc_row via_grid cols_1 laptops-cols_inherit tablets-cols_inherit mobiles-cols_1 valign_top type_default stacking_default\"><div class=\"wpb_column vc_column_container\"><div class=\"vc_column-inner\"><div class=\"ult-content-box-container \" >\t\t<div class=\"ult-content-box\" style=\"background-image:url(&#039;&#039;);background-size: cover;background-repeat: repeat;background-position: center center;background-color: rgba(0, 0, 0, 0);box-shadow: px px px px none;min-height:0px;-webkit-transition: all 700ms ease;-moz-transition: all 700ms ease;-ms-transition: all 700ms ease;-o-transition: all 700ms ease;transition: all 700ms ease;\"  data-hover_box_shadow=\"none\"    >\n\t\t\t<!-- START nachehelicher Unterhalt REVOLUTION SLIDER 6.7.41 --><p class=\"rs-p-wp-fix\"><\/p>\n\t\t\t<rs-module-wrap id=\"rev_slider_41_1_wrapper\" data-source=\"gallery\" style=\"visibility:hidden;background:transparent;padding:0;margin:0px auto;margin-top:0;margin-bottom:0;\">\n\t\t\t\t<rs-module id=\"rev_slider_41_1\" style=\"\" data-version=\"6.7.41\">\n\t\t\t\t\t<rs-slides style=\"overflow: hidden; position: absolute;\">\n\t\t\t\t\t\t<rs-slide style=\"position: absolute;\" data-key=\"rs-54\" data-title=\"Slide\" data-anim=\"adpr:false;\" data-in=\"o:0;\" data-out=\"a:false;\">\n\t\t\t\t\t\t\t<img fetchpriority=\"high\" decoding=\"async\" src=\"\/\/www.anwaelte-schneider-stein.de\/wp-content\/plugins\/revslider\/sr6\/assets\/assets\/dummy.png\" alt=\"Nachehelicher Unterhalt\" title=\"Nachehelicher Unterhalt\" width=\"1240\" height=\"827\" class=\"rev-slidebg tp-rs-img rs-lazyload\" data-lazyload=\"\/\/www.anwaelte-schneider-stein.de\/wp-content\/uploads\/Nachehelicher_Unterhalt_9495-1-min.jpg\" data-bg=\"p:0% 70%;\" data-parallax=\"off\" data-no-retina>\n<!--\n\t\t\t\t\t\t\t--><rs-layer\n\t\t\t\t\t\t\t\tid=\"slider-41-slide-54-layer-1\" \n\t\t\t\t\t\t\t\tclass=\"tp-shape tp-shapewrapper\"\n\t\t\t\t\t\t\t\tdata-type=\"shape\"\n\t\t\t\t\t\t\t\tdata-rsp_ch=\"on\"\n\t\t\t\t\t\t\t\tdata-xy=\"x:c;y:b;\"\n\t\t\t\t\t\t\t\tdata-text=\"fw:100;a:inherit;\"\n\t\t\t\t\t\t\t\tdata-dim=\"w:100%;h:10px;\"\n\t\t\t\t\t\t\t\tdata-frame_999=\"o:0;st:w;sR:8700;\"\n\t\t\t\t\t\t\t\tstyle=\"z-index:5;background-color:#4d4e56;\"\n\t\t\t\t\t\t\t> \n\t\t\t\t\t\t\t<\/rs-layer><!--\n-->\t\t\t\t\t<\/rs-slide>\n\t\t\t\t\t<\/rs-slides>\n\t\t\t\t<\/rs-module>\n\t\t\t\t<script>\n\t\t\t\t\tsetREVStartSize({c: 'rev_slider_41_1',rl:[1240,1024,778,480],el:[600],gw:[1240],gh:[600],type:'hero',justify:'',layout:'fullwidth',mh:\"0\"});if (window.RS_MODULES!==undefined && window.RS_MODULES.modules!==undefined && window.RS_MODULES.modules[\"revslider411\"]!==undefined) {window.RS_MODULES.modules[\"revslider411\"].once = false;window.revapi41 = undefined;if (window.RS_MODULES.checkMinimal!==undefined) window.RS_MODULES.checkMinimal()}\n\t\t\t\t<\/script>\n\t\t\t<\/rs-module-wrap>\n\t\t\t<!-- END REVOLUTION SLIDER -->\n\t\t<\/div><\/div><\/div><\/div><\/div><\/div><\/section><!-- Row Backgrounds --><section class=\"l-section wpb_row height_small\"><div class=\"l-section-h i-cf\"><div class=\"g-cols vc_row via_grid cols_1 laptops-cols_inherit tablets-cols_inherit mobiles-cols_1 valign_top type_default stacking_default\"><div class=\"wpb_column vc_column_container\"><div class=\"vc_column-inner\"><div class=\"wpb_text_column\"><div class=\"wpb_wrapper\"><h1>Nachehelicher Unterhalt<\/h1>\n<p>Nachehelicher Unterhalt bezeichnet den Unterhalt f\u00fcr die Zeit ab einer rechtskr\u00e4ftigen Scheidung.<\/p>\n<h2>Grundlegende Voraussetzungen f\u00fcr den Anspruch auf nachehelicher Unterhalt<\/h2>\n<p>Nachehelicher Unterhalt ist u.a. an einige grundlegende Voraussetzungen gekn\u00fcpft. So muss der Unterhaltsbegehrende tats\u00e4chlich unterhaltsbed\u00fcrftig sein. Entsprechend dazu muss der Unterhaltsschuldner leistungsf\u00e4hig sein, d.h. in der Lage sein, den beanspruchten Unterhalt zahlen zu k\u00f6nnen. Oft flie\u00dfen hier weitere Unterhaltspflichten des Unterhaltsschuldners ein, die in einem Rangverh\u00e4ltnis zueinander stehen.<\/p>\n<h3>Beweislast f\u00fcr den Anspruch auf nachehelicher Unterhalt<\/h3>\n<p>Die Darlegungs- und Beweislast f\u00fcr einen Anspruch auf nachehelicher Unterhalt trifft denjenigen, der den nachehelichen Unterhalt anstrebt.<\/p>\n<h2>Begrenzung des nachehelichen Unterhalts<\/h2>\n<p>Nach der Neuregelung des Unterhaltsrechtes durch die seit dem 01.01.2008 geltende Unterhaltsreform wird auf Seiten der Zahlungspflichtigen verst\u00e4rkt auf eine Befristung und\/oder Begrenzung von Unterhaltsanspr\u00fcchen auch bei einer l\u00e4ngeren Ehedauer geachtet. Auf Seiten der Unterhaltsberechtigten ist verst\u00e4rkt zu kl\u00e4ren, inwieweit ehebedingte Nachteile einen ggf. unbefristeten oder unbegrenzten Unterhalt rechtfertigen. Beide Positionen k\u00f6nnen auch im Rahmen von \u00c4nderungen von bereits bestehenden Unterhaltsregelungen eine Rolle spielen.<\/p>\n<h2>Ausschluss oder Herabsetzung des Unterhalts wegen grober Unbilligkeit<\/h2>\n<p>Die besonderen Umst\u00e4nde eines Einzelfalls k\u00f6nnen dazu f\u00fchren, dass die Leistung von nachehelichem Unterhalt als grob unbillig erscheint. Dem Unterhaltsschuldner ist es dann teilweise nicht oder nicht mehr zumutbar, weiterhin Unterhalt zu zahlen. Insoweit gilt der Ma\u00dfstab von Treu und Glauben des BGB. Der Gesetzestext z\u00e4hlt sieben Regelbeispiele der groben Unbilligkeit auf. Beispielhaft zu nennen sind die F\u00e4lle, in denen die Ehe nur von kurzer Dauer war, der Unterhaltsberechtigte in einer verfestigten Lebensgemeinschaft lebt oder seine Bed\u00fcrftigkeit mutwillig herbeigef\u00fchrt hat. Auch ein Verbrechen oder schweres vors\u00e4tzliches Vergehen gegen den Unterhaltsschuldner oder einen nahen Angeh\u00f6rigen kann zu grober Unbilligkeit f\u00fchren.<\/p>\n<p>Der Gesetzgeber hat die F\u00e4lle, in denen nachehelicher Unterhalt ausgeschlossen ist oder herabgesetzt werden kann, nicht abschlie\u00dfend geregelt. Es kommt also immer auf eine genaue Betrachtung des Einzelfalls an, um eine fundierte Aussage treffen zu k\u00f6nnen.<\/p>\n<h2>Nachehelicher Unterhalt wegen Kindesbetreuung<\/h2>\n<p>Der Anspruch auf nachehelichen Unterhalt aufgrund der Kindesbetreuung besitzt eine gro\u00dfe praktische Bedeutung. Der geschiedene Elternteil, der die Betreuung gemeinsamer Kinder \u00fcbernimmt, ist oft darin eingeschr\u00e4nkt oder daran gehindert, eine berufliche T\u00e4tigkeit auszu\u00fcben. Daraus ergibt sich dann entsprechend regelm\u00e4\u00dfig eine Unterhaltsbed\u00fcrftigkeit.<\/p>\n<p>Bis drei Jahre nach der Geburt des j\u00fcngsten gemeinsamen Kindes kann der betreuende Elternteil entsprechend Unterhalt verlangen, ohne dass ihn eine Erwerbsobliegenheit trifft. Der nacheheliche Unterhalt wegen Kindesbetreuung kann auch danach fortbestehen, solange und soweit dies rechtlich angemessen ist. Prim\u00e4r ergeben sich h\u00e4ufig Gr\u00fcnde f\u00fcr eine Verl\u00e4ngerung aus den Bed\u00fcrfnissen des Kindes. So kann ein Kind wegen chronischer Krankheit oder aus anderen individuellen Gr\u00fcnden besonders betreuungsbed\u00fcrftig sein.<\/p>\n<\/div><\/div><\/div><\/div><\/div><\/div><\/section>\n","protected":false},"excerpt":{"rendered":"Post-marital maintenance Post-marital maintenance refers to maintenance for the period after a legally binding divorce. Basic requirements for entitlement to post-marital maintenance Post-marital maintenance is linked to a number of basic requirements. The person requesting maintenance must actually be in need of maintenance. Accordingly, the maintenance debtor must be able to pay the maintenance claimed, i.e. be in a position to pay the...","protected":false},"author":1,"featured_media":0,"parent":248,"menu_order":0,"comment_status":"closed","ping_status":"closed","template":"","meta":{"footnotes":""},"class_list":["post-833","page","type-page","status-publish","hentry"],"_links":{"self":[{"href":"https:\/\/www.anwaelte-schneider-stein.de\/en\/wp-json\/wp\/v2\/pages\/833","targetHints":{"allow":["GET"]}}],"collection":[{"href":"https:\/\/www.anwaelte-schneider-stein.de\/en\/wp-json\/wp\/v2\/pages"}],"about":[{"href":"https:\/\/www.anwaelte-schneider-stein.de\/en\/wp-json\/wp\/v2\/types\/page"}],"author":[{"embeddable":true,"href":"https:\/\/www.anwaelte-schneider-stein.de\/en\/wp-json\/wp\/v2\/users\/1"}],"replies":[{"embeddable":true,"href":"https:\/\/www.anwaelte-schneider-stein.de\/en\/wp-json\/wp\/v2\/comments?post=833"}],"version-history":[{"count":0,"href":"https:\/\/www.anwaelte-schneider-stein.de\/en\/wp-json\/wp\/v2\/pages\/833\/revisions"}],"up":[{"embeddable":true,"href":"https:\/\/www.anwaelte-schneider-stein.de\/en\/wp-json\/wp\/v2\/pages\/248"}],"wp:attachment":[{"href":"https:\/\/www.anwaelte-schneider-stein.de\/en\/wp-json\/wp\/v2\/media?parent=833"}],"curies":[{"name":"wp","href":"https:\/\/api.w.org\/{rel}","templated":true}]}}