{"id":51,"date":"2017-12-19T22:44:50","date_gmt":"2017-12-19T21:44:50","guid":{"rendered":"https:\/\/www.anwaelte-schneider-stein.de\/?page_id=51"},"modified":"2025-08-27T18:59:33","modified_gmt":"2025-08-27T16:59:33","slug":"approach","status":"publish","type":"page","link":"https:\/\/www.anwaelte-schneider-stein.de\/en\/kontakt\/anfahrt\/","title":{"rendered":"Approach"},"content":{"rendered":"<section class=\"l-section wpb_row height_small\"><div class=\"l-section-h i-cf\"><div class=\"g-cols vc_row via_grid cols_1 laptops-cols_inherit tablets-cols_inherit mobiles-cols_1 valign_top type_default stacking_default\"><div class=\"wpb_column vc_column_container\"><div class=\"vc_column-inner\"><div class=\"wpb_text_column\"><div class=\"wpb_wrapper\"><h1>Approach<\/h1>\n<\/div><\/div><\/div><\/div><\/div><\/div><\/section><section class=\"l-section wpb_row height_small\"><div class=\"l-section-h i-cf\"><div class=\"g-cols vc_row via_grid cols_2 laptops-cols_inherit tablets-cols_inherit mobiles-cols_1 valign_top type_default stacking_default\"><div class=\"wpb_column vc_column_container\"><div class=\"vc_column-inner\"><div class=\"wpb_text_column\"><div class=\"wpb_wrapper\"><h2>Directions - Hamburg law firm<\/h2>\n<p>Parking is available in the multi-storey car park Deutsch-Japanisches Zentrum, An der Stadthausbr\u00fccke 5-7, 20355 Hamburg.<\/p>\n<p>Public transport: S-Bahn station Stadthausbr\u00fccke, exit D\u00fcsternstrasse\/Michaelisstrasse or U-Bahn station R\u00f6dingsmarkt.<\/p>\n<p>You can find detailed timetable information from the HVV and the <a href=\"http:\/\/www.bahn.de\/p\/view\/index.shtml\" target=\"_blank\" rel=\"noopener\">German railway<\/a>.<\/p>\n<\/div><\/div><\/div><\/div><div class=\"wpb_column vc_column_container\"><div class=\"vc_column-inner\">\n\t<div class=\"wpb_raw_code wpb_raw_html wpb_content_element us_custom_909b2fd0\" >\n\t\t<div class=\"wpb_wrapper\">\n\t\t\t <div class=\"brlbs-cmpnt-container brlbs-cmpnt-content-blocker brlbs-cmpnt-with-individual-styles\" data-borlabs-cookie-content-blocker-id=\"default\" data-borlabs-cookie-content=\"PGlmcmFtZSBzY3JvbGxpbmc9Im5vIiBtYXJnaW5oZWlnaHQ9IjAiIG1hcmdpbndpZHRoPSIwIiAgc3JjPSJodHRwczovL21hcHMuZ29vZ2xlLmNvbS9tYXBzP3dpZHRoPTU0MCZhbXA7aGVpZ2h0PTQwMCZhbXA7aGw9ZW4mYW1wO3E9QWx0ZXIlMjBTdGVpbndlZyUyMDElMjBIYW1idXJnKyhIYW1idXJnKSZhbXA7dD0mYW1wO3o9MTcmYW1wO2llPVVURjgmYW1wO2l3bG9jPUImYW1wO291dHB1dD1lbWJlZCIgd2lkdGg9IjU0MCIgaGVpZ2h0PSI0MDAiIGZyYW1lYm9yZGVyPSIwIj48L2lmcmFtZT4=\"><div class=\"brlbs-cmpnt-cb-preset-a\"> <p class=\"brlbs-cmpnt-cb-description\">You are currently viewing a placeholder content from <strong>Default<\/strong>. To access the actual content, click the button below. Please note that doing so will share data with third-party providers.<\/p> <div class=\"brlbs-cmpnt-cb-buttons\"> <a class=\"brlbs-cmpnt-cb-btn\" href=\"#\" data-borlabs-cookie-unblock role=\"button\">Unblock content<\/a> <a class=\"brlbs-cmpnt-cb-btn\" href=\"#\" data-borlabs-cookie-accept-service role=\"button\" style=\"display: none\">Accept required service and unblock content<\/a> <\/div> <a class=\"brlbs-cmpnt-cb-provider-toggle\" href=\"#\" data-borlabs-cookie-show-provider-information role=\"button\">More Information<\/a> <\/div><\/div>\n\t\t<\/div>\n\t<\/div>\n<\/div><\/div><\/div><\/div><\/section><section class=\"l-section wpb_row height_small\"><div class=\"l-section-h i-cf\"><div class=\"g-cols vc_row via_grid cols_2 laptops-cols_inherit tablets-cols_inherit mobiles-cols_1 valign_top type_default stacking_default\"><div class=\"wpb_column vc_column_container\"><div class=\"vc_column-inner\"><div class=\"wpb_text_column\"><div class=\"wpb_wrapper\"><h2>How to find us - Kanzlei Kiel<\/h2>\n<p>If you visit our office in Kiel by car, you can easily park in the Jensendamm multi-storey car park or in the Schlossgarage.<\/p>\n<\/div><\/div><\/div><\/div><div class=\"wpb_column vc_column_container\"><div class=\"vc_column-inner\">\n\t<div class=\"wpb_raw_code wpb_raw_html wpb_content_element us_custom_909b2fd0\" >\n\t\t<div class=\"wpb_wrapper\">\n\t\t\t <div class=\"brlbs-cmpnt-container brlbs-cmpnt-content-blocker brlbs-cmpnt-with-individual-styles\" data-borlabs-cookie-content-blocker-id=\"default\" data-borlabs-cookie-content=\"PGlmcmFtZSBzY3JvbGxpbmc9Im5vIiBtYXJnaW5oZWlnaHQ9IjAiIG1hcmdpbndpZHRoPSIwIiBzcmM9Imh0dHBzOi8vbWFwcy5nb29nbGUuY29tL21hcHM\/d2lkdGg9NTQwJmFtcDtoZWlnaHQ9NDAwJmFtcDtobD1lbiZhbXA7cT1EJUMzJUE0bmlzY2hlJTIwU3RyLiUyMDI0JTIwS2llbCsoS2llbCkmYW1wO3Q9JmFtcDt6PTE2JmFtcDtpZT1VVEY4JmFtcDtpd2xvYz1CJmFtcDtvdXRwdXQ9ZW1iZWQiIHdpZHRoPSI1NDAiIGhlaWdodD0iNDAwIiBmcmFtZWJvcmRlcj0iMCI+PC9pZnJhbWU+\"><div class=\"brlbs-cmpnt-cb-preset-a\"> <p class=\"brlbs-cmpnt-cb-description\">You are currently viewing a placeholder content from <strong>Default<\/strong>. To access the actual content, click the button below. Please note that doing so will share data with third-party providers.<\/p> <div class=\"brlbs-cmpnt-cb-buttons\"> <a class=\"brlbs-cmpnt-cb-btn\" href=\"#\" data-borlabs-cookie-unblock role=\"button\">Unblock content<\/a> <a class=\"brlbs-cmpnt-cb-btn\" href=\"#\" data-borlabs-cookie-accept-service role=\"button\" style=\"display: none\">Accept required service and unblock content<\/a> <\/div> <a class=\"brlbs-cmpnt-cb-provider-toggle\" href=\"#\" data-borlabs-cookie-show-provider-information role=\"button\">More Information<\/a> <\/div><\/div>\n\t\t<\/div>\n\t<\/div>\n<\/div><\/div><\/div><\/div><\/section>","protected":false},"excerpt":{"rendered":"Anfahrt Anfahrtsbeschreibung &#8211; Kanzlei Hamburg Parkm\u00f6glichkeit finden Sie im Parkhaus Deutsch-Japanisches Zentrum, An der Stadthausbr\u00fccke 5-7, 20355 Hamburg. \u00d6ffentlicher Personennahverkehr: S-Bahn-Station Stadthausbr\u00fccke, Ausgang D\u00fcsternstrasse\/Michaelisstrasse oder U-Bahn-Station R\u00f6dingsmarkt. Genaue Fahrplanausk\u00fcnfte finden Sie beim HVV und der Deutschen Bahn. You are currently viewing a placeholder content from Default. To access the actual content, click the button below....","protected":false},"author":1,"featured_media":0,"parent":49,"menu_order":0,"comment_status":"closed","ping_status":"closed","template":"","meta":{"footnotes":""},"class_list":["post-51","page","type-page","status-publish","hentry"],"_links":{"self":[{"href":"https:\/\/www.anwaelte-schneider-stein.de\/en\/wp-json\/wp\/v2\/pages\/51","targetHints":{"allow":["GET"]}}],"collection":[{"href":"https:\/\/www.anwaelte-schneider-stein.de\/en\/wp-json\/wp\/v2\/pages"}],"about":[{"href":"https:\/\/www.anwaelte-schneider-stein.de\/en\/wp-json\/wp\/v2\/types\/page"}],"author":[{"embeddable":true,"href":"https:\/\/www.anwaelte-schneider-stein.de\/en\/wp-json\/wp\/v2\/users\/1"}],"replies":[{"embeddable":true,"href":"https:\/\/www.anwaelte-schneider-stein.de\/en\/wp-json\/wp\/v2\/comments?post=51"}],"version-history":[{"count":0,"href":"https:\/\/www.anwaelte-schneider-stein.de\/en\/wp-json\/wp\/v2\/pages\/51\/revisions"}],"up":[{"embeddable":true,"href":"https:\/\/www.anwaelte-schneider-stein.de\/en\/wp-json\/wp\/v2\/pages\/49"}],"wp:attachment":[{"href":"https:\/\/www.anwaelte-schneider-stein.de\/en\/wp-json\/wp\/v2\/media?parent=51"}],"curies":[{"name":"wp","href":"https:\/\/api.w.org\/{rel}","templated":true}]}}