{"id":43,"date":"2018-01-30T13:50:08","date_gmt":"2018-01-30T12:50:08","guid":{"rendered":"https:\/\/www.anwaelte-schneider-stein.de\/?page_id=43"},"modified":"2024-03-04T14:19:59","modified_gmt":"2024-03-04T13:19:59","slug":"memberships","status":"publish","type":"page","link":"https:\/\/www.anwaelte-schneider-stein.de\/en\/kanzlei\/mitgliedschaften\/","title":{"rendered":"Memberships"},"content":{"rendered":"<section class=\"l-section wpb_row height_auto\"><div class=\"l-section-h i-cf\"><div class=\"g-cols vc_row via_grid cols_1 laptops-cols_inherit tablets-cols_inherit mobiles-cols_1 valign_top type_default stacking_default\"><div class=\"wpb_column vc_column_container\"><div class=\"vc_column-inner\">\n\t<div class=\"wpb_raw_code wpb_raw_html wpb_content_element us_custom_909b2fd0\" >\n\t\t<div class=\"wpb_wrapper\">\n\t\t\t\n\t\t\t<!-- START Mitgliedschaften REVOLUTION SLIDER 6.7.41 --><p class=\"rs-p-wp-fix\"><\/p>\n\t\t\t<rs-module-wrap id=\"rev_slider_33_1_wrapper\" data-source=\"gallery\" style=\"visibility:hidden;background:transparent;padding:0;margin:0px auto;margin-top:0;margin-bottom:0;\">\n\t\t\t\t<rs-module id=\"rev_slider_33_1\" style=\"\" data-version=\"6.7.41\">\n\t\t\t\t\t<rs-slides style=\"overflow: hidden; position: absolute;\">\n\t\t\t\t\t\t<rs-slide style=\"position: absolute;\" data-key=\"rs-35\" data-title=\"Slide\" data-anim=\"adpr:false;\" data-in=\"o:0;\" data-out=\"a:false;\">\n\t\t\t\t\t\t\t<img fetchpriority=\"high\" decoding=\"async\" src=\"\/\/www.anwaelte-schneider-stein.de\/wp-content\/plugins\/revslider\/sr6\/assets\/assets\/dummy.png\" alt=\"Familienrecht Kiel\" title=\"Familienrecht Kiel\" width=\"1240\" height=\"827\" class=\"rev-slidebg tp-rs-img rs-lazyload\" data-lazyload=\"\/\/www.anwaelte-schneider-stein.de\/wp-content\/uploads\/Familienrecht_Kiel_9477-1-min.jpg\" data-bg=\"p:0% 15%;\" data-parallax=\"off\" data-no-retina>\n<!--\n\t\t\t\t\t\t\t--><rs-layer\n\t\t\t\t\t\t\t\tid=\"slider-33-slide-35-layer-1\" \n\t\t\t\t\t\t\t\tclass=\"tp-shape tp-shapewrapper\"\n\t\t\t\t\t\t\t\tdata-type=\"shape\"\n\t\t\t\t\t\t\t\tdata-rsp_ch=\"on\"\n\t\t\t\t\t\t\t\tdata-xy=\"x:c;y:b;\"\n\t\t\t\t\t\t\t\tdata-text=\"fw:100;a:inherit;\"\n\t\t\t\t\t\t\t\tdata-dim=\"w:100%;h:10px;\"\n\t\t\t\t\t\t\t\tdata-frame_999=\"o:0;st:w;sR:8700;\"\n\t\t\t\t\t\t\t\tstyle=\"z-index:5;background-color:#4d4e56;\"\n\t\t\t\t\t\t\t> \n\t\t\t\t\t\t\t<\/rs-layer><!--\n-->\t\t\t\t\t<\/rs-slide>\n\t\t\t\t\t<\/rs-slides>\n\t\t\t\t<\/rs-module>\n\t\t\t\t<script>\n\t\t\t\t\tsetREVStartSize({c: 'rev_slider_33_1',rl:[1240,1024,778,480],el:[600],gw:[1240],gh:[600],type:'hero',justify:'',layout:'fullwidth',mh:\"0\"});if (window.RS_MODULES!==undefined && window.RS_MODULES.modules!==undefined && window.RS_MODULES.modules[\"revslider331\"]!==undefined) {window.RS_MODULES.modules[\"revslider331\"].once = false;window.revapi33 = undefined;if (window.RS_MODULES.checkMinimal!==undefined) window.RS_MODULES.checkMinimal()}\n\t\t\t\t<\/script>\n\t\t\t<\/rs-module-wrap>\n\t\t\t<!-- END REVOLUTION SLIDER -->\n\n\t\t<\/div>\n\t<\/div>\n<\/div><\/div><\/div><\/div><\/section><section class=\"l-section wpb_row height_small\"><div class=\"l-section-h i-cf\"><div class=\"g-cols vc_row via_grid cols_1 laptops-cols_inherit tablets-cols_inherit mobiles-cols_1 valign_top type_default stacking_default\"><div class=\"wpb_column vc_column_container\"><div class=\"vc_column-inner\"><div class=\"wpb_text_column\"><div class=\"wpb_wrapper\"><h1>Unsere Mitgliedschaften<\/h1>\n<ul>\n<li><a href=\"http:\/\/www.anwaltunion.info\" target=\"_blank\" rel=\"noopener\">Anwaltunion AUF<\/a><\/li>\n<li><a href=\"http:\/\/www.dav-mm.de\" target=\"_blank\" rel=\"noopener\">Arbeitsgemeinschaft Anwaltsmanagement im DAV<\/a><\/li>\n<li><a href=\"http:\/\/www.anwaltsverein.de\" target=\"_blank\" rel=\"noopener\">Arbeitsgemeinschaft Erbrecht im DAV<\/a><\/li>\n<li><a href=\"http:\/\/www.familienrecht-dav.de\" target=\"_blank\" rel=\"noopener\">Arbeitsgemeinschaft Familienrecht im DAV<\/a><\/li>\n<li>International Academy of Matrimonial Lawyers<\/li>\n<li><a href=\"http:\/\/www.brak.de\" target=\"_blank\" rel=\"noopener\">Bundesrechtsanwaltskammer<\/a><\/li>\n<li><a href=\"http:\/\/www.scheidung-anwaelte.de\" target=\"_blank\" rel=\"noopener\">Deutsche Anwalts-, Notar- und Steuerberatervereinigung f\u00fcr Erb- und Familienrecht e.V.<\/a><\/li>\n<li><a href=\"http:\/\/www.erbfall.de\" target=\"_blank\" rel=\"noopener\">Deutsche Vereinigung f\u00fcr Erbrecht und Verm\u00f6gensnachfolge e.V.<\/a><\/li>\n<li><a href=\"http:\/\/www.dvev.de\" target=\"_blank\" rel=\"noopener\">Deutsche Vereinigung f\u00fcr Erbrecht und Verm\u00f6gensnachfolge e.V.<\/a><\/li>\n<li><a href=\"http:\/\/www.anwaltverein.de\" target=\"_blank\" rel=\"noopener\">Deutscher Anwalt Verein (DAV)<\/a><\/li>\n<li><a href=\"http:\/\/www.ruhr-uni-bochum.de\/ls-muscheler\/hereditare.html\" target=\"_blank\" rel=\"noopener\">Hereditare &#8211; Wissenschaftliche Gesellschaft f\u00fcr Erbrecht e.V.<\/a><\/li>\n<li><a href=\"http:\/\/www.dfgt.de\" target=\"_blank\" rel=\"noopener\">Deutscher Familiengerichtstag<\/a><\/li>\n<li><a href=\"http:\/\/www.dnrv.net\/de\/\" target=\"_blank\" rel=\"noopener\">Deutsch-Niederl\u00e4ndische-Juristen Vereinigung<\/a><\/li>\n<li><a href=\"http:\/\/www.dtjv.org\" target=\"_blank\" rel=\"noopener\">Deutsch-Taiwanische-Juristen-Vereinigung<\/a><\/li>\n<li><a href=\"http:\/\/www.rechtsanwaltskammerhamburg.de\" target=\"_blank\" rel=\"noopener\">Hanseatische Rechtsanwaltskammer Hamburg<\/a><\/li>\n<li><a href=\"http:\/\/www.HAV.de\" target=\"_blank\" rel=\"noopener\">Hamburgischer Anwaltverein (HAV)<\/a><\/li>\n<li><a href=\"http:\/\/www.ISUV.de\" target=\"_blank\" rel=\"noopener\">ISUV e.V.<\/a><\/li>\n<li><a href=\"http:\/\/www.dfj.org\/\" target=\"_blank\" rel=\"noopener\">Deutsch-Franz\u00f6sische Juristenvereinigung e.V. (DFJ)<\/a><\/li>\n<li><a href=\"http:\/\/www.dijv.org\" target=\"_blank\" rel=\"noopener\">Deutsch-Italienische Juristenvereinigung<\/a><\/li>\n<li><a href=\"http:\/\/www.dgjv.de\/\" target=\"_blank\" rel=\"noopener\">Deutsch-Griechische Juristenvereinigung<\/a><\/li>\n<li>Cooperative Praxis Nord e.V.<\/li>\n<\/ul>\n<\/div><\/div><\/div><\/div><\/div><\/div><\/section>\n","protected":false},"excerpt":{"rendered":"Our memberships Anwaltunion AUF Working Group on Lawyer Management in the DAV Working Group on Inheritance Law in the DAV Working Group on Family Law in the DAV International Academy of Matrimonial Lawyers Bundesrechtsanwaltskammer Deutsche Anwalts-, Notar- und Steuerberatervereinigung f\u00fcr Erb- und Familienrecht e.V. Deutsche Vereinigung f\u00fcr Erbrecht und Verm\u00f6gensnachfolge e.V. Deutsche Vereinigung f\u00fcr Erbrecht und Verm\u00f6gensnachfolge e.V. Deutscher Anwalt Verein (DAV) Hereditare - Wissenschaftliche Gesellschaft f\u00fcr...","protected":false},"author":1,"featured_media":0,"parent":41,"menu_order":0,"comment_status":"closed","ping_status":"closed","template":"","meta":{"footnotes":""},"class_list":["post-43","page","type-page","status-publish","hentry"],"_links":{"self":[{"href":"https:\/\/www.anwaelte-schneider-stein.de\/en\/wp-json\/wp\/v2\/pages\/43","targetHints":{"allow":["GET"]}}],"collection":[{"href":"https:\/\/www.anwaelte-schneider-stein.de\/en\/wp-json\/wp\/v2\/pages"}],"about":[{"href":"https:\/\/www.anwaelte-schneider-stein.de\/en\/wp-json\/wp\/v2\/types\/page"}],"author":[{"embeddable":true,"href":"https:\/\/www.anwaelte-schneider-stein.de\/en\/wp-json\/wp\/v2\/users\/1"}],"replies":[{"embeddable":true,"href":"https:\/\/www.anwaelte-schneider-stein.de\/en\/wp-json\/wp\/v2\/comments?post=43"}],"version-history":[{"count":0,"href":"https:\/\/www.anwaelte-schneider-stein.de\/en\/wp-json\/wp\/v2\/pages\/43\/revisions"}],"up":[{"embeddable":true,"href":"https:\/\/www.anwaelte-schneider-stein.de\/en\/wp-json\/wp\/v2\/pages\/41"}],"wp:attachment":[{"href":"https:\/\/www.anwaelte-schneider-stein.de\/en\/wp-json\/wp\/v2\/media?parent=43"}],"curies":[{"name":"wp","href":"https:\/\/api.w.org\/{rel}","templated":true}]}}