{"id":283,"date":"2018-01-30T13:54:03","date_gmt":"2018-01-30T12:54:03","guid":{"rendered":"https:\/\/www.anwaelte-schneider-stein.de\/?page_id=283"},"modified":"2020-08-28T16:57:28","modified_gmt":"2020-08-28T14:57:28","slug":"will-contestation","status":"publish","type":"page","link":"https:\/\/www.anwaelte-schneider-stein.de\/en\/erbrecht\/testamentsanfechtung\/","title":{"rendered":"Contesting a will"},"content":{"rendered":"<section class=\"l-section wpb_row height_auto\"><div class=\"l-section-h i-cf\"><div class=\"g-cols vc_row via_grid cols_1 laptops-cols_inherit tablets-cols_inherit mobiles-cols_1 valign_top type_default stacking_default\"><div class=\"wpb_column vc_column_container\"><div class=\"vc_column-inner\">\n\t<div class=\"wpb_raw_code wpb_raw_html wpb_content_element us_custom_909b2fd0\" >\n\t\t<div class=\"wpb_wrapper\">\n\t\t\t\n\t\t\t<!-- START Testamentsanfechtung REVOLUTION SLIDER 6.7.41 --><p class=\"rs-p-wp-fix\"><\/p>\n\t\t\t<rs-module-wrap id=\"rev_slider_11_1_wrapper\" data-source=\"gallery\" style=\"visibility:hidden;background:transparent;padding:0;margin:0px auto;margin-top:0;margin-bottom:0;\">\n\t\t\t\t<rs-module id=\"rev_slider_11_1\" style=\"\" data-version=\"6.7.41\">\n\t\t\t\t\t<rs-slides style=\"overflow: hidden; position: absolute;\">\n\t\t\t\t\t\t<rs-slide style=\"position: absolute;\" data-key=\"rs-13\" data-title=\"Slide\" data-anim=\"adpr:false;\" data-in=\"o:0;\" data-out=\"a:false;\">\n\t\t\t\t\t\t\t<img fetchpriority=\"high\" decoding=\"async\" src=\"\/\/www.anwaelte-schneider-stein.de\/wp-content\/plugins\/revslider\/sr6\/assets\/assets\/dummy.png\" alt=\"Testament anfechten\" title=\"Testament anfechten\" width=\"1240\" height=\"827\" class=\"rev-slidebg tp-rs-img rs-lazyload\" data-lazyload=\"\/\/www.anwaelte-schneider-stein.de\/wp-content\/uploads\/Testament_Anfechten_9250-1-min.jpg\" data-bg=\"p:0% 20%;\" data-parallax=\"off\" data-no-retina>\n<!--\n\t\t\t\t\t\t\t--><rs-layer\n\t\t\t\t\t\t\t\tid=\"slider-11-slide-13-layer-1\" \n\t\t\t\t\t\t\t\tclass=\"tp-shape tp-shapewrapper\"\n\t\t\t\t\t\t\t\tdata-type=\"shape\"\n\t\t\t\t\t\t\t\tdata-rsp_ch=\"on\"\n\t\t\t\t\t\t\t\tdata-xy=\"x:c;y:b;\"\n\t\t\t\t\t\t\t\tdata-text=\"fw:100;a:inherit;\"\n\t\t\t\t\t\t\t\tdata-dim=\"w:100%;h:10px;\"\n\t\t\t\t\t\t\t\tdata-frame_999=\"o:0;st:w;sR:8700;\"\n\t\t\t\t\t\t\t\tstyle=\"z-index:5;background-color:#b19100;\"\n\t\t\t\t\t\t\t> \n\t\t\t\t\t\t\t<\/rs-layer><!--\n-->\t\t\t\t\t<\/rs-slide>\n\t\t\t\t\t<\/rs-slides>\n\t\t\t\t<\/rs-module>\n\t\t\t\t<script>\n\t\t\t\t\tsetREVStartSize({c: 'rev_slider_11_1',rl:[1240,1024,778,480],el:[600],gw:[1240],gh:[600],type:'hero',justify:'',layout:'fullwidth',mh:\"0\"});if (window.RS_MODULES!==undefined && window.RS_MODULES.modules!==undefined && window.RS_MODULES.modules[\"revslider111\"]!==undefined) {window.RS_MODULES.modules[\"revslider111\"].once = false;window.revapi11 = undefined;if (window.RS_MODULES.checkMinimal!==undefined) window.RS_MODULES.checkMinimal()}\n\t\t\t\t<\/script>\n\t\t\t<\/rs-module-wrap>\n\t\t\t<!-- END REVOLUTION SLIDER -->\n\n\t\t<\/div>\n\t<\/div>\n<\/div><\/div><\/div><\/div><\/section><section class=\"l-section wpb_row height_small\"><div class=\"l-section-h i-cf\"><div class=\"g-cols vc_row via_grid cols_1 laptops-cols_inherit tablets-cols_inherit mobiles-cols_1 valign_top type_default stacking_default\"><div class=\"wpb_column vc_column_container\"><div class=\"vc_column-inner\"><div class=\"wpb_text_column\"><div class=\"wpb_wrapper\"><h1>Testamentsanfechtung<\/h1>\n<p>H\u00e4ufiger als allgemein bekannt werden Testamente \u2013 darunter auch notarielle \u2013 erfolgreich angefochten. Wir beraten Sie unter Ber\u00fccksichtigung der rechtlichen und medizinischen Aspekte dar\u00fcber, ob eine Anfechtung Erfolgsaussichten hat, und begleiten die unter Umst\u00e4nden notwendigen gerichtlichen Auseinandersetzungen. Unsere Fachanw\u00e4lte f\u00fcr Erbrecht in Hamburg und Kiel gehen jedweden Zweifeln sorgf\u00e4ltig nach.<\/p>\n<h2>Testamentsanfechtung durch den Erblasser<\/h2>\n<p>Die Testamentsanfechtung ist f\u00fcr den Erblasser zumeist nicht zweckm\u00e4\u00dfig und aus diesem Grunde nicht m\u00f6glich. Vielmehr gen\u00fcgt es, dass der Erblasser sein Testament widerruft. Damit steht es ihm frei, neu zu testieren.<\/p>\n<p>Allerdings bestehen Ausnahmen. Die Anfechtung eines Testaments durch den Erblasser kann zu dessen Lebzeiten notwendig sein, wenn er sich in einem Erbvertrag gebunden hat. Gleiches gilt, wenn ein gemeinschaftliches Testament errichtet wurde und die wechselbez\u00fcglichen Verf\u00fcgungen nicht durch einseitigen Widerruf zur\u00fcckgenommen werden k\u00f6nnen.<\/p>\n<p>In diesen F\u00e4llen steht es dem Erblassen offen, seine eigenen Verf\u00fcgungen unter den gleichen Voraussetzungen anzufechten, unter denen auch ein Dritter das Testament anfechten k\u00f6nnen w\u00fcrde. Erst danach kann der Erblasser wieder wirksam neu testieren.<\/p>\n<p>Die Fachanw\u00e4lte f\u00fcr Erbrecht der Kanzlei Schneider Stein &amp; Partner beraten Sie bereits bei der Errichtung eines Testaments umfassend und zeigen Ihnen die Vor- und Nachteile eines Erbvertrages oder eines gemeinschaftlichen Testaments auf.<\/p>\n<h2>Testamentsanfechtung durch Dritte<\/h2>\n<p>In besonders gelagerten F\u00e4llen k\u00f6nnen Dritte ein Testament wirksam anfechten, um durch den Wegfall der letztwilligen Verf\u00fcgung einen Vorteil zu erlangen. Zumeist handelt es sich um \u00fcbergangene gesetzliche Erben.<\/p>\n<p>Dritte k\u00f6nnen ein Testament erst anfechten, sobald der Erblasser gestorben ist. In den komplexen Fragen einer Testamentsanfechtung nach dem Tod des Erblassers ist es von gro\u00dfem Vorteil, eine erfahrene Kanzlei hinzuzuziehen. Die spezialisierten Fachanw\u00e4lte f\u00fcr Erbrecht von Schneider Stein &amp; Partner stehen ihren Mandanten seit 1956 kompetent zur Seite.<\/p>\n<h2>Gr\u00fcnde der Testamentsanfechtung<\/h2>\n<p>Testamente werden grunds\u00e4tzlich mit dem Ziel angefochten, letztwillige Verf\u00fcgungen zu beseitigen, die durch widerrechtliche Drohung errichtet wurden oder deren Fassung auf einer Fehlvorstellung des Erblassers beruhen.<\/p>\n<h2>Wirkung der Testamentsanfechtung<\/h2>\n<p>Wurde ein Testament erfolgreich angefochten, wird die Erkl\u00e4rung des Erblassers beseitigt. Zu beachten ist, dass regelm\u00e4\u00dfig nicht etwa der vermutete tats\u00e4chliche Wille des Erblassers zum Tragen kommt. Vielmehr ist die rechtliche Situation dann, als h\u00e4tte das angefochtene Testament nie bestanden. So w\u00fcrde beispielsweise eine vorherige letztwillige Verf\u00fcgung wieder G\u00fcltigkeit erlangen.<\/p>\n<h2>\u201eTestament anfechten\u201c folgt auf \u201eTestament auslegen\u201c<\/h2>\n<p>Bevor ein Testament angefochten werden kann, ist genau zu pr\u00fcfen, ob die Gr\u00fcnde f\u00fcr eine Testamentsanfechtung nicht durch Auslegung des Testaments beseitigt werden k\u00f6nnen. Dabei kommt es grunds\u00e4tzlich nicht darauf an, wie der Leser des anzufechtenden Testaments es verstehen w\u00fcrde, sondern darauf, was der Erblasser tats\u00e4chlich wollte. Der Wortlaut ist dabei nur der Ausgangspunkt f\u00fcr die Auslegung, auch ein vermeintlich klarer Wortlaut ist auslegungsf\u00e4hig.<\/p>\n<\/div><\/div><\/div><\/div><\/div><\/div><\/section>\n","protected":false},"excerpt":{"rendered":"Contesting wills More often than is generally known, wills - including notarised wills - are successfully contested. We advise you, taking into account the legal and medical aspects, as to whether a challenge has any chance of success and accompany you through any necessary legal disputes. Our specialist lawyers for inheritance law in Hamburg and Kiel will carefully investigate any doubts. Contestation of a will by the testator...","protected":false},"author":1,"featured_media":0,"parent":70,"menu_order":0,"comment_status":"closed","ping_status":"closed","template":"","meta":{"footnotes":""},"class_list":["post-283","page","type-page","status-publish","hentry"],"_links":{"self":[{"href":"https:\/\/www.anwaelte-schneider-stein.de\/en\/wp-json\/wp\/v2\/pages\/283","targetHints":{"allow":["GET"]}}],"collection":[{"href":"https:\/\/www.anwaelte-schneider-stein.de\/en\/wp-json\/wp\/v2\/pages"}],"about":[{"href":"https:\/\/www.anwaelte-schneider-stein.de\/en\/wp-json\/wp\/v2\/types\/page"}],"author":[{"embeddable":true,"href":"https:\/\/www.anwaelte-schneider-stein.de\/en\/wp-json\/wp\/v2\/users\/1"}],"replies":[{"embeddable":true,"href":"https:\/\/www.anwaelte-schneider-stein.de\/en\/wp-json\/wp\/v2\/comments?post=283"}],"version-history":[{"count":0,"href":"https:\/\/www.anwaelte-schneider-stein.de\/en\/wp-json\/wp\/v2\/pages\/283\/revisions"}],"up":[{"embeddable":true,"href":"https:\/\/www.anwaelte-schneider-stein.de\/en\/wp-json\/wp\/v2\/pages\/70"}],"wp:attachment":[{"href":"https:\/\/www.anwaelte-schneider-stein.de\/en\/wp-json\/wp\/v2\/media?parent=283"}],"curies":[{"name":"wp","href":"https:\/\/api.w.org\/{rel}","templated":true}]}}