{"id":253,"date":"2018-01-30T13:46:16","date_gmt":"2018-01-30T12:46:16","guid":{"rendered":"https:\/\/www.anwaelte-schneider-stein.de\/?page_id=253"},"modified":"2020-08-28T21:26:39","modified_gmt":"2020-08-28T19:26:39","slug":"child-custody-proceedings","status":"publish","type":"page","link":"https:\/\/www.anwaelte-schneider-stein.de\/en\/familienrecht\/kindschaftsverfahren\/","title":{"rendered":"Child custody proceedings"},"content":{"rendered":"<section class=\"l-section wpb_row height_auto\"><div class=\"l-section-h i-cf\"><div class=\"g-cols vc_row via_grid cols_1 laptops-cols_inherit tablets-cols_inherit mobiles-cols_1 valign_top type_default stacking_default\"><div class=\"wpb_column vc_column_container\"><div class=\"vc_column-inner\"><div class=\"ult-content-box-container \" >\t\t<div class=\"ult-content-box\" style=\"background-image:url(&#039;&#039;);background-size: cover;background-repeat: repeat;background-position: center center;background-color: rgba(0, 0, 0, 0);box-shadow: px px px px none;min-height:0px;-webkit-transition: all 700ms ease;-moz-transition: all 700ms ease;-ms-transition: all 700ms ease;-o-transition: all 700ms ease;transition: all 700ms ease;\"  data-hover_box_shadow=\"none\"    >\n\t<div class=\"wpb_raw_code wpb_raw_html wpb_content_element us_custom_909b2fd0\" >\n\t\t<div class=\"wpb_wrapper\">\n\t\t\t\n\t\t\t<!-- START Kindschaftsverfahren REVOLUTION SLIDER 6.7.41 --><p class=\"rs-p-wp-fix\"><\/p>\n\t\t\t<rs-module-wrap id=\"rev_slider_27_1_wrapper\" data-source=\"gallery\" style=\"visibility:hidden;background:transparent;padding:0;margin:0px auto;margin-top:0;margin-bottom:0;\">\n\t\t\t\t<rs-module id=\"rev_slider_27_1\" style=\"\" data-version=\"6.7.41\">\n\t\t\t\t\t<rs-slides style=\"overflow: hidden; position: absolute;\">\n\t\t\t\t\t\t<rs-slide style=\"position: absolute;\" data-key=\"rs-29\" data-title=\"Slide\" data-anim=\"adpr:false;\" data-in=\"o:0;\" data-out=\"a:false;\">\n\t\t\t\t\t\t\t<img fetchpriority=\"high\" decoding=\"async\" src=\"\/\/www.anwaelte-schneider-stein.de\/wp-content\/plugins\/revslider\/sr6\/assets\/assets\/dummy.png\" alt=\"Vaterschaft\" title=\"Vaterschaft\" width=\"1240\" height=\"827\" class=\"rev-slidebg tp-rs-img rs-lazyload\" data-lazyload=\"\/\/www.anwaelte-schneider-stein.de\/wp-content\/uploads\/Vaterschaft_9203-1-min.jpg\" data-bg=\"p:0% 41%;\" data-parallax=\"off\" data-no-retina>\n<!--\n\t\t\t\t\t\t\t--><rs-layer\n\t\t\t\t\t\t\t\tid=\"slider-27-slide-29-layer-1\" \n\t\t\t\t\t\t\t\tclass=\"tp-shape tp-shapewrapper\"\n\t\t\t\t\t\t\t\tdata-type=\"shape\"\n\t\t\t\t\t\t\t\tdata-rsp_ch=\"on\"\n\t\t\t\t\t\t\t\tdata-xy=\"x:c;y:b;\"\n\t\t\t\t\t\t\t\tdata-text=\"fw:100;a:inherit;\"\n\t\t\t\t\t\t\t\tdata-dim=\"w:100%;h:10px;\"\n\t\t\t\t\t\t\t\tdata-frame_999=\"o:0;st:w;sR:8700;\"\n\t\t\t\t\t\t\t\tstyle=\"z-index:5;background-color:#ad011b;\"\n\t\t\t\t\t\t\t> \n\t\t\t\t\t\t\t<\/rs-layer><!--\n-->\t\t\t\t\t<\/rs-slide>\n\t\t\t\t\t<\/rs-slides>\n\t\t\t\t<\/rs-module>\n\t\t\t\t<script>\n\t\t\t\t\tsetREVStartSize({c: 'rev_slider_27_1',rl:[1240,1024,778,480],el:[600],gw:[1240],gh:[600],type:'hero',justify:'',layout:'fullwidth',mh:\"0\"});if (window.RS_MODULES!==undefined && window.RS_MODULES.modules!==undefined && window.RS_MODULES.modules[\"revslider271\"]!==undefined) {window.RS_MODULES.modules[\"revslider271\"].once = false;window.revapi27 = undefined;if (window.RS_MODULES.checkMinimal!==undefined) window.RS_MODULES.checkMinimal()}\n\t\t\t\t<\/script>\n\t\t\t<\/rs-module-wrap>\n\t\t\t<!-- END REVOLUTION SLIDER -->\n\n\t\t<\/div>\n\t<\/div>\n\t\t<\/div><\/div><\/div><\/div><\/div><\/div><\/section><!-- Row Backgrounds --><section class=\"l-section wpb_row height_small\"><div class=\"l-section-h i-cf\"><div class=\"g-cols vc_row via_grid cols_1 laptops-cols_inherit tablets-cols_inherit mobiles-cols_1 valign_top type_default stacking_default\"><div class=\"wpb_column vc_column_container\"><div class=\"vc_column-inner\"><div class=\"wpb_text_column\"><div class=\"wpb_wrapper\"><h1>Kindschaftsverfahren und Vaterschaft<\/h1>\n<p>Die rechtliche Vaterschaft zieht erhebliche Rechtsfolgen nach sich. Es ist daher auch f\u00fcr nicht mit der Mutter eines Kindes verheiratete V\u00e4ter sinnvoll, sich vor Anerkennung einer Vaterschaft beraten zu lassen. Die Fachanw\u00e4lte f\u00fcr Familienrecht der Kanzlei Schneider Stein &amp; Partner beraten bei Zweifeln an der Vaterschaft und er\u00f6rtern mit Ihnen, welche M\u00f6glichkeiten bestehen, die Vaterschaft kl\u00e4ren zu lassen.<\/p>\n<h2>Vaterschaft kraft Ehe mit der Mutter<\/h2>\n<p>Solange die Vaterschaft nicht in einem f\u00f6rmlichen Verfahren erfolgreich angefochten ist, stammt das in einer Ehe geborene Kind rechtlich vom Ehemann der Mutter ab. Diese gesetzliche Vermutung der Abstammung kann dazu f\u00fchren, dass eine gerichtliche Anfechtung der Abstammung ratsam ist, denn der Ehemann gilt selbst dann als Vater des Kindes, wenn die Ehegatten bereits l\u00e4ngere Zeit getrennt leben. Selbst bei offenkundiger Unm\u00f6glichkeit, beispielswiese infolge einer Unfruchtbarkeit des Ehemannes, stammt das in die Ehe geborene Kind vom Ehemann ab.<\/p>\n<p>Verstirbt der Ehemann vor der Geburt, erkennt das Gesetz dessen Vaterschaft w\u00e4hrend einer durchschnittlichen Empf\u00e4ngniszeit von 300 Tagen an. Wurde das Kind l\u00e4nger als 300 Tage getragen, kann auch dies zur Zuordnung der Vaterschaft zum Verstorbenen f\u00fchren.<\/p>\n<h2>Vaterschaft kraft Anerkennung<\/h2>\n<p>Ergibt sich die Vaterschaft nicht aus der Geburt in eine Ehe, wird Vater eines Kindes, wer die Vaterschaft anerkennt. Dieses kann, muss aber nicht mit der Vorstellung verbunden sein, auch der biologische Vater des Kindes zu sein. Unabh\u00e4ngig von den Beweggr\u00fcnden ergibt sich die Vaterschaft dann aus freiwilliger \u00dcbernahme des Mannes mit Zustimmung der Mutter. Aufgrund der hohen freiwilligen Anerkennungsquote, bedarf es in weniger als zehn Prozent der F\u00e4lle einer gerichtlichen Entscheidung.<\/p>\n<h2>Vaterschaftsanfechtung<\/h2>\n<p>Ist der die Vaterschaft Anerkennende biologisch nicht der Vater des Kindes, kann die Anerkennung u.U. angefochten werden. Beispielhaft f\u00fcr eine m\u00f6gliche Anfechtung der Anerkennung ist der Fall, dass mit der Anerkennung unlautere Absichten verfolgt werden oder eine T\u00e4uschung f\u00fcr die Anerkennung ma\u00dfgeblich war. Auch Willensm\u00e4ngel des Anerkennenden k\u00f6nnen zur Anfechtung der anerkannten Vaterschaft berechtigen.<\/p>\n<p>Die Vaterschaftsanfechtung setzt einen entsprechenden Antrag voraus, der an bestimmte Fristen gebunden ist.<\/p>\n<p>Eine rechtzeitige, unverz\u00fcgliche Beratung durch unsere Fachanw\u00e4lte f\u00fcr Familienrecht ist daher empfehlenswert, sobald sich Zweifel an der Abstammung ergeben.<\/p>\n<h2>Gerichtliche Feststellung der Vaterschaft<\/h2>\n<p>Kommt eine Vaterschaft durch die Geburt in eine Ehe oder durch Anerkennung nicht in Betracht, kann sie gerichtlich festgestellt werden. Eine gerichtlich festgestellte Vaterschaft kann nicht angefochten werden.<\/p>\n<h2>Unterhaltsleistungen vom biologischen Vater<\/h2>\n<p>Im Falle einer erfolgreichen Anfechtung der Vaterschaft besteht u.U. die M\u00f6glichkeit, den tats\u00e4chlichen biologischen Vater auf Erstattung von Unterhaltsleistungen an das Kind in Anspruch zu nehmen (sog. Scheinvaterregress). Wie es um die individuellen Aussichten eines Scheinvaterregresses steht, kl\u00e4ren unsere Rechtsanw\u00e4lte und Fachanw\u00e4lte f\u00fcr Familienrecht gern im pers\u00f6nlichen Gespr\u00e4ch mit Ihnen.<\/p>\n<\/div><\/div><\/div><\/div><\/div><\/div><\/section>\n","protected":false},"excerpt":{"rendered":"Child custody proceedings and paternity Legal paternity has considerable legal consequences. It is therefore also advisable for fathers who are not married to the mother of a child to seek advice before recognising paternity. The specialist family law solicitors at Schneider Stein &amp; Partner will advise you if you have any doubts about paternity and discuss with you what options are available...","protected":false},"author":1,"featured_media":0,"parent":68,"menu_order":0,"comment_status":"closed","ping_status":"closed","template":"","meta":{"footnotes":""},"class_list":["post-253","page","type-page","status-publish","hentry"],"_links":{"self":[{"href":"https:\/\/www.anwaelte-schneider-stein.de\/en\/wp-json\/wp\/v2\/pages\/253","targetHints":{"allow":["GET"]}}],"collection":[{"href":"https:\/\/www.anwaelte-schneider-stein.de\/en\/wp-json\/wp\/v2\/pages"}],"about":[{"href":"https:\/\/www.anwaelte-schneider-stein.de\/en\/wp-json\/wp\/v2\/types\/page"}],"author":[{"embeddable":true,"href":"https:\/\/www.anwaelte-schneider-stein.de\/en\/wp-json\/wp\/v2\/users\/1"}],"replies":[{"embeddable":true,"href":"https:\/\/www.anwaelte-schneider-stein.de\/en\/wp-json\/wp\/v2\/comments?post=253"}],"version-history":[{"count":0,"href":"https:\/\/www.anwaelte-schneider-stein.de\/en\/wp-json\/wp\/v2\/pages\/253\/revisions"}],"up":[{"embeddable":true,"href":"https:\/\/www.anwaelte-schneider-stein.de\/en\/wp-json\/wp\/v2\/pages\/68"}],"wp:attachment":[{"href":"https:\/\/www.anwaelte-schneider-stein.de\/en\/wp-json\/wp\/v2\/media?parent=253"}],"curies":[{"name":"wp","href":"https:\/\/api.w.org\/{rel}","templated":true}]}}