{"id":251,"date":"2018-01-30T13:45:51","date_gmt":"2018-01-30T12:45:51","guid":{"rendered":"https:\/\/www.anwaelte-schneider-stein.de\/?page_id=251"},"modified":"2020-08-28T17:12:59","modified_gmt":"2020-08-28T15:12:59","slug":"lawyer-access-law","status":"publish","type":"page","link":"https:\/\/www.anwaelte-schneider-stein.de\/en\/familienrecht\/anwalt-umgangsrecht\/","title":{"rendered":"Right of access"},"content":{"rendered":"<section class=\"l-section wpb_row height_auto\"><div class=\"l-section-h i-cf\"><div class=\"g-cols vc_row via_grid cols_1 laptops-cols_inherit tablets-cols_inherit mobiles-cols_1 valign_top type_default stacking_default\"><div class=\"wpb_column vc_column_container\"><div class=\"vc_column-inner\"><div class=\"ult-content-box-container \" >\t\t<div class=\"ult-content-box\" style=\"background-image:url(&#039;&#039;);background-size: cover;background-repeat: repeat;background-position: center center;background-color: rgba(0, 0, 0, 0);box-shadow: px px px px none;min-height:0px;-webkit-transition: all 700ms ease;-moz-transition: all 700ms ease;-ms-transition: all 700ms ease;-o-transition: all 700ms ease;transition: all 700ms ease;\"  data-hover_box_shadow=\"none\"    >\n\t<div class=\"wpb_raw_code wpb_raw_html wpb_content_element us_custom_909b2fd0\" >\n\t\t<div class=\"wpb_wrapper\">\n\t\t\t\n\t\t\t<!-- START Umgangsrecht REVOLUTION SLIDER 6.7.41 --><p class=\"rs-p-wp-fix\"><\/p>\n\t\t\t<rs-module-wrap id=\"rev_slider_25_1_wrapper\" data-source=\"gallery\" style=\"visibility:hidden;background:transparent;padding:0;margin:0px auto;margin-top:0;margin-bottom:0;\">\n\t\t\t\t<rs-module id=\"rev_slider_25_1\" style=\"\" data-version=\"6.7.41\">\n\t\t\t\t\t<rs-slides style=\"overflow: hidden; position: absolute;\">\n\t\t\t\t\t\t<rs-slide style=\"position: absolute;\" data-key=\"rs-27\" data-title=\"Slide\" data-anim=\"adpr:false;\" data-in=\"o:0;\" data-out=\"a:false;\">\n\t\t\t\t\t\t\t<img fetchpriority=\"high\" decoding=\"async\" src=\"\/\/www.anwaelte-schneider-stein.de\/wp-content\/plugins\/revslider\/sr6\/assets\/assets\/dummy.png\" alt=\"Anwalt Umgangsrecht\" title=\"Anwalt Umgangsrecht\" width=\"1240\" height=\"827\" class=\"rev-slidebg tp-rs-img rs-lazyload\" data-lazyload=\"\/\/www.anwaelte-schneider-stein.de\/wp-content\/uploads\/Anwalt_Umgangsrecht_9237-1-min.jpg\" data-parallax=\"off\" data-no-retina>\n<!--\n\t\t\t\t\t\t\t--><rs-layer\n\t\t\t\t\t\t\t\tid=\"slider-25-slide-27-layer-1\" \n\t\t\t\t\t\t\t\tclass=\"tp-shape tp-shapewrapper\"\n\t\t\t\t\t\t\t\tdata-type=\"shape\"\n\t\t\t\t\t\t\t\tdata-rsp_ch=\"on\"\n\t\t\t\t\t\t\t\tdata-xy=\"x:c;y:b;\"\n\t\t\t\t\t\t\t\tdata-text=\"fw:100;a:inherit;\"\n\t\t\t\t\t\t\t\tdata-dim=\"w:100%;h:10px;\"\n\t\t\t\t\t\t\t\tdata-frame_999=\"o:0;st:w;sR:8700;\"\n\t\t\t\t\t\t\t\tstyle=\"z-index:5;background-color:#ad011b;\"\n\t\t\t\t\t\t\t> \n\t\t\t\t\t\t\t<\/rs-layer><!--\n-->\t\t\t\t\t<\/rs-slide>\n\t\t\t\t\t<\/rs-slides>\n\t\t\t\t<\/rs-module>\n\t\t\t\t<script>\n\t\t\t\t\tsetREVStartSize({c: 'rev_slider_25_1',rl:[1240,1024,778,480],el:[600],gw:[1240],gh:[600],type:'hero',justify:'',layout:'fullwidth',mh:\"0\"});if (window.RS_MODULES!==undefined && window.RS_MODULES.modules!==undefined && window.RS_MODULES.modules[\"revslider251\"]!==undefined) {window.RS_MODULES.modules[\"revslider251\"].once = false;window.revapi25 = undefined;if (window.RS_MODULES.checkMinimal!==undefined) window.RS_MODULES.checkMinimal()}\n\t\t\t\t<\/script>\n\t\t\t<\/rs-module-wrap>\n\t\t\t<!-- END REVOLUTION SLIDER -->\n\n\t\t<\/div>\n\t<\/div>\n\t\t<\/div><\/div><\/div><\/div><\/div><\/div><\/section><!-- Row Backgrounds --><section class=\"l-section wpb_row height_small\"><div class=\"l-section-h i-cf\"><div class=\"g-cols vc_row via_grid cols_1 laptops-cols_inherit tablets-cols_inherit mobiles-cols_1 valign_top type_default stacking_default\"><div class=\"wpb_column vc_column_container\"><div class=\"vc_column-inner\"><div class=\"wpb_text_column\"><div class=\"wpb_wrapper\"><h1>Umgangsrecht<\/h1>\n<p>Die Gestaltung des Umgangsrechts und damit die Regelung der Kontakte zwischen Kindern und dem nicht betreuenden Elternteil ist sowohl f\u00fcr die Eltern als auch f\u00fcr die Kinder von sehr gro\u00dfer Wichtigkeit. Umgangsrecht und Umgangspflicht sind ein Begriffspaar.<\/p>\n<p>Die Fachanw\u00e4lte f\u00fcr Familienrecht in der Kanzlei Schneider Stein &amp; Partner bearbeiten zunehmend F\u00e4lle, in denen L\u00f6sungen abseits &#8222;klassischer&#8220; Modelle gesucht und gefunden werden. Entsprechend den Anforderungen auch der Arbeitswelt gewinnen flexible L\u00f6sungen einerseits und verschiedene Auspr\u00e4gungen des Wechselmodells andererseits immer mehr an Bedeutung. Wir bringen unsere Erfahrungen auf diesem Arbeitsfeld in die berufs\u00fcbergreifenden Diskussionen wegen einer Verbesserung der derzeitigen Praxis ein. Rechtsanw\u00e4lte und Fachanw\u00e4lte f\u00fcr Familienrecht der Kanzlei Schneider Stein &amp; Partner kennen und gestalten die derzeitige und k\u00fcnftige Handhabung von Umgangsrechtsf\u00e4llen und helfen Ihnen bei der Kl\u00e4rung Ihres Umgangsrechtsfalls.<\/p>\n<h2>Umfang des Umgangsrechts<\/h2>\n<p>Das Umgangsrecht umfasst den pers\u00f6nlichen Kontakt, aber beispielweise auch die Kontaktaufnahme \u00fcber Briefe, Telefon und E-Mail. Das Umgangsrecht ist unabh\u00e4ngig von der Personensorge zu betrachten. Die Aus\u00fcbung des Umgangs erfolgt grunds\u00e4tzlich unter Ausschluss des betreuenden Elternteils.<\/p>\n<h2>Pflichten der Elternteile<\/h2>\n<p>Kosten, die aus dem Gebrauch des Umgangsrechts bzw. der Aus\u00fcbung der Umgangsverpflichtung entstehen, z.B. Fahrtkosten, muss im Regelfall der umgangsberechtigte Elternteil tragen. Eine unterhaltsrechtliche Relevanz solcher Aufwendungen ist im Einzelfall zu pr\u00fcfen.<\/p>\n<p>Den anderen Elternteil treffen aber Mitwirkungspflichten bei der Realisierung der Kontakte, z.B. \u00dcbernahme der Fahrten zu Zug oder Flugzeug.<\/p>\n<h2>Umgangsrecht f\u00fcr Angeh\u00f6rige<\/h2>\n<p>Das Umgangsrecht f\u00fcr V\u00e4ter und M\u00fctter macht den Gro\u00dfteil der F\u00e4lle aus &#8211; in der Praxis gibt es aber auch Konflikte im Umfang von Stiefelternteilen, Gro\u00dfeltern oder Pflegeeltern mit einem Kind. Wir beraten und unterst\u00fctzen bei der Erarbeitung au\u00dfergerichtlicher Regelungen ebenso wie in gerichtlichen Umgangsrechtsverfahren. Soweit erforderlich ziehen unsere spezialisierten Fachanw\u00e4lte f\u00fcr Familienrecht auch erfahrene psychologische Sachverst\u00e4ndige hinzu, um zu einer optimalen L\u00f6sung zu kommen.<\/p>\n<h2>Detaillierte Regelungsm\u00f6glichkeit<\/h2>\n<p>F\u00fcr den Fall, dass eine gerichtliche Auseinandersetzung um das Umgangsrecht unvermeidlich ist, unterst\u00fctzen unsere Anw\u00e4lte f\u00fcr Umgangsrecht unsere Mandanten beim Jugendamt und vor dem Familiengericht. Das Gericht verf\u00fcgt \u00fcber einen weiten Bereich an Anordnungsm\u00f6glichkeiten. Um erneuten Streitigkeiten vorzubeugen, k\u00f6nnen detaillierte Regelungen angeordnet werden, aus denen sich die Modalit\u00e4ten des Umgangsrechts ergeben.<\/p>\n<p>In einem Beratungsgespr\u00e4ch mit den Fachanw\u00e4lten f\u00fcr Familienrecht wegen Umgangsregelungen unserer Kanzlei k\u00f6nnen wir mit Ihnen gemeinsam Vor\u00fcberlegungen treffen, wie u.a. die Art, Zeitpunkte und H\u00e4ufigkeit des Umgangs am besten gerichtlich festzulegen w\u00e4ren. Positionierungen der sonstigen Beteiligten und objektive Erkenntnisse zum Kind sind bei der Planung und Umsetzung der als richtig erkannten Regelungen von gro\u00dfer Bedeutung und m\u00fcssen ber\u00fccksichtigt werden.<\/p>\n<p>Eine bestehende gerichtliche Regelung des Umgangsrechts kann durch Antrag auch jederzeit wieder ge\u00e4ndert werden.<\/p>\n<\/div><\/div><\/div><\/div><\/div><\/div><\/section>\n","protected":false},"excerpt":{"rendered":"Rights of access The organisation of rights of access and thus the regulation of contact between children and the non-custodial parent is very important for both the parents and the children. Rights of access and the duty of access are a pair of terms. The specialist lawyers for family law at Schneider Stein &amp; Partner are increasingly dealing with cases in which solutions...","protected":false},"author":1,"featured_media":0,"parent":68,"menu_order":0,"comment_status":"closed","ping_status":"closed","template":"","meta":{"footnotes":""},"class_list":["post-251","page","type-page","status-publish","hentry"],"_links":{"self":[{"href":"https:\/\/www.anwaelte-schneider-stein.de\/en\/wp-json\/wp\/v2\/pages\/251","targetHints":{"allow":["GET"]}}],"collection":[{"href":"https:\/\/www.anwaelte-schneider-stein.de\/en\/wp-json\/wp\/v2\/pages"}],"about":[{"href":"https:\/\/www.anwaelte-schneider-stein.de\/en\/wp-json\/wp\/v2\/types\/page"}],"author":[{"embeddable":true,"href":"https:\/\/www.anwaelte-schneider-stein.de\/en\/wp-json\/wp\/v2\/users\/1"}],"replies":[{"embeddable":true,"href":"https:\/\/www.anwaelte-schneider-stein.de\/en\/wp-json\/wp\/v2\/comments?post=251"}],"version-history":[{"count":0,"href":"https:\/\/www.anwaelte-schneider-stein.de\/en\/wp-json\/wp\/v2\/pages\/251\/revisions"}],"up":[{"embeddable":true,"href":"https:\/\/www.anwaelte-schneider-stein.de\/en\/wp-json\/wp\/v2\/pages\/68"}],"wp:attachment":[{"href":"https:\/\/www.anwaelte-schneider-stein.de\/en\/wp-json\/wp\/v2\/media?parent=251"}],"curies":[{"name":"wp","href":"https:\/\/api.w.org\/{rel}","templated":true}]}}