{"id":250,"date":"2018-01-30T13:45:40","date_gmt":"2018-01-30T12:45:40","guid":{"rendered":"https:\/\/www.anwaelte-schneider-stein.de\/?page_id=250"},"modified":"2020-08-28T17:19:44","modified_gmt":"2020-08-28T15:19:44","slug":"lawyer-custody","status":"publish","type":"page","link":"https:\/\/www.anwaelte-schneider-stein.de\/en\/familienrecht\/anwalt-sorgerecht\/","title":{"rendered":"Custody"},"content":{"rendered":"<section class=\"l-section wpb_row height_auto\"><div class=\"l-section-h i-cf\"><div class=\"g-cols vc_row via_grid cols_1 laptops-cols_inherit tablets-cols_inherit mobiles-cols_1 valign_top type_default stacking_default\"><div class=\"wpb_column vc_column_container\"><div class=\"vc_column-inner\">\n\t<div class=\"wpb_raw_code wpb_raw_html wpb_content_element us_custom_909b2fd0\" >\n\t\t<div class=\"wpb_wrapper\">\n\t\t\t\n\t\t\t<!-- START News &amp; Presse REVOLUTION SLIDER 6.7.41 --><p class=\"rs-p-wp-fix\"><\/p>\n\t\t\t<rs-module-wrap id=\"rev_slider_36_1_wrapper\" data-source=\"gallery\" style=\"visibility:hidden;background:transparent;padding:0;margin:0px auto;margin-top:0;margin-bottom:0;\">\n\t\t\t\t<rs-module id=\"rev_slider_36_1\" style=\"\" data-version=\"6.7.41\">\n\t\t\t\t\t<rs-slides style=\"overflow: hidden; position: absolute;\">\n\t\t\t\t\t\t<rs-slide style=\"position: absolute;\" data-key=\"rs-38\" data-title=\"Slide\" data-anim=\"adpr:false;\" data-in=\"o:0;\" data-out=\"a:false;\">\n\t\t\t\t\t\t\t<img fetchpriority=\"high\" decoding=\"async\" src=\"\/\/www.anwaelte-schneider-stein.de\/wp-content\/plugins\/revslider\/sr6\/assets\/assets\/dummy.png\" alt=\"Anwalt Erbrecht\" title=\"Anwalt Erbrecht\" width=\"1240\" height=\"827\" class=\"rev-slidebg tp-rs-img rs-lazyload\" data-lazyload=\"\/\/www.anwaelte-schneider-stein.de\/wp-content\/uploads\/Anwalt_Erbrecht_9308-1-min.jpg\" data-bg=\"p:center bottom;\" data-parallax=\"off\" data-no-retina>\n<!--\n\t\t\t\t\t\t\t--><rs-layer\n\t\t\t\t\t\t\t\tid=\"slider-36-slide-38-layer-1\" \n\t\t\t\t\t\t\t\tclass=\"tp-shape tp-shapewrapper\"\n\t\t\t\t\t\t\t\tdata-type=\"shape\"\n\t\t\t\t\t\t\t\tdata-rsp_ch=\"on\"\n\t\t\t\t\t\t\t\tdata-xy=\"x:c;y:b;\"\n\t\t\t\t\t\t\t\tdata-text=\"fw:100;a:inherit;\"\n\t\t\t\t\t\t\t\tdata-dim=\"w:100%;h:10px;\"\n\t\t\t\t\t\t\t\tdata-frame_999=\"o:0;st:w;sR:8700;\"\n\t\t\t\t\t\t\t\tstyle=\"z-index:5;background-color:#4d4e56;\"\n\t\t\t\t\t\t\t> \n\t\t\t\t\t\t\t<\/rs-layer><!--\n-->\t\t\t\t\t<\/rs-slide>\n\t\t\t\t\t<\/rs-slides>\n\t\t\t\t<\/rs-module>\n\t\t\t\t<script>\n\t\t\t\t\tsetREVStartSize({c: 'rev_slider_36_1',rl:[1240,1024,778,480],el:[600],gw:[1240],gh:[600],type:'hero',justify:'',layout:'fullwidth',mh:\"0\"});if (window.RS_MODULES!==undefined && window.RS_MODULES.modules!==undefined && window.RS_MODULES.modules[\"revslider361\"]!==undefined) {window.RS_MODULES.modules[\"revslider361\"].once = false;window.revapi36 = undefined;if (window.RS_MODULES.checkMinimal!==undefined) window.RS_MODULES.checkMinimal()}\n\t\t\t\t<\/script>\n\t\t\t<\/rs-module-wrap>\n\t\t\t<!-- END REVOLUTION SLIDER -->\n\n\t\t<\/div>\n\t<\/div>\n<\/div><\/div><\/div><\/div><\/section><section class=\"l-section wpb_row height_small\"><div class=\"l-section-h i-cf\"><div class=\"g-cols vc_row via_grid cols_1 laptops-cols_inherit tablets-cols_inherit mobiles-cols_1 valign_top type_default stacking_default\"><div class=\"wpb_column vc_column_container\"><div class=\"vc_column-inner\"><div class=\"wpb_text_column\"><div class=\"wpb_wrapper\"><h1>Fachanw\u00e4lte f\u00fcr Familienrecht &#8211; Anw\u00e4lte f\u00fcr Sorgerecht<\/h1>\n<p>Die Rechtsanw\u00e4lte und Fachanw\u00e4lte f\u00fcr Familienrecht unserer Kanzlei beraten und unterst\u00fctzen Sie in allen Fragen, die das elterliche Sorgerecht und die Gestaltung der Betreuung der Kinder nach einer Trennung betreffen. Seit 1998 kommt es anl\u00e4sslich einer Scheidung nicht mehr automatisch zu einer Entscheidung \u00fcber die elterliche Sorge, sondern ein gemeinsames Sorgerecht bleibt zun\u00e4chst grunds\u00e4tzlich bestehen.<\/p>\n<h2>Interessen der Kinder<\/h2>\n<p>Bei einer Trennung der Eltern sind immer auch die Interessen der Kinder betroffen. In dieser Situation kann ein Kind diese Bed\u00fcrfnisse nur schwer mit den Umst\u00e4nden vereinbaren. Einerseits w\u00fcnscht es sich, die intensive Beziehung zu beiden Elternteilen zu erhalten. Auf der anderen Seite steht der Wunsch nach Konfliktfreiheit.<\/p>\n<p>Unsere Anw\u00e4lte f\u00fcr Sorgerecht erleben oft, dass Kinder &#8211; von allen Parteien ungewollt &#8211; Gegenstand der elterlichen Auseinandersetzung werden. Auf Seiten der Eltern sind jeweils die Angst schwindender Einflussnahme auf die Erziehung des Kindes und emotionaler Verbindung h\u00e4ufig die Ursachen, die hinter einer vordergr\u00fcndigen Sorgerechtsauseinandersetzung stehen.<\/p>\n<p>Die Beratung bei einem unserer Rechtsanw\u00e4lte bezieht gerade in diesem sensiblen Bereich die verschiedenen Modelle zum Sorge- und Umgangsrecht ein. Einige M\u00f6glichkeiten, die auch den Interessen des Kindes m\u00f6glichst gerecht werden, sind Mandanten oftmals gar nicht bewusst. Residenz-, Wechsel- oder Nestmodell sind Konzepte, die sich \u00fcber Jahre entwickelt haben und die in dieser herausfordernden Lage grunds\u00e4tzliche Orientierung geben.<\/p>\n<p>Die Fachanw\u00e4lte f\u00fcr Familienrecht der Kanzlei Schneider, Stein und Partner sind Ihre Anw\u00e4lte f\u00fcr Sorgerecht und helfen Ihnen weiter, wenn es darum geht, die rechtlich beste L\u00f6sung f\u00fcr die neue Lebenssituation von Ihnen und Ihren Kindern zu finden.<\/p>\n<h2>Das Sorgerecht bei unverheirateten Eltern<\/h2>\n<p>Auch f\u00fcr unverheiratete Eltern sind unsere Fachanw\u00e4lte f\u00fcr Familienrecht die richtigen Ansprechpartner, wenn es um die Gestaltung des Sorgerechts anl\u00e4sslich der Geburt eines gemeinsamen Kindes geht oder um Fragen der elterlichen Sorge bei einer Trennung. Sind die Eltern bei der Geburt des Kindes nicht miteinander verheiratet, so steht ihnen die Sorge nicht bereits kraft Gesetzes gemeinsam zu. Es gibt jedoch verschiedene Wege, das gemeinsame Sorgerecht oder das alleine Sorgerecht des Vaters herbeizuf\u00fchren. Andernfalls hat die Mutter die alleinige Sorge.<\/p>\n<\/div><\/div><\/div><\/div><\/div><\/div><\/section>\n","protected":false},"excerpt":{"rendered":"Specialist lawyers for family law - Lawyers for child custody The lawyers and specialist lawyers for family law at our law firm will advise and support you in all matters relating to parental custody and the organisation of childcare after a separation. Since 1998, a divorce no longer automatically leads to a decision on parental custody, but rather to a decision on the...","protected":false},"author":1,"featured_media":0,"parent":68,"menu_order":0,"comment_status":"closed","ping_status":"closed","template":"","meta":{"footnotes":""},"class_list":["post-250","page","type-page","status-publish","hentry"],"_links":{"self":[{"href":"https:\/\/www.anwaelte-schneider-stein.de\/en\/wp-json\/wp\/v2\/pages\/250","targetHints":{"allow":["GET"]}}],"collection":[{"href":"https:\/\/www.anwaelte-schneider-stein.de\/en\/wp-json\/wp\/v2\/pages"}],"about":[{"href":"https:\/\/www.anwaelte-schneider-stein.de\/en\/wp-json\/wp\/v2\/types\/page"}],"author":[{"embeddable":true,"href":"https:\/\/www.anwaelte-schneider-stein.de\/en\/wp-json\/wp\/v2\/users\/1"}],"replies":[{"embeddable":true,"href":"https:\/\/www.anwaelte-schneider-stein.de\/en\/wp-json\/wp\/v2\/comments?post=250"}],"version-history":[{"count":0,"href":"https:\/\/www.anwaelte-schneider-stein.de\/en\/wp-json\/wp\/v2\/pages\/250\/revisions"}],"up":[{"embeddable":true,"href":"https:\/\/www.anwaelte-schneider-stein.de\/en\/wp-json\/wp\/v2\/pages\/68"}],"wp:attachment":[{"href":"https:\/\/www.anwaelte-schneider-stein.de\/en\/wp-json\/wp\/v2\/media?parent=250"}],"curies":[{"name":"wp","href":"https:\/\/api.w.org\/{rel}","templated":true}]}}