{"id":249,"date":"2018-01-30T13:45:28","date_gmt":"2018-01-30T12:45:28","guid":{"rendered":"https:\/\/www.anwaelte-schneider-stein.de\/?page_id=249"},"modified":"2020-04-30T13:15:03","modified_gmt":"2020-04-30T11:15:03","slug":"pension-equalisation","status":"publish","type":"page","link":"https:\/\/www.anwaelte-schneider-stein.de\/en\/familienrecht\/versorgungsausgleich\/","title":{"rendered":"Pension equalisation"},"content":{"rendered":"<section class=\"l-section wpb_row height_auto\"><div class=\"l-section-h i-cf\"><div class=\"g-cols vc_row via_grid cols_1 laptops-cols_inherit tablets-cols_inherit mobiles-cols_1 valign_top type_default stacking_default\"><div class=\"wpb_column vc_column_container\"><div class=\"vc_column-inner\"><div class=\"ult-content-box-container \" >\t\t<div class=\"ult-content-box\" style=\"background-image:url(&#039;&#039;);background-size: cover;background-repeat: repeat;background-position: center center;background-color: rgba(0, 0, 0, 0);box-shadow: px px px px none;min-height:0px;-webkit-transition: all 700ms ease;-moz-transition: all 700ms ease;-ms-transition: all 700ms ease;-o-transition: all 700ms ease;transition: all 700ms ease;\"  data-hover_box_shadow=\"none\"    >\n\t<div class=\"wpb_raw_code wpb_raw_html wpb_content_element us_custom_909b2fd0\" >\n\t\t<div class=\"wpb_wrapper\">\n\t\t\t\n\t\t\t<!-- START Versorgungsausgleich REVOLUTION SLIDER 6.7.41 --><p class=\"rs-p-wp-fix\"><\/p>\n\t\t\t<rs-module-wrap id=\"rev_slider_23_1_wrapper\" data-source=\"gallery\" style=\"visibility:hidden;background:transparent;padding:0;margin:0px auto;margin-top:0;margin-bottom:0;\">\n\t\t\t\t<rs-module id=\"rev_slider_23_1\" style=\"\" data-version=\"6.7.41\">\n\t\t\t\t\t<rs-slides style=\"overflow: hidden; position: absolute;\">\n\t\t\t\t\t\t<rs-slide style=\"position: absolute;\" data-key=\"rs-25\" data-title=\"Slide\" data-anim=\"adpr:false;\" data-in=\"o:0;\" data-out=\"a:false;\">\n\t\t\t\t\t\t\t<img fetchpriority=\"high\" decoding=\"async\" src=\"\/\/www.anwaelte-schneider-stein.de\/wp-content\/plugins\/revslider\/sr6\/assets\/assets\/dummy.png\" alt=\"Versorgungsausgleich\" title=\"Versorgungsausgleich\" width=\"1240\" height=\"827\" class=\"rev-slidebg tp-rs-img rs-lazyload\" data-lazyload=\"\/\/www.anwaelte-schneider-stein.de\/wp-content\/uploads\/Versorgungsausgleich_9223-1-min.jpg\" data-bg=\"p:0% 60%;\" data-parallax=\"off\" data-no-retina>\n<!--\n\t\t\t\t\t\t\t--><rs-layer\n\t\t\t\t\t\t\t\tid=\"slider-23-slide-25-layer-1\" \n\t\t\t\t\t\t\t\tclass=\"tp-shape tp-shapewrapper\"\n\t\t\t\t\t\t\t\tdata-type=\"shape\"\n\t\t\t\t\t\t\t\tdata-rsp_ch=\"on\"\n\t\t\t\t\t\t\t\tdata-xy=\"x:c;y:b;\"\n\t\t\t\t\t\t\t\tdata-text=\"fw:100;a:inherit;\"\n\t\t\t\t\t\t\t\tdata-dim=\"w:100%;h:10px;\"\n\t\t\t\t\t\t\t\tdata-frame_999=\"o:0;st:w;sR:8700;\"\n\t\t\t\t\t\t\t\tstyle=\"z-index:5;background-color:#ad011b;\"\n\t\t\t\t\t\t\t> \n\t\t\t\t\t\t\t<\/rs-layer><!--\n-->\t\t\t\t\t<\/rs-slide>\n\t\t\t\t\t<\/rs-slides>\n\t\t\t\t<\/rs-module>\n\t\t\t\t<script>\n\t\t\t\t\tsetREVStartSize({c: 'rev_slider_23_1',rl:[1240,1024,778,480],el:[600],gw:[1240],gh:[600],type:'hero',justify:'',layout:'fullwidth',mh:\"0\"});if (window.RS_MODULES!==undefined && window.RS_MODULES.modules!==undefined && window.RS_MODULES.modules[\"revslider231\"]!==undefined) {window.RS_MODULES.modules[\"revslider231\"].once = false;window.revapi23 = undefined;if (window.RS_MODULES.checkMinimal!==undefined) window.RS_MODULES.checkMinimal()}\n\t\t\t\t<\/script>\n\t\t\t<\/rs-module-wrap>\n\t\t\t<!-- END REVOLUTION SLIDER -->\n\n\t\t<\/div>\n\t<\/div>\n\t\t<\/div><\/div><\/div><\/div><\/div><\/div><\/section><!-- Row Backgrounds --><section class=\"l-section wpb_row height_small\"><div class=\"l-section-h i-cf\"><div class=\"g-cols vc_row via_grid cols_1 laptops-cols_inherit tablets-cols_inherit mobiles-cols_1 valign_top type_default stacking_default\"><div class=\"wpb_column vc_column_container\"><div class=\"vc_column-inner\"><div class=\"wpb_text_column\"><div class=\"wpb_wrapper\"><h1>Versorgungsausgleich<\/h1>\n<p>Mit Versorgungsausgleich im Falle einer Scheidung sind Regelungen gemeint, die den Ausgleich von Anwartschaften, heute auch als Anrechte bezeichnet, wegen einer Versorgung im Alter oder wegen verminderter Erwerbsf\u00e4higkeit herbeif\u00fchren. Insbesondere die Basis f\u00fcr die Zahlung einer k\u00fcnftigen Altersrente ist in diesem Zusammenhang besonders wichtig.<\/p>\n<h2>Grundsatz des Versorgungsausgleichs bei einer Scheidung<\/h2>\n<p>Der Versorgungsausgleich infolge einer Scheidung folgt dem Grundsatz, dass die Ehepartner w\u00e4hrend der Ehe erwirtschaftete Versorgungsanwartschaften h\u00e4lftig beanspruchen k\u00f6nnen. Im Falle der Scheidung steht daher den Ehegatten grunds\u00e4tzlich ein Anspruch auf Ausgleich der Anrechte zu. Dies bezieht sich auf den Zeitraum zwischen dem Tag der Eheschlie\u00dfung und dem Tag der Zustellung eines Scheidungsantrags bei dem Antragsgegner. Nach Scheidung hat jeder Ehegatte eigene Leistungsanspr\u00fcche gegen die beteiligten Versorgungstr\u00e4ger. Von gro\u00dfer Bedeutung ist das f\u00fcr einen Ehegatten, der sich w\u00e4hrend der Ehe um die Betreuung der Kinder gek\u00fcmmert hat. Dieser Partner konnte h\u00e4ufig keine oder nur eine geminderte Versorgung schaffen. Komplexe Abgrenzungsfragen k\u00f6nnen sich beispielsweise im Zusammenhang mit Lebensversicherungen und Direktversicherungen ergeben. Auch (zeitweise) im Ausland t\u00e4tige Ehegatten bed\u00fcrfen wegen des Versorgungsausgleichs kompetenter Beratung durch einen Fachanwalt f\u00fcr Familienrecht. Diese Beratung kann gerade bei \u00e4lteren Betroffenen dazu f\u00fchren, dass der beratende Fachanwalt f\u00fcr Familienrecht von einer Ehescheidung abraten wird, da sich dieses schlussendlich nur als eine Entlastung des Rentenversicherers darstellte, weil umfassende Witwen- und Witwerrenten verloren gehen.<\/p>\n<h2>Versorgungsausgleich bei Eintritt in die Rente<\/h2>\n<p>H\u00e4ufig besteht aber auch beim Eintritt ins Rentenalter im Bereich des Versorgungsausgleichs weiterer Kl\u00e4rungsbedarf, beispielsweise, wenn ein Teil des Ausgleichs erst zu diesem Zeitpunkt durchgef\u00fchrt werden kann.<\/p>\n<h2>\u00c4nderungen in der Bewertung oder rechtliche Ver\u00e4nderungen<\/h2>\n<p>Die rechtliche Statuierung des Versorgungsausgleichs anl\u00e4sslich der Scheidung ist mehr als 40 Jahre alt. Die Methoden waren jedoch teils verfassungsrechtlich angreifbar, sodass der Gesetzgeber mit der Schaffung des Versorgungsausgleichsgesetzes eine grundlegende Reform vollzog.<\/p>\n<p>F\u00fcr Mandanten ist es wichtig zu wissen, dass \u00c4nderungen in der Bewertung von Anwartschaften oder rechtliche Ver\u00e4nderungen unter Umst\u00e4nden eine sp\u00e4tere \u00dcberpr\u00fcfung der urspr\u00fcnglichen Entscheidung zum Versorgungsausgleich notwendig machen. In vielen F\u00e4llen, in den Betriebsrenten beim Versorgungsausgleich einbezogen waren, kann sich ein Anspruch auf eine insgesamt neue Durchf\u00fchrung des Versorgungsausgleichs ergeben. Dieses zu beurteilen ist Aufgabe der Fachanw\u00e4lte f\u00fcr Familienrecht unserer Kanzlei.<\/p>\n<h2>Private Altersvorsorge<\/h2>\n<p>Die zunehmende Bedeutung der eigenen Absicherung im Alter und der Vielf\u00e4ltigkeit von Versorgungsmodellen bedingt, dass Verfahren zum Versorgungsausgleich bei der Scheidung sorgf\u00e4ltig und fachkundig begleitet werden sollten. Dies gilt auch nach Inkrafttreten des Versorgungsausgleichsgesetzes (VersorgungsausgleichsG).<\/p>\n<h2>Versorgungsausgleich und Vereinbarungen<\/h2>\n<p>Individuelle Vereinbarungen der Ehepartner \u00fcber den Versorgungsausgleich sind m\u00f6glich, m\u00fcssen aber sehr gut \u00fcberlegt werden. Insbesondere gilt es, Wechselwirkungen des Versorgungsausgleichs zum Zugewinnausgleich und zum Unterhaltsrecht zu erkennen und zu regeln. Au\u00dferdem m\u00fcssen Vereinbarungen der richterlichen \u00dcberpr\u00fcfung standhalten.<\/p>\n<p>Konkrete Fragen lassen sich in einem Beratungsgespr\u00e4ch mit den Rechtsanw\u00e4lten und Fachanw\u00e4lten f\u00fcr Familienrecht unserer Kanzlei kl\u00e4ren.<\/p>\n<\/div><\/div><\/div><\/div><\/div><\/div><\/section>\n","protected":false},"excerpt":{"rendered":"Pension equalisation Pension equalisation in the event of a divorce refers to regulations that bring about the equalisation of entitlements, also known today as entitlements, due to old-age provision or reduced earning capacity. The basis for the payment of a future retirement pension is particularly important in this context. Principle of pension rights equalisation in the event of divorce Pension rights equalisation as a result of...","protected":false},"author":1,"featured_media":0,"parent":68,"menu_order":0,"comment_status":"closed","ping_status":"closed","template":"","meta":{"footnotes":""},"class_list":["post-249","page","type-page","status-publish","hentry"],"_links":{"self":[{"href":"https:\/\/www.anwaelte-schneider-stein.de\/en\/wp-json\/wp\/v2\/pages\/249","targetHints":{"allow":["GET"]}}],"collection":[{"href":"https:\/\/www.anwaelte-schneider-stein.de\/en\/wp-json\/wp\/v2\/pages"}],"about":[{"href":"https:\/\/www.anwaelte-schneider-stein.de\/en\/wp-json\/wp\/v2\/types\/page"}],"author":[{"embeddable":true,"href":"https:\/\/www.anwaelte-schneider-stein.de\/en\/wp-json\/wp\/v2\/users\/1"}],"replies":[{"embeddable":true,"href":"https:\/\/www.anwaelte-schneider-stein.de\/en\/wp-json\/wp\/v2\/comments?post=249"}],"version-history":[{"count":0,"href":"https:\/\/www.anwaelte-schneider-stein.de\/en\/wp-json\/wp\/v2\/pages\/249\/revisions"}],"up":[{"embeddable":true,"href":"https:\/\/www.anwaelte-schneider-stein.de\/en\/wp-json\/wp\/v2\/pages\/68"}],"wp:attachment":[{"href":"https:\/\/www.anwaelte-schneider-stein.de\/en\/wp-json\/wp\/v2\/media?parent=249"}],"curies":[{"name":"wp","href":"https:\/\/api.w.org\/{rel}","templated":true}]}}