{"id":247,"date":"2018-01-30T13:45:01","date_gmt":"2018-01-30T12:45:01","guid":{"rendered":"https:\/\/www.anwaelte-schneider-stein.de\/?page_id=247"},"modified":"2020-08-28T17:10:11","modified_gmt":"2020-08-28T15:10:11","slug":"asset-management","status":"publish","type":"page","link":"https:\/\/www.anwaelte-schneider-stein.de\/en\/familienrecht\/vermoegensauseinandersetzung\/","title":{"rendered":"Property settlement"},"content":{"rendered":"<section class=\"l-section wpb_row height_auto\"><div class=\"l-section-h i-cf\"><div class=\"g-cols vc_row via_grid cols_1 laptops-cols_inherit tablets-cols_inherit mobiles-cols_1 valign_top type_default stacking_default\"><div class=\"wpb_column vc_column_container\"><div class=\"vc_column-inner\"><div class=\"ult-content-box-container \" >\t\t<div class=\"ult-content-box\" style=\"background-image:url(&#039;&#039;);background-size: cover;background-repeat: repeat;background-position: center center;background-color: rgba(0, 0, 0, 0);box-shadow: px px px px none;min-height:0px;-webkit-transition: all 700ms ease;-moz-transition: all 700ms ease;-ms-transition: all 700ms ease;-o-transition: all 700ms ease;transition: all 700ms ease;\"  data-hover_box_shadow=\"none\"    >\n\t<div class=\"wpb_raw_code wpb_raw_html wpb_content_element us_custom_909b2fd0\" >\n\t\t<div class=\"wpb_wrapper\">\n\t\t\t\n\t\t\t<!-- START Verm\u00f6gensauseinandersetzung REVOLUTION SLIDER 6.7.41 --><p class=\"rs-p-wp-fix\"><\/p>\n\t\t\t<rs-module-wrap id=\"rev_slider_21_1_wrapper\" data-source=\"gallery\" style=\"visibility:hidden;background:transparent;padding:0;margin:0px auto;margin-top:0;margin-bottom:0;\">\n\t\t\t\t<rs-module id=\"rev_slider_21_1\" style=\"\" data-version=\"6.7.41\">\n\t\t\t\t\t<rs-slides style=\"overflow: hidden; position: absolute;\">\n\t\t\t\t\t\t<rs-slide style=\"position: absolute;\" data-key=\"rs-23\" data-title=\"Slide\" data-anim=\"adpr:false;\" data-in=\"o:0;\" data-out=\"a:false;\">\n\t\t\t\t\t\t\t<img fetchpriority=\"high\" decoding=\"async\" src=\"\/\/www.anwaelte-schneider-stein.de\/wp-content\/plugins\/revslider\/sr6\/assets\/assets\/dummy.png\" alt=\"Zugewinnausgleich\" title=\"Zugewinnausgleich\" width=\"1240\" height=\"827\" class=\"rev-slidebg tp-rs-img rs-lazyload\" data-lazyload=\"\/\/www.anwaelte-schneider-stein.de\/wp-content\/uploads\/Zugewinnausgleich_9115-1-min.jpg\" data-bg=\"p:0% 60%;\" data-parallax=\"off\" data-no-retina>\n<!--\n\t\t\t\t\t\t\t--><rs-layer\n\t\t\t\t\t\t\t\tid=\"slider-21-slide-23-layer-1\" \n\t\t\t\t\t\t\t\tclass=\"tp-shape tp-shapewrapper\"\n\t\t\t\t\t\t\t\tdata-type=\"shape\"\n\t\t\t\t\t\t\t\tdata-rsp_ch=\"on\"\n\t\t\t\t\t\t\t\tdata-xy=\"x:c;y:b;\"\n\t\t\t\t\t\t\t\tdata-text=\"fw:100;a:inherit;\"\n\t\t\t\t\t\t\t\tdata-dim=\"w:100%;h:10px;\"\n\t\t\t\t\t\t\t\tdata-frame_999=\"o:0;st:w;sR:8700;\"\n\t\t\t\t\t\t\t\tstyle=\"z-index:5;background-color:#ad011b;\"\n\t\t\t\t\t\t\t> \n\t\t\t\t\t\t\t<\/rs-layer><!--\n-->\t\t\t\t\t<\/rs-slide>\n\t\t\t\t\t<\/rs-slides>\n\t\t\t\t<\/rs-module>\n\t\t\t\t<script>\n\t\t\t\t\tsetREVStartSize({c: 'rev_slider_21_1',rl:[1240,1024,778,480],el:[600],gw:[1240],gh:[600],type:'hero',justify:'',layout:'fullwidth',mh:\"0\"});if (window.RS_MODULES!==undefined && window.RS_MODULES.modules!==undefined && window.RS_MODULES.modules[\"revslider211\"]!==undefined) {window.RS_MODULES.modules[\"revslider211\"].once = false;window.revapi21 = undefined;if (window.RS_MODULES.checkMinimal!==undefined) window.RS_MODULES.checkMinimal()}\n\t\t\t\t<\/script>\n\t\t\t<\/rs-module-wrap>\n\t\t\t<!-- END REVOLUTION SLIDER -->\n\n\t\t<\/div>\n\t<\/div>\n\t\t<\/div><\/div><\/div><\/div><\/div><\/div><\/section><!-- Row Backgrounds --><section class=\"l-section wpb_row height_small\"><div class=\"l-section-h i-cf\"><div class=\"g-cols vc_row via_grid cols_1 laptops-cols_inherit tablets-cols_inherit mobiles-cols_1 valign_top type_default stacking_default\"><div class=\"wpb_column vc_column_container\"><div class=\"vc_column-inner\"><div class=\"wpb_text_column\"><div class=\"wpb_wrapper\"><h1>Verm\u00f6gensauseinandersetzung<\/h1>\n<p>Trennungen und Scheidungen haben f\u00fcr die Mandanten fast immer erhebliche wirtschaftliche Konsequenzen. Es stellen sich teilweise komplexe Fragen, z.B. nach Zugewinnausgleich, G\u00fctertrennung, Verm\u00f6gensauseinandersetzungen und die Auslegung ehevertraglicher Regelungen.<\/p>\n<p>Als Fachanw\u00e4lte f\u00fcr Familienrecht unterst\u00fctzen wir Sie bei der Auseinandersetzung gemeinschaftlicher Immobilien, Unternehmensbeteiligungen, Arztpraxen oder Praxen von Freiberuflern sowie Ihres sonstigen Verm\u00f6gens. Dabei werden auch steuerliche Gesichtspunkte ber\u00fccksichtigt.<\/p>\n<p>Mehrere unserer Rechtsanw\u00e4lte haben durch Ver\u00f6ffentlichungen in diesem Teilbereich des Familienrechts hohe Anerkennung in Fachkreisen erfahren.<\/p>\n<h2>Das eheliche G\u00fcterrecht<\/h2>\n<p>Das eheliche G\u00fcterrecht regelt die verm\u00f6gensrechtlichen Beziehungen unter Ehegatten. Allerdings sind nicht alle verm\u00f6gensrechtlichen Verbindungen unter Ehegatten g\u00fcterrechtlicher Natur.<\/p>\n<p>Wirkungen aufgrund des G\u00fcterstands (z.B. der Zugewinngemeinschaft) und eherechtliche Wirkungen, die ohne R\u00fccksicht auf das G\u00fcterstandsrechts eintreten (z.B. die Unterhaltspflicht), sind zu unterscheiden.<\/p>\n<p>Beispielsweise bei einer selbstst\u00e4ndigen T\u00e4tigkeit eines Partners k\u00f6nnen weitere verm\u00f6gensrechtliche Verflechtungen unter Ehepartnern existieren, ohne dass diese aus der ehelichen Rechtsbeziehung stammen. Zu nennen sind hier etwa Rechtsgesch\u00e4fte wie Arbeits- und Gesellschaftsvertr\u00e4ge.<\/p>\n<p>Unsere Fachanw\u00e4lte f\u00fcr Familienrecht kl\u00e4ren f\u00fcr Sie die komplizierten Rechtsbeziehungen und helfen Ihnen, Ihre Rechte zu wahren.<\/p>\n<h2>Zugewinnausgleich<\/h2>\n<p>Der Zugewinnausgleich folgt aus dem G\u00fcterstand der Zugewinngemeinschaft, der vom Gesetz als Regelfall vorgesehen ist. Der Zugewinnausgleich nach einer Scheidung findet somit immer dann statt, wenn die Ehegatten keinen anderen G\u00fcterstand vereinbart haben.<\/p>\n<p>F\u00fcr die Berechnung des Zugewinnausgleichs gilt im Grundsatz, dass jeder der Ehegatten gleicherma\u00dfen an dem durch gemeinsames Wirken erwirtschafteten Erfolg teilhaben soll. Die Kl\u00e4rung von Anspr\u00fcchen auf Zugewinnausgleich und die \u00dcberpr\u00fcfung ehevertraglicher Regelungen zum G\u00fcterstand geh\u00f6ren zu unserem Aufgabenbereich &#8211; obwohl es einfach klingt, handelt es sich um zumeist sehr schwierige Fragen, die durch versierte Fachanw\u00e4lte f\u00fcr Familienrecht gekl\u00e4rt werden sollten.<\/p>\n<h2>G\u00fctertrennung<\/h2>\n<p>Die G\u00fctertrennung bildet neben der G\u00fctergemeinschaft eine gesetzliche Alternative zur Zugewinngemeinschaft. Den Grundgedanken der G\u00fctertrennung kennzeichnet, dass die Ehe unabh\u00e4ngig von dem Verm\u00f6gen der Ehegatten sein soll. Die Verm\u00f6genssph\u00e4ren, also die jeweils in die Ehe mitgebrachten Verm\u00f6gen, bleiben getrennt. Genauso verh\u00e4lt es sich mit dem w\u00e4hrend der Ehe erworbenen Verm\u00f6gen und beispielweise der Haftung f\u00fcr Schulden. Ein Zugewinnausgleich findet bei der G\u00fctertrennung dementsprechend bei einer Aufl\u00f6sung der Ehe nicht statt.<\/p>\n<p>Unsere Kanzlei ber\u00e4t Mandanten und Kollegen bei der Wahl des G\u00fcterstandes u.a. vor dem Hintergrund von Immobilien-, Kapital- oder Betriebsverm\u00f6gen.<\/p>\n<\/div><\/div><\/div><\/div><\/div><\/div><\/section>\n","protected":false},"excerpt":{"rendered":"Property settlement Separations and divorces almost always have considerable economic consequences for clients. Complex questions sometimes arise, e.g. regarding equalisation of gains, separation of property, division of assets and the interpretation of marital agreements. As lawyers specialising in family law, we support you in the settlement of joint real estate, company shares, medical practices or practices of freelancers as well as your other assets. Tax issues are also taken into...","protected":false},"author":1,"featured_media":0,"parent":68,"menu_order":0,"comment_status":"closed","ping_status":"closed","template":"","meta":{"footnotes":""},"class_list":["post-247","page","type-page","status-publish","hentry"],"_links":{"self":[{"href":"https:\/\/www.anwaelte-schneider-stein.de\/en\/wp-json\/wp\/v2\/pages\/247","targetHints":{"allow":["GET"]}}],"collection":[{"href":"https:\/\/www.anwaelte-schneider-stein.de\/en\/wp-json\/wp\/v2\/pages"}],"about":[{"href":"https:\/\/www.anwaelte-schneider-stein.de\/en\/wp-json\/wp\/v2\/types\/page"}],"author":[{"embeddable":true,"href":"https:\/\/www.anwaelte-schneider-stein.de\/en\/wp-json\/wp\/v2\/users\/1"}],"replies":[{"embeddable":true,"href":"https:\/\/www.anwaelte-schneider-stein.de\/en\/wp-json\/wp\/v2\/comments?post=247"}],"version-history":[{"count":0,"href":"https:\/\/www.anwaelte-schneider-stein.de\/en\/wp-json\/wp\/v2\/pages\/247\/revisions"}],"up":[{"embeddable":true,"href":"https:\/\/www.anwaelte-schneider-stein.de\/en\/wp-json\/wp\/v2\/pages\/68"}],"wp:attachment":[{"href":"https:\/\/www.anwaelte-schneider-stein.de\/en\/wp-json\/wp\/v2\/media?parent=247"}],"curies":[{"name":"wp","href":"https:\/\/api.w.org\/{rel}","templated":true}]}}