{"id":246,"date":"2018-01-30T13:43:09","date_gmt":"2018-01-30T12:43:09","guid":{"rendered":"https:\/\/www.anwaelte-schneider-stein.de\/?page_id=246"},"modified":"2020-10-23T10:43:12","modified_gmt":"2020-10-23T08:43:12","slug":"marriage-contract","status":"publish","type":"page","link":"https:\/\/www.anwaelte-schneider-stein.de\/en\/familienrecht\/ehevertrag\/","title":{"rendered":"Marriage contract"},"content":{"rendered":"<section class=\"l-section wpb_row height_auto\"><div class=\"l-section-h i-cf\"><div class=\"g-cols vc_row via_grid cols_1 laptops-cols_inherit tablets-cols_inherit mobiles-cols_1 valign_top type_default stacking_default\"><div class=\"wpb_column vc_column_container\"><div class=\"vc_column-inner\"><div class=\"ult-content-box-container \" >\t\t<div class=\"ult-content-box\" style=\"background-image:url(&#039;&#039;);background-size: cover;background-repeat: repeat;background-position: center center;background-color: rgba(0, 0, 0, 0);box-shadow: px px px px none;min-height:0px;-webkit-transition: all 700ms ease;-moz-transition: all 700ms ease;-ms-transition: all 700ms ease;-o-transition: all 700ms ease;transition: all 700ms ease;\"  data-hover_box_shadow=\"none\"    >\n\t<div class=\"wpb_raw_code wpb_raw_html wpb_content_element us_custom_909b2fd0\" >\n\t\t<div class=\"wpb_wrapper\">\n\t\t\t\n\t\t\t<!-- START Ehevertrag REVOLUTION SLIDER 6.7.41 --><p class=\"rs-p-wp-fix\"><\/p>\n\t\t\t<rs-module-wrap id=\"rev_slider_19_1_wrapper\" data-source=\"gallery\" style=\"visibility:hidden;background:transparent;padding:0;margin:0px auto;margin-top:0;margin-bottom:0;\">\n\t\t\t\t<rs-module id=\"rev_slider_19_1\" style=\"\" data-version=\"6.7.41\">\n\t\t\t\t\t<rs-slides style=\"overflow: hidden; position: absolute;\">\n\t\t\t\t\t\t<rs-slide style=\"position: absolute;\" data-key=\"rs-21\" data-title=\"Slide\" data-anim=\"adpr:false;\" data-in=\"o:0;\" data-out=\"a:false;\">\n\t\t\t\t\t\t\t<img fetchpriority=\"high\" decoding=\"async\" src=\"\/\/www.anwaelte-schneider-stein.de\/wp-content\/plugins\/revslider\/sr6\/assets\/assets\/dummy.png\" alt=\"Ehevertrag\" title=\"Ehevertrag\" width=\"1240\" height=\"827\" class=\"rev-slidebg tp-rs-img rs-lazyload\" data-lazyload=\"\/\/www.anwaelte-schneider-stein.de\/wp-content\/uploads\/Ehevertrag_9303-1-min.jpg\" data-bg=\"p:center top;\" data-parallax=\"15\" data-panzoom=\"d:5000;ss:100;se:102;\" data-no-retina>\n<!--\n\t\t\t\t\t\t\t--><rs-layer\n\t\t\t\t\t\t\t\tid=\"slider-19-slide-21-layer-1\" \n\t\t\t\t\t\t\t\tclass=\"tp-shape tp-shapewrapper\"\n\t\t\t\t\t\t\t\tdata-type=\"shape\"\n\t\t\t\t\t\t\t\tdata-rsp_ch=\"on\"\n\t\t\t\t\t\t\t\tdata-xy=\"x:c;y:b;\"\n\t\t\t\t\t\t\t\tdata-text=\"fw:100;a:inherit;\"\n\t\t\t\t\t\t\t\tdata-dim=\"w:100%;h:10px;\"\n\t\t\t\t\t\t\t\tdata-frame_999=\"o:0;st:w;sR:8700;\"\n\t\t\t\t\t\t\t\tstyle=\"z-index:5;background-color:#ad011b;\"\n\t\t\t\t\t\t\t> \n\t\t\t\t\t\t\t<\/rs-layer><!--\n-->\t\t\t\t\t<\/rs-slide>\n\t\t\t\t\t<\/rs-slides>\n\t\t\t\t<\/rs-module>\n\t\t\t\t<script>\n\t\t\t\t\tsetREVStartSize({c: 'rev_slider_19_1',rl:[1240,1024,778,480],el:[600],gw:[1240],gh:[600],type:'hero',justify:'',layout:'fullwidth',mh:\"0\"});if (window.RS_MODULES!==undefined && window.RS_MODULES.modules!==undefined && window.RS_MODULES.modules[\"revslider191\"]!==undefined) {window.RS_MODULES.modules[\"revslider191\"].once = false;window.revapi19 = undefined;if (window.RS_MODULES.checkMinimal!==undefined) window.RS_MODULES.checkMinimal()}\n\t\t\t\t<\/script>\n\t\t\t<\/rs-module-wrap>\n\t\t\t<!-- END REVOLUTION SLIDER -->\n\n\t\t<\/div>\n\t<\/div>\n\t\t<\/div><\/div><\/div><\/div><\/div><\/div><\/section><!-- Row Backgrounds --><section class=\"l-section wpb_row height_small\"><div class=\"l-section-h i-cf\"><div class=\"g-cols vc_row via_grid cols_1 laptops-cols_inherit tablets-cols_inherit mobiles-cols_1 valign_top type_default stacking_default\"><div class=\"wpb_column vc_column_container\"><div class=\"vc_column-inner\"><div class=\"wpb_text_column\"><div class=\"wpb_wrapper\"><h1>Ehevertrag<\/h1>\n<p>Ehevertr\u00e4ge bieten f\u00fcr verheiratete Paare eine wirksame M\u00f6glichkeit, um Verm\u00f6gens- und Unterhaltsfragen f\u00fcr die Zukunft zu regeln.<\/p>\n<h2>Inhalt eines Ehevertrages<\/h2>\n<p>In einem Ehevertrag k\u00f6nnen Eheleute vielgestaltige Vereinbarungen treffen, die den Versorgungsausgleich, den nachehelichen Unterhalt, das Recht der Namensf\u00fchrung und das G\u00fcterrecht betreffen.<\/p>\n<h2>Vorteile eines Ehevertrages<\/h2>\n<p>Mit einem Ehevertrag setzen Sie an die Stelle unbestimmter gesetzlicher Regelungen Ihre eigenen Vorstellungen f\u00fcr Ihre Ehe, indem Sie dem unsteten Willen des Gesetzgebers Ihre eigenen Vorstellungen entgegensetzen.<\/p>\n<h2>F\u00fcr wen ist ein Ehevertrag sinnvoll?<\/h2>\n<p>Ein Ehevertrag bietet sich f\u00fcr k\u00fcnftige Eheleute an, um Streitigkeiten im Trennungsfall sowie unerw\u00fcnschte Folgen von Gesetzes\u00e4nderungen zu vermeiden. Doch auch w\u00e4hrend einer Ehe kann ein Ehevertrag geschlossen oder ge\u00e4ndert werden.<\/p>\n<p>Die Ausarbeitung derartiger <strong>Ehevertr\u00e4ge<\/strong>, die individuell nach den Bed\u00fcrfnissen der Mandanten gestaltet werden, geh\u00f6rt zur Praxis s\u00e4mtlicher bei uns t\u00e4tigen Anw\u00e4lte.<\/p>\n<h2>Gr\u00fcnde f\u00fcr einen Ehevertrag n\u00e4her betrachtet<\/h2>\n<p>Ein Ehevertrag gilt Vielen als wenig romantisch. Auch das vordringlichste Anliegen unserer Kanzlei besteht nicht darin, die Reputation des Ehevertrages in dieser Hinsicht zu st\u00e4rken. Vielmehr m\u00f6chten wir Ihnen nahebringen, warum ein Ehevertrag Sicherheit f\u00fcr beide Parteien bedeutet, denn gerade in diesem Punkt ist das Gesetz kein gutes Ruhekissen.<\/p>\n<h3>Gesetzliches Leitbild<\/h3>\n<p>Die gesetzlichen Regelungen zur Ehe sind weitgehend auf einen Fall zugeschnitten, den sich der Gesetzgeber als beispielgebend herausgegriffen hat. Dabei handelt es sich um zwei bislang ledige Menschen, die beide \u00fcber keinen Immobilienbesitz verf\u00fcgen und verf\u00fcgen werden. Sie nennen in etwa das gleiche Verm\u00f6gen ihr Eigen. Zudem planen beide, nach der Geburt eines Kindes bald wieder eine Vollzeitbesch\u00e4ftigung als sozialversicherungspflichtige Arbeitnehmer aufzunehmen, wie sie sie bereits zuvor ausge\u00fcbt haben.<\/p>\n<p>Tats\u00e4chlich erweist sich dieses Leitmotiv jedoch nur f\u00fcr eine kleine Teilmenge aller Ehen als zutreffend.<\/p>\n<h3>Die bestehende Ehe im politischen Wandel<\/h3>\n<p>Hinzu kommt, dass das Eherecht sich in einem dynamischen Wandel befindet, der neuen politischen Vorstellungen des Gesetzgebers Rechnung tr\u00e4gt. Vorausgesetzt, die Situation junger Eheleute entsprach vor zehn Jahren dem gesetzlichen Leitbild, so bedeutet das nicht, dass die rechtlichen Voraussetzungen f\u00fcr den Fall einer Trennung dieselben geblieben sind. Versorgungsanspr\u00fcche z.B. k\u00f6nnen sich mit kurzen Fristen f\u00fcr einen \u201eBestandsschutz\u201c grundlegend ge\u00e4ndert haben.<\/p>\n<h3>Ehevertrag im Interesse beider<\/h3>\n<p>Die Verh\u00e4ltnisse in einer Ehe, zumal wenn sie viele Jahre besteht, wandeln sich. Ziele der Partner ver\u00e4ndern sich ebenso wie der Verm\u00f6gensbestand, der sich nicht immer auf beiden Seiten gleicherma\u00dfen entwickelt. Diesen Gegebenheiten k\u00f6nnen Sie durch einen Ehevertrag Rechnung tragen. Sie gestalten in vielen Bereichen unabh\u00e4ngig, was Sie als Eheleute f\u00fcr richtig erachten.<\/p>\n<p>Aus diesem Grunde bieten wir Ihnen umfangreiche Beratung zu dem &#8211; vielleicht nur vordergr\u00fcndig wenig romantischen \u2013 Thema Ehevertr\u00e4ge an.<\/p>\n<h2>Grenzen von Ehevertr\u00e4gen<\/h2>\n<p>Grunds\u00e4tzlich gilt die Vertragsfreiheit, nach der es den Parteien frei steht, von den gesetzlichen Regelungen durch eigene Vereinbarungen abzuweichen. Zu beachten sind jedoch die Grenzen dieses Grundsatzes. Diese wurden von der Rechtsprechung entwickelt und sollen eine evident einseitige Lastenverteilung verhindern.<\/p>\n<p>Eine fundierte <strong>rechtsanwaltliche<\/strong> <strong>Beratung<\/strong> mit Blick auf die individuellen Verh\u00e4ltnisse der Mandanten ber\u00fccksichtigt in diesem Zusammenhang den <strong>Betreuungsunterhalt<\/strong>, den <strong>Krankheits- und Altersunterhalt<\/strong> sowie den <strong>Versorgungsausgleich<\/strong>, den <strong>Unterhalt wegen Erwerbslosigkeit<\/strong> und vieles mehr.<\/p>\n<\/div><\/div><\/div><\/div><\/div><\/div><\/section>\n","protected":false},"excerpt":{"rendered":"Marriage contract Marriage contracts offer married couples an effective way to regulate property and maintenance issues for the future. Content of a prenuptial agreement In a prenuptial agreement, spouses can make a variety of agreements concerning pension equalisation, post-marital maintenance, the right to bear a name and property law. Advantages of a prenuptial agreement With a prenuptial agreement, you replace indefinite...","protected":false},"author":1,"featured_media":0,"parent":68,"menu_order":0,"comment_status":"closed","ping_status":"closed","template":"","meta":{"footnotes":""},"class_list":["post-246","page","type-page","status-publish","hentry"],"_links":{"self":[{"href":"https:\/\/www.anwaelte-schneider-stein.de\/en\/wp-json\/wp\/v2\/pages\/246","targetHints":{"allow":["GET"]}}],"collection":[{"href":"https:\/\/www.anwaelte-schneider-stein.de\/en\/wp-json\/wp\/v2\/pages"}],"about":[{"href":"https:\/\/www.anwaelte-schneider-stein.de\/en\/wp-json\/wp\/v2\/types\/page"}],"author":[{"embeddable":true,"href":"https:\/\/www.anwaelte-schneider-stein.de\/en\/wp-json\/wp\/v2\/users\/1"}],"replies":[{"embeddable":true,"href":"https:\/\/www.anwaelte-schneider-stein.de\/en\/wp-json\/wp\/v2\/comments?post=246"}],"version-history":[{"count":0,"href":"https:\/\/www.anwaelte-schneider-stein.de\/en\/wp-json\/wp\/v2\/pages\/246\/revisions"}],"up":[{"embeddable":true,"href":"https:\/\/www.anwaelte-schneider-stein.de\/en\/wp-json\/wp\/v2\/pages\/68"}],"wp:attachment":[{"href":"https:\/\/www.anwaelte-schneider-stein.de\/en\/wp-json\/wp\/v2\/media?parent=246"}],"curies":[{"name":"wp","href":"https:\/\/api.w.org\/{rel}","templated":true}]}}