{"id":137,"date":"2017-12-28T02:09:09","date_gmt":"2017-12-28T01:09:09","guid":{"rendered":"https:\/\/www.anwaelte-schneider-stein.de\/?page_id=137"},"modified":"2025-07-28T12:27:05","modified_gmt":"2025-07-28T10:27:05","slug":"imprint-2","status":"publish","type":"page","link":"https:\/\/www.anwaelte-schneider-stein.de\/en\/impressum\/","title":{"rendered":"Imprint"},"content":{"rendered":"<section class=\"l-section wpb_row height_auto\"><div class=\"l-section-h i-cf\"><div class=\"g-cols vc_row via_grid cols_1 laptops-cols_inherit tablets-cols_inherit mobiles-cols_1 valign_top type_default stacking_default\"><div class=\"wpb_column vc_column_container\"><div class=\"vc_column-inner\">\n\t<div class=\"wpb_raw_code wpb_raw_html wpb_content_element us_custom_909b2fd0\" >\n\t\t<div class=\"wpb_wrapper\">\n\t\t\t\n\t\t\t<!-- START Impressum REVOLUTION SLIDER 6.7.41 --><p class=\"rs-p-wp-fix\"><\/p>\n\t\t\t<rs-module-wrap id=\"rev_slider_37_1_wrapper\" data-source=\"gallery\" style=\"visibility:hidden;background:transparent;padding:0;margin:0px auto;margin-top:0;margin-bottom:0;\">\n\t\t\t\t<rs-module id=\"rev_slider_37_1\" style=\"\" data-version=\"6.7.41\">\n\t\t\t\t\t<rs-slides style=\"overflow: hidden; position: absolute;\">\n\t\t\t\t\t\t<rs-slide style=\"position: absolute;\" data-key=\"rs-39\" data-title=\"Slide\" data-anim=\"adpr:false;\" data-in=\"o:0;\" data-out=\"a:false;\">\n\t\t\t\t\t\t\t<img fetchpriority=\"high\" decoding=\"async\" src=\"\/\/www.anwaelte-schneider-stein.de\/wp-content\/plugins\/revslider\/sr6\/assets\/assets\/dummy.png\" alt=\"Anwalt Familienrecht\" title=\"Anwalt Familienrecht\" width=\"1240\" height=\"827\" class=\"rev-slidebg tp-rs-img rs-lazyload\" data-lazyload=\"\/\/www.anwaelte-schneider-stein.de\/wp-content\/uploads\/Anwalt_Familienrecht_9470-1-min.jpg\" data-bg=\"p:center bottom;\" data-parallax=\"15\" data-panzoom=\"d:1000;ss:106;se:108;bs:5;\" data-no-retina>\n<!--\n\t\t\t\t\t\t\t--><rs-layer\n\t\t\t\t\t\t\t\tid=\"slider-37-slide-39-layer-1\" \n\t\t\t\t\t\t\t\tclass=\"tp-shape tp-shapewrapper\"\n\t\t\t\t\t\t\t\tdata-type=\"shape\"\n\t\t\t\t\t\t\t\tdata-rsp_ch=\"on\"\n\t\t\t\t\t\t\t\tdata-xy=\"x:c;y:b;\"\n\t\t\t\t\t\t\t\tdata-text=\"fw:100;a:inherit;\"\n\t\t\t\t\t\t\t\tdata-dim=\"w:100%;h:10px;\"\n\t\t\t\t\t\t\t\tdata-frame_999=\"o:0;st:w;sR:8700;\"\n\t\t\t\t\t\t\t\tstyle=\"z-index:5;background-color:#4d4e56;\"\n\t\t\t\t\t\t\t> \n\t\t\t\t\t\t\t<\/rs-layer><!--\n-->\t\t\t\t\t<\/rs-slide>\n\t\t\t\t\t<\/rs-slides>\n\t\t\t\t<\/rs-module>\n\t\t\t\t<script>\n\t\t\t\t\tsetREVStartSize({c: 'rev_slider_37_1',rl:[1240,1024,778,480],el:[600],gw:[1240],gh:[600],type:'hero',justify:'',layout:'fullwidth',mh:\"0\"});if (window.RS_MODULES!==undefined && window.RS_MODULES.modules!==undefined && window.RS_MODULES.modules[\"revslider371\"]!==undefined) {window.RS_MODULES.modules[\"revslider371\"].once = false;window.revapi37 = undefined;if (window.RS_MODULES.checkMinimal!==undefined) window.RS_MODULES.checkMinimal()}\n\t\t\t\t<\/script>\n\t\t\t<\/rs-module-wrap>\n\t\t\t<!-- END REVOLUTION SLIDER -->\n\n\t\t<\/div>\n\t<\/div>\n<\/div><\/div><\/div><\/div><\/section><section class=\"l-section wpb_row height_small\"><div class=\"l-section-h i-cf\"><div class=\"g-cols vc_row via_grid cols_1 laptops-cols_inherit tablets-cols_inherit mobiles-cols_1 valign_top type_default stacking_default\"><div class=\"wpb_column vc_column_container\"><div class=\"vc_column-inner\"><div class=\"wpb_text_column\"><div class=\"wpb_wrapper\"><h1>Impressum<\/h1>\n<p><strong>Rechtsanw\u00e4lte Schneider Stein &amp; Partner Partnerschaftsgesellschaft mbB<br \/>\n<\/strong><\/p>\n<p>Ansprechpartner Herr Rechtsanwalt J\u00f6rn Vinnen<br \/>\nAlter Steinweg 1<br \/>\n20459 Hamburg<\/p>\n<p>Telefon: (040) 35 74 72 0<br \/>\nTelefax: (040) 35 74 72 &#8211; 24<\/p>\n<p>Email:<br \/>\n<img decoding=\"async\" class=\"alignnone size-full wp-image-2013\" src=\"https:\/\/www.anwaelte-schneider-stein.de\/wp-content\/uploads\/online-at-anwaelte-schneider-stein.de_.jpg\" alt=\"\" width=\"306\" height=\"22\" srcset=\"https:\/\/www.anwaelte-schneider-stein.de\/wp-content\/uploads\/online-at-anwaelte-schneider-stein.de_.jpg 306w, https:\/\/www.anwaelte-schneider-stein.de\/wp-content\/uploads\/online-at-anwaelte-schneider-stein.de_-300x22.jpg 300w\" sizes=\"(max-width: 306px) 100vw, 306px\" \/><br \/>\nInternet:<br \/>\nwww.anwaelte-schneider-stein.de<\/p>\n<p>Partnerschaftsregister AG Hamburg Nr. 506<\/p>\n<p>USt-ID Nr. DE 118 930 530<\/p>\n<h2>B\u00fcro Kiel<\/h2>\n<p>D\u00e4nische Str. 24<br \/>\n24103 Kiel<\/p>\n<p>Telefon: (0431) 220 80 90<br \/>\nTelefax (0431) 220 80 91<\/p>\n<h2>Zust\u00e4ndige Aufsichtsbeh\u00f6rde:<\/h2>\n<p>Hanseatische Rechtsanwaltskammer<br \/>\nValentinskamp 88<br \/>\n20355 Hamburg<\/p>\n<p>Berufsbezeichnung: Rechtsanwalt<br \/>\nOrt der Verleihung: Bundesrepublik Deutschland<br \/>\nBerufsrechtliche Regelungen\/ Zug\u00e4nglichkeit<\/p>\n<h3>Es gelten folgende Geb\u00fchren- und Berufsordnungen:<\/h3>\n<ul>\n<li><a href=\"https:\/\/www.google.de\/url?sa=t&amp;rct=j&amp;q=&amp;esrc=s&amp;source=web&amp;cd=1&amp;cad=rja&amp;uact=8&amp;ved=0ahUKEwihsLLDru_ZAhWQUlAKHZ2KCxgQFgguMAA&amp;url=https%3A%2F%2Fwww.gesetze-im-internet.de%2Fbrao%2F&amp;usg=AOvVaw3qaH0mrMaSMCkPSycjwzZo\" target=\"_blank\" rel=\"noopener noreferrer\">BRAO (Bundesrechtsanwaltsordnung)<\/a><\/li>\n<li><a href=\"http:\/\/www.brak.de\/seiten\/06.php\" target=\"_blank\" rel=\"noopener noreferrer\">BORA (Berufsordnung f\u00fcr Rechtsanw\u00e4lte)<\/a><\/li>\n<li><a href=\"http:\/\/www.brak.de\/seiten\/06.php\" target=\"_blank\" rel=\"noopener noreferrer\">Fachanwaltsordnung<\/a><\/li>\n<li><a href=\"http:\/\/bundesrecht.juris.de\/bundesrecht\/index.html\" target=\"_blank\" rel=\"noopener noreferrer\">RVG (Rechtsanwaltsverg\u00fctungsgesetz)<\/a><\/li>\n<li><a href=\"http:\/\/bundesrecht.juris.de\/bundesrecht\/index.html\" target=\"_blank\" rel=\"noopener noreferrer\">BRAGO (Bundesgeb\u00fchrenordnung f\u00fcr Rechtsanw\u00e4lte)<\/a><\/li>\n<li><a href=\"http:\/\/www.brak.de\/seiten\/06.php\" target=\"_blank\" rel=\"noopener noreferrer\">Berufsregeln der Rechtsanw\u00e4lte der Europ\u00e4ischen Union<\/a><\/li>\n<li><a href=\"https:\/\/www.google.de\/url?sa=t&amp;rct=j&amp;q=&amp;esrc=s&amp;source=web&amp;cd=1&amp;cad=rja&amp;uact=8&amp;ved=0ahUKEwjxn6bTru_ZAhXOLVAKHdlJDaMQFgguMAA&amp;url=https%3A%2F%2Fwww.gesetze-im-internet.de%2Feurag%2Findex.html&amp;usg=AOvVaw0fpCxBj_HFyzhXyqIQ3XLp\" target=\"_blank\" rel=\"noopener noreferrer\">EuRAG (Gesetz \u00fcber die T\u00e4tigkeit europ\u00e4ischer Rechtsanw\u00e4lte in Deutschland)<\/a><\/li>\n<\/ul>\n<h3>Berufshaftpflichtversicherung:<\/h3>\n<p>R+V Allgemeine Versicherung AG<br \/>\nTaunusstr. 1<br \/>\n65193 Wiesbaden<\/p>\n<p>Telefon 0611 533-0<\/p>\n<p>R\u00e4umlicher Geltungsbereich: im gesamten EU-Gebiet<\/p>\n<p>Rechtsanw\u00e4lte in Partnerschaftsgesellschaft mbB sind aufgrund der Bundesrechtsanwaltsordnung verpflichtet, eine Berufshaftpflichtversicherung mit einer Mindestversicherungssumme von EUR 2.500.000,00 zu unterhalten. Die Einzelheiten ergeben sich aus \u00a7 51 BRAO.<\/p>\n<p>Weitere Informationen unter: <a href=\"http:\/\/www.brak.de\" target=\"_blank\" rel=\"noopener\">www.brak.de<\/a><\/p>\n<p>F\u00fcr verm\u00f6gensrechtliche Streitigkeiten aus dem Mandantsverh\u00e4ltnis ist die Schlichtungsstelle der Rechtsanwaltschaft, Neue Gr\u00fcnstra\u00dfe 17, 10179 Berlin, <a href=\"http:\/\/s-d-r.org\" target=\"_blank\" rel=\"noopener noreferrer\">s-d-r.org<\/a> zust\u00e4ndig.<\/p>\n<h2>Haftungshinweis:<\/h2>\n<p>Trotz sorgf\u00e4ltiger inhaltlicher Kontrolle \u00fcbernehmen wir keine Haftung f\u00fcr die Inhalte externer Links. F\u00fcr den Inhalt der verlinkten Seiten sind ausschlie\u00dflich deren Betreiber verantwortlich.<\/p>\n<\/div><\/div><\/div><\/div><\/div><\/div><\/section>\n","protected":false},"excerpt":{"rendered":"Imprint Rechtsanw\u00e4lte Schneider Stein &amp; Partner Partnerschaftsgesellschaft mbB Contact Mr J\u00f6rn Vinnen Alter Steinweg 1 20459 Hamburg Phone: (040) 35 74 72 0 Fax: (040) 35 74 72 - 24 Email: Internet: www.anwaelte-schneider-stein.de Partnerschaftsregister AG Hamburg Nr. 506 USt-ID Nr. DE 118 930 530 Office Kiel D\u00e4nische Str. 24 24103 Kiel Phone: (0431) 220...","protected":false},"author":1,"featured_media":0,"parent":0,"menu_order":0,"comment_status":"closed","ping_status":"closed","template":"","meta":{"footnotes":""},"class_list":["post-137","page","type-page","status-publish","hentry"],"_links":{"self":[{"href":"https:\/\/www.anwaelte-schneider-stein.de\/en\/wp-json\/wp\/v2\/pages\/137","targetHints":{"allow":["GET"]}}],"collection":[{"href":"https:\/\/www.anwaelte-schneider-stein.de\/en\/wp-json\/wp\/v2\/pages"}],"about":[{"href":"https:\/\/www.anwaelte-schneider-stein.de\/en\/wp-json\/wp\/v2\/types\/page"}],"author":[{"embeddable":true,"href":"https:\/\/www.anwaelte-schneider-stein.de\/en\/wp-json\/wp\/v2\/users\/1"}],"replies":[{"embeddable":true,"href":"https:\/\/www.anwaelte-schneider-stein.de\/en\/wp-json\/wp\/v2\/comments?post=137"}],"version-history":[{"count":0,"href":"https:\/\/www.anwaelte-schneider-stein.de\/en\/wp-json\/wp\/v2\/pages\/137\/revisions"}],"wp:attachment":[{"href":"https:\/\/www.anwaelte-schneider-stein.de\/en\/wp-json\/wp\/v2\/media?parent=137"}],"curies":[{"name":"wp","href":"https:\/\/api.w.org\/{rel}","templated":true}]}}