{"id":13,"date":"2017-12-19T17:52:54","date_gmt":"2017-12-19T16:52:54","guid":{"rendered":"https:\/\/www.anwaelte-schneider-stein.de\/?page_id=13"},"modified":"2024-11-03T19:09:44","modified_gmt":"2024-11-03T18:09:44","slug":"home-page","status":"publish","type":"page","link":"https:\/\/www.anwaelte-schneider-stein.de\/en\/","title":{"rendered":"Home page"},"content":{"rendered":"<section class=\"l-section wpb_row height_auto width_full\"><div class=\"l-section-h i-cf\"><div class=\"g-cols vc_row via_grid cols_1 laptops-cols_inherit tablets-cols_inherit mobiles-cols_1 valign_top type_default stacking_default\"><div class=\"wpb_column vc_column_container\"><div class=\"vc_column-inner\">\n\t\t\t<!-- START Startseite REVOLUTION SLIDER 6.7.41 --><p class=\"rs-p-wp-fix\"><\/p>\n\t\t\t<rs-module-wrap id=\"rev_slider_1_1_wrapper\" data-source=\"gallery\" style=\"visibility:hidden;background:rgba(14,19,65,0);padding:0;margin:0px auto;margin-top:0;margin-bottom:0;\">\n\t\t\t\t<rs-module id=\"rev_slider_1_1\" style=\"\" data-version=\"6.7.41\">\n\t\t\t\t\t<rs-slides style=\"overflow: hidden; position: absolute;\">\n\t\t\t\t\t\t<rs-slide style=\"position: absolute;\" data-key=\"rs-4\" data-title=\"Willkommen\" data-anim=\"adpr:false;\" data-in=\"o:0;\" data-out=\"a:false;\">\n\t\t\t\t\t\t\t<img fetchpriority=\"high\" decoding=\"async\" src=\"\/\/www.anwaelte-schneider-stein.de\/wp-content\/plugins\/revslider\/sr6\/assets\/assets\/dummy.png\" alt=\"Rechtsanwalt Famlienrecht Hamburg\" title=\"Schneider Stein &#038; Partner\" width=\"1240\" height=\"690\" class=\"rev-slidebg tp-rs-img rs-lazyload\" data-lazyload=\"\/\/www.anwaelte-schneider-stein.de\/wp-content\/uploads\/Familienrecht-Erbrecht-min.jpg\" data-bg=\"p:center bottom;\" data-parallax=\"off\" data-no-retina>\n<!---->\t\t\t\t\t<\/rs-slide>\n\t\t\t\t\t<\/rs-slides>\n\t\t\t\t<\/rs-module>\n\t\t\t\t<script>\n\t\t\t\t\tsetREVStartSize({c: 'rev_slider_1_1',rl:[1240,1024,778,480],el:[700,580,439,270],gw:[1240,1024,778,480],gh:[700,580,439,270],type:'hero',justify:'',layout:'fullwidth',mh:\"0\"});if (window.RS_MODULES!==undefined && window.RS_MODULES.modules!==undefined && window.RS_MODULES.modules[\"revslider11\"]!==undefined) {window.RS_MODULES.modules[\"revslider11\"].once = false;window.revapi1 = undefined;if (window.RS_MODULES.checkMinimal!==undefined) window.RS_MODULES.checkMinimal()}\n\t\t\t\t<\/script>\n\t\t\t<\/rs-module-wrap>\n\t\t\t<!-- END REVOLUTION SLIDER -->\n<\/div><\/div><\/div><\/div><\/section><!-- Row Backgrounds --><div class=\"upb_color\" data-bg-override=\"0\" data-bg-color=\"#ffffff\" data-fadeout=\"\" data-fadeout-percentage=\"30\" data-parallax-content=\"\" data-parallax-content-sense=\"30\" data-row-effect-mobile-disable=\"true\" data-img-parallax-mobile-disable=\"true\" data-rtl=\"false\"  data-custom-vc-row=\"\"  data-vc=\"8.7.2\"  data-is_old_vc=\"\"  data-theme-support=\"\"   data-overlay=\"false\" data-overlay-color=\"\" data-overlay-pattern=\"\" data-overlay-pattern-opacity=\"\" data-overlay-pattern-size=\"\"    ><\/div><section class=\"l-section wpb_row height_auto\"><div class=\"l-section-h i-cf\"><div class=\"g-cols vc_row via_grid cols_1 laptops-cols_inherit tablets-cols_inherit mobiles-cols_1 valign_top type_default stacking_default\"><div class=\"wpb_column vc_column_container us_custom_9dc5eed9\"><div class=\"vc_column-inner\"><div class=\"g-cols wpb_row via_grid cols_1 laptops-cols_inherit tablets-cols_inherit mobiles-cols_1 valign_top type_default stacking_default\" style=\"--columns-gap:3rem;\"><div class=\"wpb_column vc_column_container\"><div class=\"vc_column-inner\"><div class=\"wpb_text_column\"><div class=\"wpb_wrapper\"><h1 style=\"text-align: center;\">Rechtsanw\u00e4lte Schneider Stein &amp; Partner<\/h1>\n<h2 style=\"text-align: center;\">Ihre Anwaltskanzlei f\u00fcr Familien- und Erbrecht in Hamburg und Kiel<\/h2>\n<\/div><\/div><\/div><\/div><\/div><div class=\"w-separator size_custom\" style=\"height:64px\"><\/div><div class=\"g-cols wpb_row via_grid cols_3 laptops-cols_inherit tablets-cols_inherit mobiles-cols_1 valign_top type_default stacking_default\" style=\"--columns-gap:3rem;\"><div class=\"wpb_column vc_column_container\"><div class=\"vc_column-inner\"><\/div><\/div><div class=\"wpb_column vc_column_container\"><div class=\"vc_column-inner\">\n\t<div class=\"wpb_raw_code wpb_raw_html wpb_content_element us_custom_909b2fd0\" >\n\t\t<div class=\"wpb_wrapper\">\n\t\t\t<script type=\"text\/javascript\" src=\"https:\/\/www.ra-micro-online.de\/OnlineMandat\/button\"><\/script> <script type=\"text\/javascript\" id=\"757c81ac-24a5-5ee9-f08a-19fd0618b229\">RAMOMI.createButtonCode(\"29773928-cc91-4084-81e7-cf435b6b6fb8\", \"01\", document.getElementById(\"757c81ac-24a5-5ee9-f08a-19fd0618b229\"),\"https:\/\/www.ra-micro-online.de\/OnlineMandat\"); <\/script>\n\t\t<\/div>\n\t<\/div>\n<\/div><\/div><div class=\"wpb_column vc_column_container\"><div class=\"vc_column-inner\"><\/div><\/div><\/div><div class=\"w-separator size_medium with_line width_default thick_2 style_solid color_border align_center\"><div class=\"w-separator-h\"><\/div><\/div><div class=\"wpb_text_column\"><div class=\"wpb_wrapper\"><p>Eine Scheidung oder ein Streit ums Erbe bedeutet eine gro\u00dfe emotionale Belastung, sie zerschneidet nicht nur Familien, sondern beinhaltet in rechtlicher und wirtschaftlicher Hinsicht viele Unklarheiten und Risiken.<\/p>\n<p>Mit <a href=\"\/erbrecht\/\">erbrechtlichen<\/a> und <a href=\"\/familienrecht\/\">familienrechtlichen<\/a> Problemen, z.B. in Bezug auf <a href=\"\/familienrecht\/anwalt-unterhaltsrecht\/\">Unterhalt<\/a>, <a href=\"\/familienrecht\/vermoegensauseinandersetzung\/\">Zugewinnausgleich<\/a>, <a href=\"\/familienrecht\/versorgungsausgleich\/\">Versorgungsausgleich<\/a>, <a href=\"\/erbrecht\/pflichtteilsrecht\/\">Pflichtteil <\/a>und <a href=\"\/erbrecht\/testamentserrichtung-und-vorsorge\/\">Testierf\u00e4higkeit<\/a> besch\u00e4ftigen sich die <a href=\"\/rechtsanwaelte\/\">Fachanw\u00e4lte<\/a> f\u00fcr Familienrecht und der Fachanw\u00e4lte f\u00fcr Erbrecht unserer Kanzlei tagt\u00e4glich. In au\u00dfergerichtlichen Verhandlungen und in gerichtlichen Verfahren setzen wir auf konsequente Durchsetzung der Rechte unserer Mandanten.<\/p>\n<p>Wir bieten Ihnen aber auch die M\u00f6glichkeit zu einer <a href=\"\/mediation-familienrecht-erbrecht\/\">Mediation<\/a>, durch die im Rahmen einer au\u00dfergerichtlichen Einigung eine einvernehmliche Konfliktl\u00f6sung gefunden werden soll. Mit Unterst\u00fctzung eines Mediators werden die Parteien in ihren F\u00e4higkeiten gest\u00e4rkt, eigenst\u00e4ndig eine f\u00fcr alle Seiten vorteilhafte Regelung zu finden. Die Mediatoren der Kanzlei zeichnen sich aus durch Empathie, Authentizit\u00e4t, Wertsch\u00e4tzung der Konfliktparteien und systemisches Denken. Besonders bei einer Trennung, von der auch Kinder betroffen sind, ist es von Vorteil, eine m\u00f6glichst einvernehmliche Regelung in Bezug auf Sorgerecht und Umgangsrecht zu finden.<\/p>\n<p>Und auch bei erbrechtlichen Konflikten (z.B. <a href=\"\/erbrecht\/erbauseinandersetzung\/\">Erbauseinandersetzung<\/a>, <a href=\"\/erbrecht\/pflichtteilsrecht\/\">Pflichtteil<\/a> oder <a href=\"\/erbrecht\/testamentsanfechtung\/\">Testamentsanfechtung<\/a>) kann eine au\u00dfergerichtliche Streitbeilegung viele Vorteile haben und allen Beteiligten viel Geld, Zeit und psychologische Belastung ersparen<\/p>\n<p><a href=\"\/familienrecht\/adoption\/\">Adoptionen<\/a>, die Gestaltung eines <a href=\"\/familienrecht\/ehevertrag\/\">Ehevertrages<\/a> oder eine <a href=\"\/erbrecht\/testamentserrichtung-und-vorsorge\/\">Testamentserrichtung<\/a> geh\u00f6ren zu unseren T\u00e4tigkeitsfeldern. Im Bedarfsfall kooperieren wir gern mit externen Fachleuten wie Wirtschaftspr\u00fcfern, Steuerberatern, Notaren und anderen Beratern unserer Mandanten.<\/p>\n<\/div><\/div><div class=\"w-btn-wrapper align_left\"><a class=\"w-btn us-btn-style_1 us_custom_f73f4019 icon_atleft\" href=\"https:\/\/regio-experten.de\/popup\/regioexpertepopup.php?regioID=3937 _blank\" target=\"_blank\" rel=\"noopener\"><i class=\"fas fa-film\"><\/i><span class=\"w-btn-label\">Gewinnen Sie einen Eindruck von uns<\/span><\/a><\/div><div class=\"w-separator size_custom\" style=\"height:16px\"><\/div><div class=\"wpb_text_column\"><div class=\"wpb_wrapper\"><p><a href=\"\/kontakt\">Kontaktieren Sie hier unsere Kanzlei f\u00fcr weitere Informationen.<\/a><\/p>\n<\/div><\/div><\/div><\/div><\/div><\/div><\/section>\n","protected":false},"excerpt":{"rendered":"Rechtsanw\u00e4lte Schneider Stein &amp; Partner Your law firm for family and inheritance law in Hamburg and Kiel A divorce or a dispute over inheritance is a great emotional burden, it not only cuts families apart, but also involves many legal and economic uncertainties and risks. With inheritance and family law problems, e.g. in relation to maintenance, equalisation of gains, pension equalisation,...","protected":false},"author":1,"featured_media":0,"parent":0,"menu_order":0,"comment_status":"closed","ping_status":"closed","template":"","meta":{"footnotes":""},"class_list":["post-13","page","type-page","status-publish","hentry"],"_links":{"self":[{"href":"https:\/\/www.anwaelte-schneider-stein.de\/en\/wp-json\/wp\/v2\/pages\/13","targetHints":{"allow":["GET"]}}],"collection":[{"href":"https:\/\/www.anwaelte-schneider-stein.de\/en\/wp-json\/wp\/v2\/pages"}],"about":[{"href":"https:\/\/www.anwaelte-schneider-stein.de\/en\/wp-json\/wp\/v2\/types\/page"}],"author":[{"embeddable":true,"href":"https:\/\/www.anwaelte-schneider-stein.de\/en\/wp-json\/wp\/v2\/users\/1"}],"replies":[{"embeddable":true,"href":"https:\/\/www.anwaelte-schneider-stein.de\/en\/wp-json\/wp\/v2\/comments?post=13"}],"version-history":[{"count":0,"href":"https:\/\/www.anwaelte-schneider-stein.de\/en\/wp-json\/wp\/v2\/pages\/13\/revisions"}],"wp:attachment":[{"href":"https:\/\/www.anwaelte-schneider-stein.de\/en\/wp-json\/wp\/v2\/media?parent=13"}],"curies":[{"name":"wp","href":"https:\/\/api.w.org\/{rel}","templated":true}]}}